{"id":161228,"date":"2025-12-19T01:36:36","date_gmt":"2025-12-18T22:36:36","guid":{"rendered":"https:\/\/baldumarket.lt\/product\/manami-k2d3s-komoda-2d3s-cremona\/"},"modified":"2026-02-08T11:44:26","modified_gmt":"2026-02-08T08:44:26","slug":"manami-k2d3s-komoda-2d3s-cremona","status":"publish","type":"product","link":"https:\/\/baldumarket.lt\/lt\/product\/manami-k2d3s-komoda-2d3s-cremona\/","title":{"rendered":"Manami K2D3S \u2013 2D3S Cremona komoda"},"content":{"rendered":"<p>Atraskite elegancij\u0105 ir funkcionalum\u0105, kur\u012f apjungia \u2019Manami K2D3S\u201c komoda. Jos modernus dizainas Kremonoje puikiai dera su naujausiomis interjero dizaino tendencijomis, suteikdamas j\u016bs\u0173 kambariui unikal\u0173 charakter\u012f. Subtilios, minimalistin\u0117s detal\u0117s ir be ranken\u0117li\u0173 fasad\u0173 sistema paver\u010dia komod\u0105 ne tik baldu, bet ir stilingu akcentu bet kuriame interjere. Apgalvotas komodos dizainas leid\u017eia sumaniai valdyti erdv\u0119. Su trimis prakti\u0161kais stal\u010diais ir dviem erdviomis dokument\u0173 spintel\u0117mis ji puikiai tinka biurui ar svetainei. Patogus daikt\u0173 laikymas tampa nat\u016braliu dalyku, o organizavimo poreikis \u012fgauna nauj\u0173 galimybi\u0173. Laminuota plok\u0161t\u0117, naudojama fasadams ir korpusui, u\u017etikrina patvarum\u0105 ir atsparum\u0105 pa\u017eeidimams, tod\u0117l \u201eManami\u201c komoda ilgai tarnaus kaip d\u017eiaugsmas. Jos matmenys (plotis 138 cm, auk\u0161tis 87 cm ir gylis 40 cm) puikiai tinka tiek ma\u017eoms, tiek didesn\u0117ms erdv\u0117ms. D\u0117l grak\u0161taus silueto ir harmoning\u0173 proporcij\u0173 j\u0105 galima lengvai integruoti \u012f esamus i\u0161d\u0117stymus, sukuriant esteti\u0161k\u0105 ir funkcional\u0173 akcent\u0105 j\u016bs\u0173 interjere.<\/p>","protected":false},"excerpt":{"rendered":"<p>Plotis (cm): 138<br \/>\n\u016agis (cm): 87<br \/>\nGylis (cm): 40<\/p>","protected":false},"featured_media":161229,"comment_status":"open","ping_status":"open","template":"","meta":[],"product_brand":[],"product_cat":[9454,1173,4106],"product_tag":[],"class_list":{"0":"post-161228","1":"product","2":"type-product","3":"status-publish","4":"has-post-thumbnail","6":"product_cat-furniture-system-manami-gala-meble","7":"product_cat-chests-of-drawers","8":"product_cat-gala-meble","10":"first","11":"instock","12":"purchasable","13":"product-type-simple"},"_links":{"self":[{"href":"https:\/\/baldumarket.lt\/lt\/wp-json\/wp\/v2\/product\/161228","targetHints":{"allow":["GET"]}}],"collection":[{"href":"https:\/\/baldumarket.lt\/lt\/wp-json\/wp\/v2\/product"}],"about":[{"href":"https:\/\/baldumarket.lt\/lt\/wp-json\/wp\/v2\/types\/product"}],"replies":[{"embeddable":true,"href":"https:\/\/baldumarket.lt\/lt\/wp-json\/wp\/v2\/comments?post=161228"}],"wp:featuredmedia":[{"embeddable":true,"href":"https:\/\/baldumarket.lt\/lt\/wp-json\/wp\/v2\/media\/161229"}],"wp:attachment":[{"href":"https:\/\/baldumarket.lt\/lt\/wp-json\/wp\/v2\/media?parent=161228"}],"wp:term":[{"taxonomy":"product_brand","embeddable":true,"href":"https:\/\/baldumarket.lt\/lt\/wp-json\/wp\/v2\/product_brand?post=161228"},{"taxonomy":"product_cat","embeddable":true,"href":"https:\/\/baldumarket.lt\/lt\/wp-json\/wp\/v2\/product_cat?post=161228"},{"taxonomy":"product_tag","embeddable":true,"href":"https:\/\/baldumarket.lt\/lt\/wp-json\/wp\/v2\/product_tag?post=161228"}],"curies":[{"name":"wp","href":"https:\/\/api.w.org\/{rel}","templated":true}]}}