{"id":161223,"date":"2025-12-19T01:36:27","date_gmt":"2025-12-18T22:36:27","guid":{"rendered":"https:\/\/baldumarket.lt\/product\/manami-k3d3s-komoda-3d3s-cremona\/"},"modified":"2026-02-08T11:44:26","modified_gmt":"2026-02-08T08:44:26","slug":"manami-k3d3s-komoda-3d3s-cremona","status":"publish","type":"product","link":"https:\/\/baldumarket.lt\/lt\/product\/manami-k3d3s-komoda-3d3s-cremona\/","title":{"rendered":"Manami K3D3S \u2013 3D3S Cremona komoda"},"content":{"rendered":"<p>Atraskite \u201eManami K3D3S\u201c komod\u0105, kuri pavers j\u016bs\u0173 interjer\u0105 eleganti\u0161ka ir funkcionalia erdve. \u0160is Kremonos spalvos baldas, pasi\u017eymintis puikiu stiliaus ir prakti\u0161kumo deriniu, traukia ak\u012f savo moderniu, minimalistiniu dizainu. Subtilios linijos ir atidarymo sistema be \u012franki\u0173 paver\u010dia j\u012f puikiu pasirinkimu tiems, kurie vertina paprastum\u0105 ir modernius sprendimus. 138 cm plo\u010dio, 87 cm auk\u0161\u010dio ir 40 cm gylio komoda skirta \u0161eimoms, kurioms reikia papildomos vietos daiktams susid\u0117ti. Trys prakti\u0161ki stal\u010diai ir dvi erdvios spintel\u0117s pad\u0117s susitvarkyti j\u016bs\u0173 daiktus ir suteiks esteti\u0161k\u0105 i\u0161vaizd\u0105. Su \u0161iuo baldu kiekvienas daiktas ras savo viet\u0105 ir sukurs harmoning\u0105 \u012fsp\u016bd\u012f j\u016bs\u0173 namuose. Pagaminta i\u0161 auk\u0161tos kokyb\u0117s laminuotos plok\u0161t\u0117s, \u201eManami K3D3S\u201c komoda yra atspari pa\u017eeidimams, tod\u0117l yra patvari ir lengvai valoma. Kremonos spalvos fasadas puikiai dera prie modernaus interjero ir suteikia erdvei jauki\u0105 atmosfer\u0105. Komoda bus gra\u017eus akcentas svetain\u0117je, miegamajame ir prie\u0161kambaryje.<\/p>","protected":false},"excerpt":{"rendered":"<p>Plotis (cm): 138<br \/>\n\u016agis (cm): 87<br \/>\nGylis (cm): 40<\/p>","protected":false},"featured_media":161224,"comment_status":"open","ping_status":"open","template":"","meta":[],"product_brand":[],"product_cat":[9454,1173,4106],"product_tag":[],"class_list":{"0":"post-161223","1":"product","2":"type-product","3":"status-publish","4":"has-post-thumbnail","6":"product_cat-furniture-system-manami-gala-meble","7":"product_cat-chests-of-drawers","8":"product_cat-gala-meble","10":"first","11":"instock","12":"purchasable","13":"product-type-simple"},"_links":{"self":[{"href":"https:\/\/baldumarket.lt\/lt\/wp-json\/wp\/v2\/product\/161223","targetHints":{"allow":["GET"]}}],"collection":[{"href":"https:\/\/baldumarket.lt\/lt\/wp-json\/wp\/v2\/product"}],"about":[{"href":"https:\/\/baldumarket.lt\/lt\/wp-json\/wp\/v2\/types\/product"}],"replies":[{"embeddable":true,"href":"https:\/\/baldumarket.lt\/lt\/wp-json\/wp\/v2\/comments?post=161223"}],"wp:featuredmedia":[{"embeddable":true,"href":"https:\/\/baldumarket.lt\/lt\/wp-json\/wp\/v2\/media\/161224"}],"wp:attachment":[{"href":"https:\/\/baldumarket.lt\/lt\/wp-json\/wp\/v2\/media?parent=161223"}],"wp:term":[{"taxonomy":"product_brand","embeddable":true,"href":"https:\/\/baldumarket.lt\/lt\/wp-json\/wp\/v2\/product_brand?post=161223"},{"taxonomy":"product_cat","embeddable":true,"href":"https:\/\/baldumarket.lt\/lt\/wp-json\/wp\/v2\/product_cat?post=161223"},{"taxonomy":"product_tag","embeddable":true,"href":"https:\/\/baldumarket.lt\/lt\/wp-json\/wp\/v2\/product_tag?post=161223"}],"curies":[{"name":"wp","href":"https:\/\/api.w.org\/{rel}","templated":true}]}}