{"id":161216,"date":"2025-12-19T01:36:12","date_gmt":"2025-12-18T22:36:12","guid":{"rendered":"https:\/\/baldumarket.lt\/product\/manami-k3s-komoda-3-szuflady-cremona\/"},"modified":"2026-02-08T11:44:26","modified_gmt":"2026-02-08T08:44:26","slug":"manami-k3s-komoda-3-szuflady-cremona","status":"publish","type":"product","link":"https:\/\/baldumarket.lt\/lt\/product\/manami-k3s-komoda-3-szuflady-cremona\/","title":{"rendered":"Manami K3S &#8211; Cremona komoda su 3 stal\u010diais"},"content":{"rendered":"<p>Atraskite naujausi\u0105 \u201eManami K3S\u201c model\u012f \u2013 komod\u0105, kuri puikiai derina elegancij\u0105 ir funkcionalum\u0105. Unikali \u201eCremona\u201c spalva, suteikianti interjerui \u0161ilumos ir jaukumo, paver\u010dia j\u0105 j\u016bs\u0173 svetain\u0117s ar miegamojo \u0161irdimi. D\u0117l minimalistinio dizaino be ranken\u0117li\u0173 \u0161i komoda puikiai dera su \u0161iuolaikin\u0117mis tendencijomis, suteikdama bet kokiam kambariui lengvumo ir patrauklumo. Sukurta galvojant apie kasdien\u012f naudojim\u0105, \u201eManami K3S\u201c komoda turi tris erdvius stal\u010dius, leid\u017eian\u010dius efektyviai laikyti \u012fvairius daiktus. Prakti\u0161kos savyb\u0117s virsta funkcionalumu, o \u012fmontuotos novatori\u0161kos rutulini\u0173 guoli\u0173 b\u0117gel\u0117s u\u017etikrina skland\u0173 ir tyl\u0173 atidarym\u0105 \u2013 tai, k\u0105 tikrai \u012fvertinsite kasdieniame gyvenime. Tai puiki vieta viskam, k\u0105 norite tur\u0117ti po ranka \u2013 nuo staltiesi\u0173 iki knyg\u0173. Pagaminta i\u0161 auk\u0161tos kokyb\u0117s laminuotos plok\u0161t\u0117s, komoda yra ne tik vizualiai patraukli, bet ir atspari pa\u017eeidimams, tod\u0117l puikiai tinka \u0161eimoms su vaikais ir augintiniais. \u0160is patikimas baldas pasi\u017eymi patvarumu, u\u017etikrinan\u010diu ilgalaik\u012f naudojim\u0105, o patraukli i\u0161vaizda kartu su funkcionalumu paver\u010dia j\u012f nepakei\u010diamu bet kokio interjero elementu.<\/p>","protected":false},"excerpt":{"rendered":"<p>Plotis (cm): 92<br \/>\n\u016agis (cm): 87<br \/>\nGylis (cm): 40<\/p>","protected":false},"featured_media":161217,"comment_status":"open","ping_status":"open","template":"","meta":[],"product_brand":[],"product_cat":[9454,1173,4106],"product_tag":[],"class_list":{"0":"post-161216","1":"product","2":"type-product","3":"status-publish","4":"has-post-thumbnail","6":"product_cat-furniture-system-manami-gala-meble","7":"product_cat-chests-of-drawers","8":"product_cat-gala-meble","10":"first","11":"instock","12":"purchasable","13":"product-type-simple"},"_links":{"self":[{"href":"https:\/\/baldumarket.lt\/lt\/wp-json\/wp\/v2\/product\/161216","targetHints":{"allow":["GET"]}}],"collection":[{"href":"https:\/\/baldumarket.lt\/lt\/wp-json\/wp\/v2\/product"}],"about":[{"href":"https:\/\/baldumarket.lt\/lt\/wp-json\/wp\/v2\/types\/product"}],"replies":[{"embeddable":true,"href":"https:\/\/baldumarket.lt\/lt\/wp-json\/wp\/v2\/comments?post=161216"}],"wp:featuredmedia":[{"embeddable":true,"href":"https:\/\/baldumarket.lt\/lt\/wp-json\/wp\/v2\/media\/161217"}],"wp:attachment":[{"href":"https:\/\/baldumarket.lt\/lt\/wp-json\/wp\/v2\/media?parent=161216"}],"wp:term":[{"taxonomy":"product_brand","embeddable":true,"href":"https:\/\/baldumarket.lt\/lt\/wp-json\/wp\/v2\/product_brand?post=161216"},{"taxonomy":"product_cat","embeddable":true,"href":"https:\/\/baldumarket.lt\/lt\/wp-json\/wp\/v2\/product_cat?post=161216"},{"taxonomy":"product_tag","embeddable":true,"href":"https:\/\/baldumarket.lt\/lt\/wp-json\/wp\/v2\/product_tag?post=161216"}],"curies":[{"name":"wp","href":"https:\/\/api.w.org\/{rel}","templated":true}]}}