{"id":161211,"date":"2025-12-19T01:36:02","date_gmt":"2025-12-18T22:36:02","guid":{"rendered":"https:\/\/baldumarket.lt\/product\/manami-k3sw-komoda-waska-3-szuflady-cremona\/"},"modified":"2026-02-08T11:44:26","modified_gmt":"2026-02-08T08:44:26","slug":"manami-k3sw-komoda-waska-3-szuflady-cremona","status":"publish","type":"product","link":"https:\/\/baldumarket.lt\/lt\/product\/manami-k3sw-komoda-waska-3-szuflady-cremona\/","title":{"rendered":"Manami K3SW &#8211; Siaura komoda su 3 stal\u010diais, Cremona"},"content":{"rendered":"<p>Atraskite elegancij\u0105 ir modernum\u0105 savo interjere su \u201eManami K3SW\u201c komoda \u2013 i\u0161skirtiniu stiliumi ir funkcionalumu pasi\u017eymin\u010diu dizainu. D\u0117l plono silueto, vos 47 cm plo\u010dio, ji puikiai tinka ma\u017eesn\u0117ms erdv\u0117ms, tokioms kaip prie\u0161kambaris, miegamasis ar biuras. \u201eCremona\u201c spalva suteikia jai \u0161ilt\u0105 ir jauk\u0173 charakter\u012f, kuris skland\u017eiai dera su \u012fvairiais interjero dizainais. Kai stilius susitinka su prakti\u0161kumu, sukuriama ka\u017ekas ypatingo. \u0160i komoda sukurta galvojant apie maksimal\u0173 patogum\u0105 \u2013 trys erdv\u016bs stal\u010diai suteikia daug vietos daiktams susid\u0117ti, tod\u0117l galite tvarkingai laikyti visus savo daiktus. Be to, novatori\u0161ka sistema be ranken\u0117li\u0173 ir kampuoti fasadai leid\u017eia ja naudotis ir patogiai, ir esteti\u0161kai. Pagaminta i\u0161 laminuotos plok\u0161t\u0117s, \u201eManami K3SW\u201c komoda pasi\u017eymi ne tik eleganti\u0161ka i\u0161vaizda, bet ir dideliu atsparumu pa\u017eeidimams, u\u017etikrinan\u010diu jos patvarum\u0105 ir ilgaam\u017ei\u0161kum\u0105. Nam\u0173 surinkimas tampa malonumu, o \u0161iuolaiki\u0161kas dizainas prisitaiko prie j\u016bs\u0173 gyvenimo b\u016bdo.<\/p>","protected":false},"excerpt":{"rendered":"<p>Plotis (cm): 47<br \/>\n\u016agis (cm): 87<br \/>\nGylis (cm): 40<\/p>","protected":false},"featured_media":161212,"comment_status":"open","ping_status":"open","template":"","meta":[],"product_brand":[],"product_cat":[9454,1173,4106],"product_tag":[],"class_list":{"0":"post-161211","1":"product","2":"type-product","3":"status-publish","4":"has-post-thumbnail","6":"product_cat-furniture-system-manami-gala-meble","7":"product_cat-chests-of-drawers","8":"product_cat-gala-meble","10":"first","11":"instock","12":"purchasable","13":"product-type-simple"},"_links":{"self":[{"href":"https:\/\/baldumarket.lt\/lt\/wp-json\/wp\/v2\/product\/161211","targetHints":{"allow":["GET"]}}],"collection":[{"href":"https:\/\/baldumarket.lt\/lt\/wp-json\/wp\/v2\/product"}],"about":[{"href":"https:\/\/baldumarket.lt\/lt\/wp-json\/wp\/v2\/types\/product"}],"replies":[{"embeddable":true,"href":"https:\/\/baldumarket.lt\/lt\/wp-json\/wp\/v2\/comments?post=161211"}],"wp:featuredmedia":[{"embeddable":true,"href":"https:\/\/baldumarket.lt\/lt\/wp-json\/wp\/v2\/media\/161212"}],"wp:attachment":[{"href":"https:\/\/baldumarket.lt\/lt\/wp-json\/wp\/v2\/media?parent=161211"}],"wp:term":[{"taxonomy":"product_brand","embeddable":true,"href":"https:\/\/baldumarket.lt\/lt\/wp-json\/wp\/v2\/product_brand?post=161211"},{"taxonomy":"product_cat","embeddable":true,"href":"https:\/\/baldumarket.lt\/lt\/wp-json\/wp\/v2\/product_cat?post=161211"},{"taxonomy":"product_tag","embeddable":true,"href":"https:\/\/baldumarket.lt\/lt\/wp-json\/wp\/v2\/product_tag?post=161211"}],"curies":[{"name":"wp","href":"https:\/\/api.w.org\/{rel}","templated":true}]}}