{"id":161172,"date":"2025-12-19T01:34:45","date_gmt":"2025-12-18T22:34:45","guid":{"rendered":"https:\/\/baldumarket.lt\/product\/montana-grey-rtv-szafka-rtv-dab-lefkas-smooth-grey\/"},"modified":"2026-02-08T11:47:31","modified_gmt":"2026-02-08T08:47:31","slug":"montana-grey-rtv-szafka-rtv-dab-lefkas-smooth-grey","status":"publish","type":"product","link":"https:\/\/baldumarket.lt\/lt\/product\/montana-grey-rtv-szafka-rtv-dab-lefkas-smooth-grey\/","title":{"rendered":"MONTANA GREY RTV \u2013 TV spintel\u0117 Lefkas \u0105\u017euolo\/lygiai pilka"},"content":{"rendered":"","protected":false},"excerpt":{"rendered":"<p>\u016agis (cm): 53<br \/>\nPlotis (cm): 130<br \/>\nGylis (cm): 53<\/p>","protected":false},"featured_media":161173,"comment_status":"open","ping_status":"open","template":"","meta":[],"product_brand":[],"product_cat":[9455,4106,1175],"product_tag":[],"class_list":{"0":"post-161172","1":"product","2":"type-product","3":"status-publish","4":"has-post-thumbnail","6":"product_cat-furniture-system-montana-gala-meble","7":"product_cat-gala-meble","8":"product_cat-tv-stands","10":"first","11":"instock","12":"purchasable","13":"product-type-simple"},"_links":{"self":[{"href":"https:\/\/baldumarket.lt\/lt\/wp-json\/wp\/v2\/product\/161172","targetHints":{"allow":["GET"]}}],"collection":[{"href":"https:\/\/baldumarket.lt\/lt\/wp-json\/wp\/v2\/product"}],"about":[{"href":"https:\/\/baldumarket.lt\/lt\/wp-json\/wp\/v2\/types\/product"}],"replies":[{"embeddable":true,"href":"https:\/\/baldumarket.lt\/lt\/wp-json\/wp\/v2\/comments?post=161172"}],"wp:featuredmedia":[{"embeddable":true,"href":"https:\/\/baldumarket.lt\/lt\/wp-json\/wp\/v2\/media\/161173"}],"wp:attachment":[{"href":"https:\/\/baldumarket.lt\/lt\/wp-json\/wp\/v2\/media?parent=161172"}],"wp:term":[{"taxonomy":"product_brand","embeddable":true,"href":"https:\/\/baldumarket.lt\/lt\/wp-json\/wp\/v2\/product_brand?post=161172"},{"taxonomy":"product_cat","embeddable":true,"href":"https:\/\/baldumarket.lt\/lt\/wp-json\/wp\/v2\/product_cat?post=161172"},{"taxonomy":"product_tag","embeddable":true,"href":"https:\/\/baldumarket.lt\/lt\/wp-json\/wp\/v2\/product_tag?post=161172"}],"curies":[{"name":"wp","href":"https:\/\/api.w.org\/{rel}","templated":true}]}}