{"id":161118,"date":"2025-12-19T01:33:07","date_gmt":"2025-12-18T22:33:07","guid":{"rendered":"https:\/\/baldumarket.lt\/product\/montana-lefkas-l1-lozko-ze-stelazem-160x200-dab-lefkas\/"},"modified":"2026-02-08T11:47:49","modified_gmt":"2026-02-08T08:47:49","slug":"montana-lefkas-l1-lozko-ze-stelazem-160x200-dab-lefkas","status":"publish","type":"product","link":"https:\/\/baldumarket.lt\/lt\/product\/montana-lefkas-l1-lozko-ze-stelazem-160x200-dab-lefkas\/","title":{"rendered":"MONTANA LEFKAS L1 \u2013 Lova su r\u0117mu 160\u00d7200 Lefkas \u0105\u017euolas"},"content":{"rendered":"","protected":false},"excerpt":{"rendered":"<p>\u016agis (cm): 100<br \/>\nPlotis (cm): 170,5<br \/>\nGylis (cm): 207<\/p>","protected":false},"featured_media":161119,"comment_status":"open","ping_status":"open","template":"","meta":[],"product_brand":[],"product_cat":[9455,505,1971,4106],"product_tag":[],"class_list":{"0":"post-161118","1":"product","2":"type-product","3":"status-publish","4":"has-post-thumbnail","6":"product_cat-furniture-system-montana-gala-meble","7":"product_cat-bedroom-beds","8":"product_cat-beds-160x200","9":"product_cat-gala-meble","11":"first","12":"instock","13":"purchasable","14":"product-type-simple"},"_links":{"self":[{"href":"https:\/\/baldumarket.lt\/lt\/wp-json\/wp\/v2\/product\/161118","targetHints":{"allow":["GET"]}}],"collection":[{"href":"https:\/\/baldumarket.lt\/lt\/wp-json\/wp\/v2\/product"}],"about":[{"href":"https:\/\/baldumarket.lt\/lt\/wp-json\/wp\/v2\/types\/product"}],"replies":[{"embeddable":true,"href":"https:\/\/baldumarket.lt\/lt\/wp-json\/wp\/v2\/comments?post=161118"}],"wp:featuredmedia":[{"embeddable":true,"href":"https:\/\/baldumarket.lt\/lt\/wp-json\/wp\/v2\/media\/161119"}],"wp:attachment":[{"href":"https:\/\/baldumarket.lt\/lt\/wp-json\/wp\/v2\/media?parent=161118"}],"wp:term":[{"taxonomy":"product_brand","embeddable":true,"href":"https:\/\/baldumarket.lt\/lt\/wp-json\/wp\/v2\/product_brand?post=161118"},{"taxonomy":"product_cat","embeddable":true,"href":"https:\/\/baldumarket.lt\/lt\/wp-json\/wp\/v2\/product_cat?post=161118"},{"taxonomy":"product_tag","embeddable":true,"href":"https:\/\/baldumarket.lt\/lt\/wp-json\/wp\/v2\/product_tag?post=161118"}],"curies":[{"name":"wp","href":"https:\/\/api.w.org\/{rel}","templated":true}]}}