{"id":161094,"date":"2025-12-19T01:32:21","date_gmt":"2025-12-18T22:32:21","guid":{"rendered":"https:\/\/baldumarket.lt\/product\/montana-lefkas-s2d-szafa-2-drzwiowa-dab-lefkas\/"},"modified":"2026-02-08T11:47:57","modified_gmt":"2026-02-08T08:47:57","slug":"montana-lefkas-s2d-szafa-2-drzwiowa-dab-lefkas","status":"publish","type":"product","link":"https:\/\/baldumarket.lt\/lt\/product\/montana-lefkas-s2d-szafa-2-drzwiowa-dab-lefkas\/","title":{"rendered":"MONTANA LEFKAS S2D &#8211; 2 dur\u0173 spinta Lefkas \u0105\u017euolas"},"content":{"rendered":"","protected":false},"excerpt":{"rendered":"<p>\u016agis (cm): 197<br \/>\nPlotis (cm): 90<br \/>\nGylis (cm): 53<\/p>","protected":false},"featured_media":161095,"comment_status":"open","ping_status":"open","template":"","meta":[],"product_brand":[],"product_cat":[9455,4106,1177],"product_tag":[],"class_list":{"0":"post-161094","1":"product","2":"type-product","3":"status-publish","4":"has-post-thumbnail","6":"product_cat-furniture-system-montana-gala-meble","7":"product_cat-gala-meble","8":"product_cat-wardrobes","10":"first","11":"instock","12":"purchasable","13":"product-type-simple"},"_links":{"self":[{"href":"https:\/\/baldumarket.lt\/lt\/wp-json\/wp\/v2\/product\/161094","targetHints":{"allow":["GET"]}}],"collection":[{"href":"https:\/\/baldumarket.lt\/lt\/wp-json\/wp\/v2\/product"}],"about":[{"href":"https:\/\/baldumarket.lt\/lt\/wp-json\/wp\/v2\/types\/product"}],"replies":[{"embeddable":true,"href":"https:\/\/baldumarket.lt\/lt\/wp-json\/wp\/v2\/comments?post=161094"}],"wp:featuredmedia":[{"embeddable":true,"href":"https:\/\/baldumarket.lt\/lt\/wp-json\/wp\/v2\/media\/161095"}],"wp:attachment":[{"href":"https:\/\/baldumarket.lt\/lt\/wp-json\/wp\/v2\/media?parent=161094"}],"wp:term":[{"taxonomy":"product_brand","embeddable":true,"href":"https:\/\/baldumarket.lt\/lt\/wp-json\/wp\/v2\/product_brand?post=161094"},{"taxonomy":"product_cat","embeddable":true,"href":"https:\/\/baldumarket.lt\/lt\/wp-json\/wp\/v2\/product_cat?post=161094"},{"taxonomy":"product_tag","embeddable":true,"href":"https:\/\/baldumarket.lt\/lt\/wp-json\/wp\/v2\/product_tag?post=161094"}],"curies":[{"name":"wp","href":"https:\/\/api.w.org\/{rel}","templated":true}]}}