{"id":161076,"date":"2025-12-19T01:31:47","date_gmt":"2025-12-18T22:31:47","guid":{"rendered":"https:\/\/baldumarket.lt\/product\/montana-lefkas-w1-polka-wiszaca-dab-lefkas\/"},"modified":"2026-02-08T11:47:57","modified_gmt":"2026-02-08T08:47:57","slug":"montana-lefkas-w1-polka-wiszaca-dab-lefkas","status":"publish","type":"product","link":"https:\/\/baldumarket.lt\/lt\/product\/montana-lefkas-w1-polka-wiszaca-dab-lefkas\/","title":{"rendered":"MONTANA LEFKAS W1 &#8211; Lefkas \u0105\u017euolin\u0117 pakabinama lentyna"},"content":{"rendered":"","protected":false},"excerpt":{"rendered":"<p>\u016agis (cm): 32<br \/>\nPlotis (cm): 130<br \/>\nGylis (cm): 25<\/p>","protected":false},"featured_media":161077,"comment_status":"open","ping_status":"open","template":"","meta":[],"product_brand":[],"product_cat":[9455,4106,1174],"product_tag":[],"class_list":{"0":"post-161076","1":"product","2":"type-product","3":"status-publish","4":"has-post-thumbnail","6":"product_cat-furniture-system-montana-gala-meble","7":"product_cat-gala-meble","8":"product_cat-hanging-shelves","10":"first","11":"instock","12":"purchasable","13":"product-type-simple"},"_links":{"self":[{"href":"https:\/\/baldumarket.lt\/lt\/wp-json\/wp\/v2\/product\/161076","targetHints":{"allow":["GET"]}}],"collection":[{"href":"https:\/\/baldumarket.lt\/lt\/wp-json\/wp\/v2\/product"}],"about":[{"href":"https:\/\/baldumarket.lt\/lt\/wp-json\/wp\/v2\/types\/product"}],"replies":[{"embeddable":true,"href":"https:\/\/baldumarket.lt\/lt\/wp-json\/wp\/v2\/comments?post=161076"}],"wp:featuredmedia":[{"embeddable":true,"href":"https:\/\/baldumarket.lt\/lt\/wp-json\/wp\/v2\/media\/161077"}],"wp:attachment":[{"href":"https:\/\/baldumarket.lt\/lt\/wp-json\/wp\/v2\/media?parent=161076"}],"wp:term":[{"taxonomy":"product_brand","embeddable":true,"href":"https:\/\/baldumarket.lt\/lt\/wp-json\/wp\/v2\/product_brand?post=161076"},{"taxonomy":"product_cat","embeddable":true,"href":"https:\/\/baldumarket.lt\/lt\/wp-json\/wp\/v2\/product_cat?post=161076"},{"taxonomy":"product_tag","embeddable":true,"href":"https:\/\/baldumarket.lt\/lt\/wp-json\/wp\/v2\/product_tag?post=161076"}],"curies":[{"name":"wp","href":"https:\/\/api.w.org\/{rel}","templated":true}]}}