{"id":161073,"date":"2025-12-19T01:31:40","date_gmt":"2025-12-18T22:31:40","guid":{"rendered":"https:\/\/baldumarket.lt\/product\/montana-lefkas-w1d-witryna-1-drzwiowa-dab-lefkas\/"},"modified":"2026-02-08T11:47:57","modified_gmt":"2026-02-08T08:47:57","slug":"montana-lefkas-w1d-witryna-1-drzwiowa-dab-lefkas","status":"publish","type":"product","link":"https:\/\/baldumarket.lt\/lt\/product\/montana-lefkas-w1d-witryna-1-drzwiowa-dab-lefkas\/","title":{"rendered":"MONTANA LEFKAS W1D &#8211; 1 dur\u0173 vitrinin\u0117 spinta Lefkas \u0104\u017euolas"},"content":{"rendered":"","protected":false},"excerpt":{"rendered":"<p>\u016agis (cm): 197<br \/>\nPlotis (cm): 50<br \/>\nGylis (cm): 43<\/p>","protected":false},"featured_media":161074,"comment_status":"open","ping_status":"open","template":"","meta":[],"product_brand":[],"product_cat":[9455,4106,2006],"product_tag":[],"class_list":{"0":"post-161073","1":"product","2":"type-product","3":"status-publish","4":"has-post-thumbnail","6":"product_cat-furniture-system-montana-gala-meble","7":"product_cat-gala-meble","8":"product_cat-vitrines","10":"first","11":"instock","12":"purchasable","13":"product-type-simple"},"_links":{"self":[{"href":"https:\/\/baldumarket.lt\/lt\/wp-json\/wp\/v2\/product\/161073","targetHints":{"allow":["GET"]}}],"collection":[{"href":"https:\/\/baldumarket.lt\/lt\/wp-json\/wp\/v2\/product"}],"about":[{"href":"https:\/\/baldumarket.lt\/lt\/wp-json\/wp\/v2\/types\/product"}],"replies":[{"embeddable":true,"href":"https:\/\/baldumarket.lt\/lt\/wp-json\/wp\/v2\/comments?post=161073"}],"wp:featuredmedia":[{"embeddable":true,"href":"https:\/\/baldumarket.lt\/lt\/wp-json\/wp\/v2\/media\/161074"}],"wp:attachment":[{"href":"https:\/\/baldumarket.lt\/lt\/wp-json\/wp\/v2\/media?parent=161073"}],"wp:term":[{"taxonomy":"product_brand","embeddable":true,"href":"https:\/\/baldumarket.lt\/lt\/wp-json\/wp\/v2\/product_brand?post=161073"},{"taxonomy":"product_cat","embeddable":true,"href":"https:\/\/baldumarket.lt\/lt\/wp-json\/wp\/v2\/product_cat?post=161073"},{"taxonomy":"product_tag","embeddable":true,"href":"https:\/\/baldumarket.lt\/lt\/wp-json\/wp\/v2\/product_tag?post=161073"}],"curies":[{"name":"wp","href":"https:\/\/api.w.org\/{rel}","templated":true}]}}