{"id":161068,"date":"2025-12-19T01:31:28","date_gmt":"2025-12-18T22:31:28","guid":{"rendered":"https:\/\/baldumarket.lt\/product\/oswietlenie-led-dedykowane-do-lucca-w2d\/"},"modified":"2026-02-08T11:39:44","modified_gmt":"2026-02-08T08:39:44","slug":"oswietlenie-led-dedykowane-do-lucca-w2d","status":"publish","type":"product","link":"https:\/\/baldumarket.lt\/lt\/product\/oswietlenie-led-dedykowane-do-lucca-w2d\/","title":{"rendered":"LED ap\u0161vietimas, skirtas \u201eLucca W2D\u201c"},"content":{"rendered":"<p>\u201eGa\u0142a Meble\u201c \u201eLucca W2D\u201c LED ap\u0161vietimas \u2013 puikus sprendimas tiems, kurie nori sukurti unikali\u0105 atmosfer\u0105 savo interjere. \u0160is modernus ap\u0161vietimas i\u0161siskiria ne tik estetika, bet, svarbiausia, funkcionalumu, kuris patenkins net ir reikliausi\u0173 vartotoj\u0173 poreikius. Minimalistinis dizainas leid\u017eia jam skland\u017eiai \u012fsilieti \u012f \u012fvairius i\u0161d\u0117stymus, suteikiant jiems eleganti\u0161k\u0105 akcent\u0105. D\u0117l LED technologijos \u201eLucca W2D\u201c ap\u0161vietimas skleid\u017eia nat\u016brali\u0105 \u0161viesos spalv\u0105, suteikdamas bet kokiai patalpai jaukumo. 36 W maitinimo \u0161altinis kartu su i\u0161skirtiniu energijos vartojimo efektyvumu garantuoja ilgalaik\u012f naudojim\u0105 ir suma\u017eina elektros energijos s\u0105skaitas. \u0160is novatori\u0161kas ap\u0161vietimo b\u016bdas idealiai tinka kasdienei veiklai, nes leid\u017eia patogiai dirbti ar atsipalaiduoti nam\u0173 jaukumoje. \u201eLucca W2D\u201c ap\u0161vietim\u0105 itin lengva montuoti, tod\u0117l j\u012f gali montuoti net neturintys speciali\u0173 \u017eini\u0173 ar patirties asmenys. Rinkinyje yra viskas, ko jums reikia, \u012fskaitant 4 LED profilius, prakti\u0161k\u0105 maitinimo \u0161altin\u012f ir laid\u0105. D\u0117l to tereikia \u0161iek tiek noro ir laiko, kad pagyvintum\u0117te savo interjer\u0105 moderniu ap\u0161vietimu. Be to, dvipus\u0117 lipni juosta palengvina montavim\u0105, \u017eymiai supaprastindama vis\u0105 proces\u0105. Investuodami \u012f \u201eLucca W2D\u201c LED ap\u0161vietim\u0105, j\u016bs ne tik eleganti\u0161kai papuo\u0161ite savo namus, bet ir gausite prakti\u0161k\u0105 bei patvar\u0173 \u0161viesos \u0161altin\u012f. Jis puikiai tiks tiek svetain\u0117je, tiek miegamajame, tiek biure. Padarykite savo aplink\u0105 malonesn\u0119 ir funkcionalesn\u0119 pasirinkdami novatori\u0161k\u0105 \u201eGa\u0142a Meble\u201c sprendim\u0105, kuris prad\u017eiugins jus ir j\u016bs\u0173 sve\u010dius.<\/p>","protected":false},"excerpt":{"rendered":"<p>Plotis (cm): 10<br \/>\nAuk\u0161tis (cm): 10<br \/>\nGylis (cm): 90,5<\/p>","protected":false},"featured_media":161069,"comment_status":"open","ping_status":"open","template":"","meta":[],"product_brand":[],"product_cat":[9453,9251,4106],"product_tag":[],"class_list":{"0":"post-161068","1":"product","2":"type-product","3":"status-publish","4":"has-post-thumbnail","6":"product_cat-furniture-system-lucca-gala-meble","7":"product_cat-musor","8":"product_cat-gala-meble","10":"first","11":"instock","12":"purchasable","13":"product-type-simple"},"_links":{"self":[{"href":"https:\/\/baldumarket.lt\/lt\/wp-json\/wp\/v2\/product\/161068","targetHints":{"allow":["GET"]}}],"collection":[{"href":"https:\/\/baldumarket.lt\/lt\/wp-json\/wp\/v2\/product"}],"about":[{"href":"https:\/\/baldumarket.lt\/lt\/wp-json\/wp\/v2\/types\/product"}],"replies":[{"embeddable":true,"href":"https:\/\/baldumarket.lt\/lt\/wp-json\/wp\/v2\/comments?post=161068"}],"wp:featuredmedia":[{"embeddable":true,"href":"https:\/\/baldumarket.lt\/lt\/wp-json\/wp\/v2\/media\/161069"}],"wp:attachment":[{"href":"https:\/\/baldumarket.lt\/lt\/wp-json\/wp\/v2\/media?parent=161068"}],"wp:term":[{"taxonomy":"product_brand","embeddable":true,"href":"https:\/\/baldumarket.lt\/lt\/wp-json\/wp\/v2\/product_brand?post=161068"},{"taxonomy":"product_cat","embeddable":true,"href":"https:\/\/baldumarket.lt\/lt\/wp-json\/wp\/v2\/product_cat?post=161068"},{"taxonomy":"product_tag","embeddable":true,"href":"https:\/\/baldumarket.lt\/lt\/wp-json\/wp\/v2\/product_tag?post=161068"}],"curies":[{"name":"wp","href":"https:\/\/api.w.org\/{rel}","templated":true}]}}