{"id":161041,"date":"2025-12-19T01:30:35","date_gmt":"2025-12-18T22:30:35","guid":{"rendered":"https:\/\/baldumarket.lt\/product\/prowansja-andersen-k3sp-komoda-3-drzwiowa-3-szuflady\/"},"modified":"2026-02-08T12:11:03","modified_gmt":"2026-02-08T09:11:03","slug":"prowansja-andersen-k3sp-komoda-3-drzwiowa-3-szuflady","status":"publish","type":"product","link":"https:\/\/baldumarket.lt\/lt\/product\/prowansja-andersen-k3sp-komoda-3-drzwiowa-3-szuflady\/","title":{"rendered":"PROWANSJA Andersen K3SP &#8211; 3 dur\u0173, 3 stal\u010di\u0173 komoda"},"content":{"rendered":"","protected":false},"excerpt":{"rendered":"<p>\u016agis (cm): 88<br \/>\nPlotis (cm): 130<br \/>\nGylis (cm): 43<\/p>","protected":false},"featured_media":161042,"comment_status":"open","ping_status":"open","template":"","meta":[],"product_brand":[],"product_cat":[9456,1173,4106],"product_tag":[],"class_list":{"0":"post-161041","1":"product","2":"type-product","3":"status-publish","4":"has-post-thumbnail","6":"product_cat-furniture-system-prowancja-gala-meble","7":"product_cat-chests-of-drawers","8":"product_cat-gala-meble","10":"first","11":"instock","12":"purchasable","13":"product-type-simple"},"_links":{"self":[{"href":"https:\/\/baldumarket.lt\/lt\/wp-json\/wp\/v2\/product\/161041","targetHints":{"allow":["GET"]}}],"collection":[{"href":"https:\/\/baldumarket.lt\/lt\/wp-json\/wp\/v2\/product"}],"about":[{"href":"https:\/\/baldumarket.lt\/lt\/wp-json\/wp\/v2\/types\/product"}],"replies":[{"embeddable":true,"href":"https:\/\/baldumarket.lt\/lt\/wp-json\/wp\/v2\/comments?post=161041"}],"wp:featuredmedia":[{"embeddable":true,"href":"https:\/\/baldumarket.lt\/lt\/wp-json\/wp\/v2\/media\/161042"}],"wp:attachment":[{"href":"https:\/\/baldumarket.lt\/lt\/wp-json\/wp\/v2\/media?parent=161041"}],"wp:term":[{"taxonomy":"product_brand","embeddable":true,"href":"https:\/\/baldumarket.lt\/lt\/wp-json\/wp\/v2\/product_brand?post=161041"},{"taxonomy":"product_cat","embeddable":true,"href":"https:\/\/baldumarket.lt\/lt\/wp-json\/wp\/v2\/product_cat?post=161041"},{"taxonomy":"product_tag","embeddable":true,"href":"https:\/\/baldumarket.lt\/lt\/wp-json\/wp\/v2\/product_tag?post=161041"}],"curies":[{"name":"wp","href":"https:\/\/api.w.org\/{rel}","templated":true}]}}