{"id":160998,"date":"2025-12-19T01:29:08","date_gmt":"2025-12-18T22:29:08","guid":{"rendered":"https:\/\/baldumarket.lt\/product\/prowansja-andersen-r1-regal-2-drzwiowy\/"},"modified":"2026-02-08T12:11:13","modified_gmt":"2026-02-08T09:11:13","slug":"prowansja-andersen-r1-regal-2-drzwiowy","status":"publish","type":"product","link":"https:\/\/baldumarket.lt\/lt\/product\/prowansja-andersen-r1-regal-2-drzwiowy\/","title":{"rendered":"PROWANSJA Andersen R1 &#8211; 2 dur\u0173 knyg\u0173 spinta"},"content":{"rendered":"","protected":false},"excerpt":{"rendered":"<p>\u016agis (cm): 198<br \/>\nPlotis (cm): 90<br \/>\nGylis (cm): 43<\/p>","protected":false},"featured_media":160999,"comment_status":"open","ping_status":"open","template":"","meta":[],"product_brand":[],"product_cat":[9456,4106,1987],"product_tag":[],"class_list":{"0":"post-160998","1":"product","2":"type-product","3":"status-publish","4":"has-post-thumbnail","6":"product_cat-furniture-system-prowancja-gala-meble","7":"product_cat-gala-meble","8":"product_cat-shelving-units","10":"first","11":"instock","12":"purchasable","13":"product-type-simple"},"_links":{"self":[{"href":"https:\/\/baldumarket.lt\/lt\/wp-json\/wp\/v2\/product\/160998","targetHints":{"allow":["GET"]}}],"collection":[{"href":"https:\/\/baldumarket.lt\/lt\/wp-json\/wp\/v2\/product"}],"about":[{"href":"https:\/\/baldumarket.lt\/lt\/wp-json\/wp\/v2\/types\/product"}],"replies":[{"embeddable":true,"href":"https:\/\/baldumarket.lt\/lt\/wp-json\/wp\/v2\/comments?post=160998"}],"wp:featuredmedia":[{"embeddable":true,"href":"https:\/\/baldumarket.lt\/lt\/wp-json\/wp\/v2\/media\/160999"}],"wp:attachment":[{"href":"https:\/\/baldumarket.lt\/lt\/wp-json\/wp\/v2\/media?parent=160998"}],"wp:term":[{"taxonomy":"product_brand","embeddable":true,"href":"https:\/\/baldumarket.lt\/lt\/wp-json\/wp\/v2\/product_brand?post=160998"},{"taxonomy":"product_cat","embeddable":true,"href":"https:\/\/baldumarket.lt\/lt\/wp-json\/wp\/v2\/product_cat?post=160998"},{"taxonomy":"product_tag","embeddable":true,"href":"https:\/\/baldumarket.lt\/lt\/wp-json\/wp\/v2\/product_tag?post=160998"}],"curies":[{"name":"wp","href":"https:\/\/api.w.org\/{rel}","templated":true}]}}