{"id":160920,"date":"2025-12-19T01:26:38","date_gmt":"2025-12-18T22:26:38","guid":{"rendered":"https:\/\/baldumarket.lt\/product\/rel-b1-biurko-1-szuflada-bialy-platynowy-mat\/"},"modified":"2026-04-12T14:40:04","modified_gmt":"2026-04-12T11:40:04","slug":"rel-b1-biurko-1-szuflada-bialy-platynowy-mat","status":"publish","type":"product","link":"https:\/\/baldumarket.lt\/lt\/product\/rel-b1-biurko-1-szuflada-bialy-platynowy-mat\/","title":{"rendered":"Rel B1 &#8211; Ra\u0161omasis stalas su 1 stal\u010diumi, baltas, matinis, platininis"},"content":{"rendered":"<p>Atraskite \u201eRel B1\u201c stal\u0105, kuris derina modern\u0173 dizain\u0105 ir funkcionalum\u0105, puikiai patenkindamas \u0161i\u0173 dien\u0173 vartotoj\u0173 poreikius. Minimalistin\u0117 forma, eleganti\u0161ka platinos baltumo matin\u0117 apdaila, suteiks unikalumo bet kokiam interjerui. Puikiai tinkantis darbui, studijoms ar k\u016brybai, stalas yra ne tik baldas, bet ir stilingas dekoratyvinis elementas, kuris pagerins j\u016bs\u0173 nam\u0173 ar biuro aplink\u0105. Pridedamas vienas stal\u010dius yra b\u016btent tai, ko jums reikia norint sutvarkyti savo darbo viet\u0105. D\u0117l prakti\u0161ko dizaino viskas, kas svarbu, visada bus po ranka. Neatsitiktinai aukso spalvos rankenos suteikia elegancijos ir subtilaus blizgesio, sukurdamos malon\u0173 kontrast\u0105 su baltu stalo pavir\u0161iumi. \u201eRel B1\u201c stalas pagamintas i\u0161 auk\u0161tos kokyb\u0117s med\u017eiag\u0173, u\u017etikrinan\u010di\u0173 patvarum\u0105 ir atsparum\u0105 pa\u017eeidimams. Laminuotos plok\u0161t\u0117s korpusas ir 18 mm storio MDF r\u0117mai i\u0161 priekio garantuoja, kad j\u016bs\u0173 \u012fsigytas baldas tarnaus jums ilgus metus. Kompakti\u0161ki matmenys (plotis 90 cm, auk\u0161tis 76 cm, gylis 40 cm) leid\u017eia jam puikiai tinka ma\u017eesn\u0117ms erdv\u0117ms, tuo pa\u010diu suteikiant pakankamai vietos b\u016btiniausiems biuro reikmenims.<\/p>","protected":false},"excerpt":{"rendered":"<p>Plotis (cm): 90<br \/>\n\u016agis (cm): 76<br \/>\nGylis (cm): 40<\/p>","protected":false},"featured_media":160921,"comment_status":"open","ping_status":"open","template":"","meta":[],"product_brand":[],"product_cat":[9457,1237,4106],"product_tag":[],"class_list":{"0":"post-160920","1":"product","2":"type-product","3":"status-publish","4":"has-post-thumbnail","6":"product_cat-furniture-system-rel-gala-meble","7":"product_cat-dressing-tables","8":"product_cat-gala-meble","10":"first","11":"instock","12":"purchasable","13":"product-type-simple"},"_links":{"self":[{"href":"https:\/\/baldumarket.lt\/lt\/wp-json\/wp\/v2\/product\/160920","targetHints":{"allow":["GET"]}}],"collection":[{"href":"https:\/\/baldumarket.lt\/lt\/wp-json\/wp\/v2\/product"}],"about":[{"href":"https:\/\/baldumarket.lt\/lt\/wp-json\/wp\/v2\/types\/product"}],"replies":[{"embeddable":true,"href":"https:\/\/baldumarket.lt\/lt\/wp-json\/wp\/v2\/comments?post=160920"}],"wp:featuredmedia":[{"embeddable":true,"href":"https:\/\/baldumarket.lt\/lt\/wp-json\/wp\/v2\/media\/160921"}],"wp:attachment":[{"href":"https:\/\/baldumarket.lt\/lt\/wp-json\/wp\/v2\/media?parent=160920"}],"wp:term":[{"taxonomy":"product_brand","embeddable":true,"href":"https:\/\/baldumarket.lt\/lt\/wp-json\/wp\/v2\/product_brand?post=160920"},{"taxonomy":"product_cat","embeddable":true,"href":"https:\/\/baldumarket.lt\/lt\/wp-json\/wp\/v2\/product_cat?post=160920"},{"taxonomy":"product_tag","embeddable":true,"href":"https:\/\/baldumarket.lt\/lt\/wp-json\/wp\/v2\/product_tag?post=160920"}],"curies":[{"name":"wp","href":"https:\/\/api.w.org\/{rel}","templated":true}]}}