{"id":160908,"date":"2025-12-19T01:26:16","date_gmt":"2025-12-18T22:26:16","guid":{"rendered":"https:\/\/baldumarket.lt\/product\/rel-k4sw-komoda-waska-4-szuflady-bialy-platynowy-mat\/"},"modified":"2026-04-12T14:40:04","modified_gmt":"2026-04-12T11:40:04","slug":"rel-k4sw-komoda-waska-4-szuflady-bialy-platynowy-mat","status":"publish","type":"product","link":"https:\/\/baldumarket.lt\/lt\/product\/rel-k4sw-komoda-waska-4-szuflady-bialy-platynowy-mat\/","title":{"rendered":"Rel K4SW &#8211; Siaura komoda su 4 stal\u010diais, balta platina, matin\u0117"},"content":{"rendered":"<p>Su garsaus \u201eGa\u0142a Meble\u201c prek\u0117s \u017eenklo komoda \u201eRel K4SW\u201c suteikite savo interjerui elegancijos ir modernumo. \u0160i unikali platinos baltumo komoda ne tik traukia ak\u012f, bet ir puikiai dera prie \u012fvairi\u0173 interjero element\u0173. Siauras siluetas, 40 cm plo\u010dio ir 76 cm auk\u0161\u010dio, idealiai tinka net ir ma\u017eesn\u0117ms erdv\u0117ms, leid\u017eia efektyviai i\u0161naudoti erdv\u0119 neprarandant estetikos. Matinio pavir\u0161iaus MDF fasadai ne tik atrodo eleganti\u0161kai, bet ir yra patvar\u016bs, tod\u0117l \u0161i komoda yra idealus sprendimas ilgus metus. Klasikiniai r\u0117miniai fasadai suteikia lengvumo, o \u0161iuolaikiniam interjerui b\u016bdingas dizainas paver\u010dia komod\u0105 j\u016bs\u0173 svetain\u0117s ar miegamojo traukos centru. Funkcionalumas yra pagrindinis \u0161ios komodos privalumas. Keturi erdv\u016bs stal\u010diai suteikia daug vietos b\u016btiniausiems daiktams laikyti. Sklandus stal\u010di\u0173 jud\u0117jimas d\u0117l ritinini\u0173 kreipian\u010di\u0173j\u0173 paver\u010dia komodos naudojim\u0105 malonumu. Be to, aukso spalvos metalin\u0117s rankenos suteikia jai eleganti\u0161k\u0105 i\u0161vaizd\u0105, pabr\u0117\u017eiant modern\u0173 dizain\u0105.<\/p>","protected":false},"excerpt":{"rendered":"<p>Plotis (cm): 40<br \/>\n\u016agis (cm): 76<br \/>\nGylis (cm): 40<\/p>","protected":false},"featured_media":160909,"comment_status":"open","ping_status":"open","template":"","meta":[],"product_brand":[],"product_cat":[9457,1173,4106],"product_tag":[],"class_list":{"0":"post-160908","1":"product","2":"type-product","3":"status-publish","4":"has-post-thumbnail","6":"product_cat-furniture-system-rel-gala-meble","7":"product_cat-chests-of-drawers","8":"product_cat-gala-meble","10":"first","11":"instock","12":"purchasable","13":"product-type-simple"},"_links":{"self":[{"href":"https:\/\/baldumarket.lt\/lt\/wp-json\/wp\/v2\/product\/160908","targetHints":{"allow":["GET"]}}],"collection":[{"href":"https:\/\/baldumarket.lt\/lt\/wp-json\/wp\/v2\/product"}],"about":[{"href":"https:\/\/baldumarket.lt\/lt\/wp-json\/wp\/v2\/types\/product"}],"replies":[{"embeddable":true,"href":"https:\/\/baldumarket.lt\/lt\/wp-json\/wp\/v2\/comments?post=160908"}],"wp:featuredmedia":[{"embeddable":true,"href":"https:\/\/baldumarket.lt\/lt\/wp-json\/wp\/v2\/media\/160909"}],"wp:attachment":[{"href":"https:\/\/baldumarket.lt\/lt\/wp-json\/wp\/v2\/media?parent=160908"}],"wp:term":[{"taxonomy":"product_brand","embeddable":true,"href":"https:\/\/baldumarket.lt\/lt\/wp-json\/wp\/v2\/product_brand?post=160908"},{"taxonomy":"product_cat","embeddable":true,"href":"https:\/\/baldumarket.lt\/lt\/wp-json\/wp\/v2\/product_cat?post=160908"},{"taxonomy":"product_tag","embeddable":true,"href":"https:\/\/baldumarket.lt\/lt\/wp-json\/wp\/v2\/product_tag?post=160908"}],"curies":[{"name":"wp","href":"https:\/\/api.w.org\/{rel}","templated":true}]}}