{"id":160904,"date":"2025-12-19T01:26:07","date_gmt":"2025-12-18T22:26:07","guid":{"rendered":"https:\/\/baldumarket.lt\/product\/rel-led140-oswietlenie-led-140-cm-dedykowane-do-polkotapczanu-pt140\/"},"modified":"2026-04-12T14:40:04","modified_gmt":"2026-04-12T11:40:04","slug":"rel-led140-oswietlenie-led-140-cm-dedykowane-do-polkotapczanu-pt140","status":"publish","type":"product","link":"https:\/\/baldumarket.lt\/lt\/product\/rel-led140-oswietlenie-led-140-cm-dedykowane-do-polkotapczanu-pt140\/","title":{"rendered":"\u201eRel LED140\u201c \u2013 140 cm LED ap\u0161vietimas, skirtas PT140 sieninei lovai"},"content":{"rendered":"<p>Ap\u0161vieskite savo interjer\u0105 LED \u0161viestuvu \u201eRel LED140\u201c, specialiai sukurtu garsaus \u201eGa\u0142a Meble\u201c prek\u0117s \u017eenklo sieninei lovai \u201ePT140\u201c. \u0160is modernus, 140 cm ilgio \u0161viestuvas suteiks j\u016bs\u0173 interjerui unikalaus charakterio, suteikdamas \u0161ilumos ir jaukumo bet kuriam kambariui.<\/p>\n<p>Ispani\u0161kas dizainas ir kruop\u0161tus meistri\u0161kumas daro \u201eRel LED140\u201c \u0161viestuv\u0105 puikiai tinkant\u012f tiek moderniam, tiek klasikiniam interjerui. Neutrali \u0161viesos spalva u\u017epildo erdv\u0119 maloniu \u0161vyt\u0117jimu, sukurtu naudojant naujausi\u0105 COB ap\u0161vietimo technologij\u0105. \u0160i LED juostel\u0117 ne tik puikiai ap\u0161vies j\u016bs\u0173 interjer\u0105, bet ir sukurs unikali\u0105 atmosfer\u0105, skatinan\u010di\u0105 atsipalaidavim\u0105 ir poils\u012f.<\/p>\n<p>Funkcionalumas yra raktas \u012f bet kuri\u0173 nam\u0173 poilsio zon\u0105. \u201eRel LED140\u201c si\u016blo reguliuojam\u0105 \u0161viesos intensyvum\u0105, tod\u0117l galite j\u012f pritaikyti pagal savo poreikius ir paros laik\u0105. Pridedamas nuotolinio valdymo pultas leid\u017eia ne\u012ftik\u0117tinai paprastai ir patogiai valdyti ap\u0161vietim\u0105. Vos vienu mygtuku galite pakeisti savo kambario atmosfer\u0105, sukurdami tobul\u0105 aplink\u0105 darbui, poilsiui ar susib\u016brimams su artimaisiais.<\/p>\n<p>LED ap\u0161vietimo \u012frengimas yra labai paprastas \u2013 viskas, ko jums reikia, yra komplekte, tod\u0117l visas procesas yra greitas ir nesud\u0117tingas. D\u0117l lengvo dizaino ir kompakti\u0161ko dyd\u017eio \u201eRel LED140\u201c tiks net ir reikliausioms erdv\u0117ms, o jo buvimas pagerins bet kurios prie sienos tvirtinamos lovos i\u0161vaizd\u0105. Nelaukite \u2013 atraskite nauj\u0173 ap\u0161vietimo variant\u0173 ir suteikite savo interjerui spindesio, kurio jis nusipelno!<\/p>","protected":false},"excerpt":{"rendered":"<p>Plotis (cm): 150<br \/>\nAuk\u0161tis (cm): 1<br \/>\nGylis (cm): 1<\/p>","protected":false},"featured_media":160905,"comment_status":"open","ping_status":"open","template":"","meta":[],"product_brand":[],"product_cat":[9457,1043,4106],"product_tag":[],"class_list":{"0":"post-160904","1":"product","2":"type-product","3":"status-publish","4":"has-post-thumbnail","6":"product_cat-furniture-system-rel-gala-meble","7":"product_cat-extras","8":"product_cat-gala-meble","10":"first","11":"instock","12":"purchasable","13":"product-type-simple"},"_links":{"self":[{"href":"https:\/\/baldumarket.lt\/lt\/wp-json\/wp\/v2\/product\/160904","targetHints":{"allow":["GET"]}}],"collection":[{"href":"https:\/\/baldumarket.lt\/lt\/wp-json\/wp\/v2\/product"}],"about":[{"href":"https:\/\/baldumarket.lt\/lt\/wp-json\/wp\/v2\/types\/product"}],"replies":[{"embeddable":true,"href":"https:\/\/baldumarket.lt\/lt\/wp-json\/wp\/v2\/comments?post=160904"}],"wp:featuredmedia":[{"embeddable":true,"href":"https:\/\/baldumarket.lt\/lt\/wp-json\/wp\/v2\/media\/160905"}],"wp:attachment":[{"href":"https:\/\/baldumarket.lt\/lt\/wp-json\/wp\/v2\/media?parent=160904"}],"wp:term":[{"taxonomy":"product_brand","embeddable":true,"href":"https:\/\/baldumarket.lt\/lt\/wp-json\/wp\/v2\/product_brand?post=160904"},{"taxonomy":"product_cat","embeddable":true,"href":"https:\/\/baldumarket.lt\/lt\/wp-json\/wp\/v2\/product_cat?post=160904"},{"taxonomy":"product_tag","embeddable":true,"href":"https:\/\/baldumarket.lt\/lt\/wp-json\/wp\/v2\/product_tag?post=160904"}],"curies":[{"name":"wp","href":"https:\/\/api.w.org\/{rel}","templated":true}]}}