{"id":160901,"date":"2025-12-19T01:26:02","date_gmt":"2025-12-18T22:26:02","guid":{"rendered":"https:\/\/baldumarket.lt\/product\/rel-led90-oswietlenie-led-90-cm-dedykowane-do-polkotapczanu-pt90\/"},"modified":"2026-04-12T14:40:04","modified_gmt":"2026-04-12T11:40:04","slug":"rel-led90-oswietlenie-led-90-cm-dedykowane-do-polkotapczanu-pt90","status":"publish","type":"product","link":"https:\/\/baldumarket.lt\/lt\/product\/rel-led90-oswietlenie-led-90-cm-dedykowane-do-polkotapczanu-pt90\/","title":{"rendered":"\u201eRel LED90\u201c \u2013 90 cm LED ap\u0161vietimas, skirtas PT90 sieninei lovai"},"content":{"rendered":"<p>Atraskite ap\u0161vietimo magij\u0105 savo interjere su \u201eRel LED90\u201c \u2013 puikiu sprendimu PT90 sieninei lovai. \u0160is eleganti\u0161kas ir funkcionalus pasirinkimas ne tik pagerins j\u016bs\u0173 kambario estetik\u0105, bet ir pad\u0117s sukurti unikali\u0105 atmosfer\u0105. \u0160i ne\u012ftik\u0117tinai stilinga 90 cm ilgio LED juostel\u0117 skland\u017eiai dera su moderniu dizainu, si\u016blydama subtili\u0105 elegancij\u0105 kiekvienoje detal\u0117je.<\/p>\n<p>\u201eRel LED90\u201c gali pasigirti unikaliu dizainu ir \u0161viesos spalva, kuri sukuria tobul\u0105 aplink\u0105 poilsiui ir darbui. Neutrali \u0161viesa i\u0161ry\u0161kins bet kurio kambario ypatybes, o pritemdymo funkcija leid\u017eia reguliuoti \u0161viesos intensyvum\u0105 pagal individualius poreikius. Nesvarbu, ar norite sukurti jauki\u0105 atmosfer\u0105 vakarui, ar efektyviai ap\u0161viesti savo darbo viet\u0105, \u201eRel LED90\u201c pateisins visus j\u016bs\u0173 l\u016bkes\u010dius.<\/p>\n<p>Vienas i\u0161 pagrindini\u0173 \u0161io ap\u0161vietimo privalum\u0173 yra paprastas naudojimas. Pridedamas nuotolinio valdymo pultas leid\u017eia lengvai reguliuoti \u0161viesos intensyvum\u0105 i\u0161 bet kurios kambario vietos. Tai pavers kiekvien\u0105 akimirk\u0105, praleist\u0105 svetain\u0117je, miegamajame ar biure, malonumu, o j\u016bs gal\u0117site visi\u0161kai kontroliuoti aplink\u0105.<\/p>\n<p>\u201eRel LED90\u201c taip pat lengva sumontuoti, tod\u0117l jis akimirksniu pakeis j\u016bs\u0173 erdv\u0119. Tai idealus sprendimas tiek tiems, kurie siekia greito interjero transformavimo, tiek tiems, kurie vertina patogum\u0105 ir paprastum\u0105. Rinkinyje yra viskas, ko reikia savaranki\u0161kam montavimui, tod\u0117l galite m\u0117gautis nauju ap\u0161vietimu be nereikaling\u0173 komplikacij\u0173.<\/p>\n<p>\u012esileiskite \u012f savo namus modern\u0173 ap\u0161vietim\u0105, kuris derina inovacijas, stili\u0173 ir funkcionalum\u0105. Pasirinkdami \u201eRel LED90\u201c, investuojate \u012f kokyb\u0119 ir estetik\u0105, kuri su\u017eav\u0117s kiekvien\u0105, \u012f\u017eengus\u012f pro duris. Tegul j\u016bs\u0173 interjer\u0105 ap\u0161vie\u010dia i\u0161manus ap\u0161vietimas, atitinkantis kiekvieno naudotojo l\u016bkes\u010dius!<\/p>","protected":false},"excerpt":{"rendered":"<p>Plotis (cm): 100<br \/>\nAuk\u0161tis (cm): 1<br \/>\nGylis (cm): 1<\/p>","protected":false},"featured_media":160902,"comment_status":"open","ping_status":"open","template":"","meta":[],"product_brand":[],"product_cat":[9457,1043,4106],"product_tag":[],"class_list":{"0":"post-160901","1":"product","2":"type-product","3":"status-publish","4":"has-post-thumbnail","6":"product_cat-furniture-system-rel-gala-meble","7":"product_cat-extras","8":"product_cat-gala-meble","10":"first","11":"instock","12":"purchasable","13":"product-type-simple"},"_links":{"self":[{"href":"https:\/\/baldumarket.lt\/lt\/wp-json\/wp\/v2\/product\/160901","targetHints":{"allow":["GET"]}}],"collection":[{"href":"https:\/\/baldumarket.lt\/lt\/wp-json\/wp\/v2\/product"}],"about":[{"href":"https:\/\/baldumarket.lt\/lt\/wp-json\/wp\/v2\/types\/product"}],"replies":[{"embeddable":true,"href":"https:\/\/baldumarket.lt\/lt\/wp-json\/wp\/v2\/comments?post=160901"}],"wp:featuredmedia":[{"embeddable":true,"href":"https:\/\/baldumarket.lt\/lt\/wp-json\/wp\/v2\/media\/160902"}],"wp:attachment":[{"href":"https:\/\/baldumarket.lt\/lt\/wp-json\/wp\/v2\/media?parent=160901"}],"wp:term":[{"taxonomy":"product_brand","embeddable":true,"href":"https:\/\/baldumarket.lt\/lt\/wp-json\/wp\/v2\/product_brand?post=160901"},{"taxonomy":"product_cat","embeddable":true,"href":"https:\/\/baldumarket.lt\/lt\/wp-json\/wp\/v2\/product_cat?post=160901"},{"taxonomy":"product_tag","embeddable":true,"href":"https:\/\/baldumarket.lt\/lt\/wp-json\/wp\/v2\/product_tag?post=160901"}],"curies":[{"name":"wp","href":"https:\/\/api.w.org\/{rel}","templated":true}]}}