{"id":160890,"date":"2025-12-19T01:25:42","date_gmt":"2025-12-18T22:25:42","guid":{"rendered":"https:\/\/baldumarket.lt\/product\/rel-lwk-laweczka-2-szuflady-bialy-platynowy-mat\/"},"modified":"2026-04-12T14:39:43","modified_gmt":"2026-04-12T11:39:43","slug":"rel-lwk-laweczka-2-szuflady-bialy-platynowy-mat","status":"publish","type":"product","link":"https:\/\/baldumarket.lt\/lt\/product\/rel-lwk-laweczka-2-szuflady-bialy-platynowy-mat\/","title":{"rendered":"Rel LWK \u2013 Suoliukas su 2 stal\u010diais, Balta Platina Matin\u0117"},"content":{"rendered":"<p>Atraskite unikal\u0173 \u201eRel LWK\u201c suoliuko \u017eaves\u012f, kuris j\u016bs\u0173 interjerui suteiks stiliaus ir elegancijos. Matin\u0117s platinos baltos spalvos apdaila puikiai papildo \u0161iuolaikines dizaino tendencijas, suteikdama bet kokiam kambariui lengvumo. Minimalistin\u0117 forma ir subtilios linijos paver\u010dia j\u012f puikiu stilingo prie\u0161kambario, miegamojo ar svetain\u0117s akcentu. Du prakti\u0161ki stal\u010diai puikiai tinka laikyti \u012fvairius smulkius daiktus \u2013 nuo rakt\u0173 iki knyg\u0173. Ritininiai b\u0117geliai u\u017etikrina skland\u0173 ir tyl\u0173 stal\u010di\u0173 atidarym\u0105, padidindami komfort\u0105. \u0160lifuoto aukso spalvos rankena papuo\u0161tas suoliukas spinduliuoja elegancija ir rafinuotumu, tod\u0117l yra puikus akcentas j\u016bs\u0173 namuose. S\u0117dyn\u0117, aptraukta auk\u0161\u010diausios kokyb\u0117s sm\u0117lio spalvos aksominiu audiniu, suteikia tikr\u0105 komfort\u0105 ir prabang\u0105. Aksomin\u0117 audinio tekst\u016bra ir subtilus blizgesys ne tik suteikia suoliukui stulbinant\u012f vaizd\u0105, bet ir suteikia patog\u0173 s\u0117d\u0117jim\u0105. Didelis 330 g\/m2 audinio svoris u\u017etikrina pakankam\u0105 atsparum\u0105 dilimui, tod\u0117l \u0161is baldas idealiai tinka kasdieniam naudojimui.<\/p>","protected":false},"excerpt":{"rendered":"<p>Plotis (cm): 90<br \/>\n\u016agis (cm): 52<br \/>\nGylis (cm): 40<\/p>","protected":false},"featured_media":160891,"comment_status":"open","ping_status":"open","template":"","meta":[],"product_brand":[],"product_cat":[9457,1928,4106],"product_tag":[],"class_list":{"0":"post-160890","1":"product","2":"type-product","3":"status-publish","4":"has-post-thumbnail","6":"product_cat-furniture-system-rel-gala-meble","7":"product_cat-benches","8":"product_cat-gala-meble","10":"first","11":"instock","12":"purchasable","13":"product-type-simple"},"_links":{"self":[{"href":"https:\/\/baldumarket.lt\/lt\/wp-json\/wp\/v2\/product\/160890","targetHints":{"allow":["GET"]}}],"collection":[{"href":"https:\/\/baldumarket.lt\/lt\/wp-json\/wp\/v2\/product"}],"about":[{"href":"https:\/\/baldumarket.lt\/lt\/wp-json\/wp\/v2\/types\/product"}],"replies":[{"embeddable":true,"href":"https:\/\/baldumarket.lt\/lt\/wp-json\/wp\/v2\/comments?post=160890"}],"wp:featuredmedia":[{"embeddable":true,"href":"https:\/\/baldumarket.lt\/lt\/wp-json\/wp\/v2\/media\/160891"}],"wp:attachment":[{"href":"https:\/\/baldumarket.lt\/lt\/wp-json\/wp\/v2\/media?parent=160890"}],"wp:term":[{"taxonomy":"product_brand","embeddable":true,"href":"https:\/\/baldumarket.lt\/lt\/wp-json\/wp\/v2\/product_brand?post=160890"},{"taxonomy":"product_cat","embeddable":true,"href":"https:\/\/baldumarket.lt\/lt\/wp-json\/wp\/v2\/product_cat?post=160890"},{"taxonomy":"product_tag","embeddable":true,"href":"https:\/\/baldumarket.lt\/lt\/wp-json\/wp\/v2\/product_tag?post=160890"}],"curies":[{"name":"wp","href":"https:\/\/api.w.org\/{rel}","templated":true}]}}