{"id":160874,"date":"2025-12-19T01:25:13","date_gmt":"2025-12-18T22:25:13","guid":{"rendered":"https:\/\/baldumarket.lt\/product\/rel-pt90-polkotapczan-90-cm-bialy-platynowy-mat\/"},"modified":"2026-04-12T14:39:43","modified_gmt":"2026-04-12T11:39:43","slug":"rel-pt90-polkotapczan-90-cm-bialy-platynowy-mat","status":"publish","type":"product","link":"https:\/\/baldumarket.lt\/lt\/product\/rel-pt90-polkotapczan-90-cm-bialy-platynowy-mat\/","title":{"rendered":"Rel PT90 &#8211; Sienin\u0117 lova, 90 cm, balta, platinin\u0117, matin\u0117"},"content":{"rendered":"<p>Atraskite garsaus \u201eGa\u0142a Meble\u201c prek\u0117s \u017eenklo \u201eRel PT90\u201c sienin\u0119 lov\u0105, kuri puikiai derina modern\u0173 dizain\u0105 ir funkcionalum\u0105. Eleganti\u0161ka, matin\u0117 platinos baltumo apdaila puikiai papildo bet kok\u012f interjer\u0105, tiek minimalistin\u012f, tiek klasikin\u012f. D\u0117l puikaus meistri\u0161kumo \u0161is baldas yra ne tik ak\u012f traukiantis, bet ir ne\u012ftik\u0117tinai prakti\u0161kas, si\u016blantis viet\u0105 miegoti ribotoje erdv\u0117je. M\u0117gaukit\u0117s komfortu kiekvien\u0105 nakt\u012f d\u0117l spyruoklinio mechanizmo, kuris palengvina lovos atidarym\u0105 ir u\u017edarym\u0105. Sienin\u0117 lova, kurios miegamojo plotas yra 90 x 200 cm, idealiai tinka ma\u017eiems butams, sve\u010di\u0173 kambariams ar nam\u0173 biurams. Be to, tvirtas r\u0117mas, pagamintas i\u0161 laminuotos medienos ir plieno, u\u017etikrina stabilum\u0105 ir iki 100 kg keliam\u0105j\u0105 gali\u0105, tod\u0117l tai patikimas palydovas kasdieniam naudojimui. Prakti\u0161kas \u0161io unikalaus baldo papildymas yra tvirtinimo dir\u017eeliai, kurie laiko patalyn\u0119 vietoje sulankstant, pa\u0161alindami chaos\u0105 ir dar labiau palengvindami sienin\u0117s lovos naudojim\u0105. Savaranki\u0161ko surinkimo galimyb\u0117 ir reguliuojamo auk\u0161\u010dio kojel\u0117s leid\u017eia pritaikyti baldus individualiems naudotoj\u0173 poreikiams ir kambario specifikai.<\/p>","protected":false},"excerpt":{"rendered":"<p>Plotis (cm): 104<br \/>\n\u016agis (cm): 219<br \/>\nGylis (cm): 40<\/p>","protected":false},"featured_media":160875,"comment_status":"open","ping_status":"open","template":"","meta":[],"product_brand":[],"product_cat":[9457,505,4106],"product_tag":[],"class_list":{"0":"post-160874","1":"product","2":"type-product","3":"status-publish","4":"has-post-thumbnail","6":"product_cat-furniture-system-rel-gala-meble","7":"product_cat-bedroom-beds","8":"product_cat-gala-meble","10":"first","11":"instock","12":"purchasable","13":"product-type-simple"},"_links":{"self":[{"href":"https:\/\/baldumarket.lt\/lt\/wp-json\/wp\/v2\/product\/160874","targetHints":{"allow":["GET"]}}],"collection":[{"href":"https:\/\/baldumarket.lt\/lt\/wp-json\/wp\/v2\/product"}],"about":[{"href":"https:\/\/baldumarket.lt\/lt\/wp-json\/wp\/v2\/types\/product"}],"replies":[{"embeddable":true,"href":"https:\/\/baldumarket.lt\/lt\/wp-json\/wp\/v2\/comments?post=160874"}],"wp:featuredmedia":[{"embeddable":true,"href":"https:\/\/baldumarket.lt\/lt\/wp-json\/wp\/v2\/media\/160875"}],"wp:attachment":[{"href":"https:\/\/baldumarket.lt\/lt\/wp-json\/wp\/v2\/media?parent=160874"}],"wp:term":[{"taxonomy":"product_brand","embeddable":true,"href":"https:\/\/baldumarket.lt\/lt\/wp-json\/wp\/v2\/product_brand?post=160874"},{"taxonomy":"product_cat","embeddable":true,"href":"https:\/\/baldumarket.lt\/lt\/wp-json\/wp\/v2\/product_cat?post=160874"},{"taxonomy":"product_tag","embeddable":true,"href":"https:\/\/baldumarket.lt\/lt\/wp-json\/wp\/v2\/product_tag?post=160874"}],"curies":[{"name":"wp","href":"https:\/\/api.w.org\/{rel}","templated":true}]}}