{"id":160868,"date":"2025-12-19T01:25:01","date_gmt":"2025-12-18T22:25:01","guid":{"rendered":"https:\/\/baldumarket.lt\/product\/rel-s1d2s-szafa-1d2s-bialy-platynowy-mat\/"},"modified":"2026-04-12T14:39:43","modified_gmt":"2026-04-12T11:39:43","slug":"rel-s1d2s-szafa-1d2s-bialy-platynowy-mat","status":"publish","type":"product","link":"https:\/\/baldumarket.lt\/lt\/product\/rel-s1d2s-szafa-1d2s-bialy-platynowy-mat\/","title":{"rendered":"Rel S1D2S \u2013 Drabu\u017ein\u0117 1D2S, balta, matin\u0117, platinin\u0117"},"content":{"rendered":"<p>Atraskite elegancij\u0105 ir funkcionalum\u0105 viename \u2013 garsaus \u201eGa\u0142a Meble\u201c prek\u0117s \u017eenklo \u201e1D2S\u201c spinta \u201ePlatinum White\u201c spalvos. \u0160is unikalus baldas puikiai tiks prie bet kokio interjero stiliaus \u2013 nuo modernaus iki klasikinio. Minimalistinis dizainas ir matin\u0117 apdaila puikiai papildys bet kur\u012f miegam\u0105j\u012f, prie\u0161kambar\u012f ar persirengimo kambar\u012f. 54 cm plo\u010dio, 219 cm auk\u0161\u010dio ir 40 cm gylio spinta suteikia daug vietos j\u016bs\u0173 drabu\u017eiams. Viduje du prakti\u0161ki stal\u010diai padeda tvarkingai susid\u0117ti daiktus ir leid\u017eia lengvai laikyti tiek drabu\u017eius, tiek smulkius aksesuarus. Tokia tvarka u\u017etikrina, kad kiekvienas daiktas tur\u0117t\u0173 savo viet\u0105, tod\u0117l kasdienyb\u0117 tampa lengvesn\u0117. Pagaminta i\u0161 auk\u0161tos kokyb\u0117s MDF ir laminuotos plok\u0161t\u0117s, \u201e1D2S\u201c spinta pasi\u017eymi atsparumu pa\u017eeidimams, tod\u0117l yra patvari ir esteti\u0161kai patraukli ilgus metus. Metaliniai vyriai ir ritininiai kreiptuvai u\u017etikrina skland\u0173 atidarym\u0105 ir u\u017edarym\u0105, o \u0161lifuoto aukso spalvos rankena suteikia prabangos ir elegancijos.<\/p>","protected":false},"excerpt":{"rendered":"<p>Plotis (cm): 54<br \/>\n\u016agis (cm): 219<br \/>\nGylis (cm): 40<\/p>","protected":false},"featured_media":160869,"comment_status":"open","ping_status":"open","template":"","meta":[],"product_brand":[],"product_cat":[9457,4106,1177],"product_tag":[],"class_list":{"0":"post-160868","1":"product","2":"type-product","3":"status-publish","4":"has-post-thumbnail","6":"product_cat-furniture-system-rel-gala-meble","7":"product_cat-gala-meble","8":"product_cat-wardrobes","10":"first","11":"instock","12":"purchasable","13":"product-type-simple"},"_links":{"self":[{"href":"https:\/\/baldumarket.lt\/lt\/wp-json\/wp\/v2\/product\/160868","targetHints":{"allow":["GET"]}}],"collection":[{"href":"https:\/\/baldumarket.lt\/lt\/wp-json\/wp\/v2\/product"}],"about":[{"href":"https:\/\/baldumarket.lt\/lt\/wp-json\/wp\/v2\/types\/product"}],"replies":[{"embeddable":true,"href":"https:\/\/baldumarket.lt\/lt\/wp-json\/wp\/v2\/comments?post=160868"}],"wp:featuredmedia":[{"embeddable":true,"href":"https:\/\/baldumarket.lt\/lt\/wp-json\/wp\/v2\/media\/160869"}],"wp:attachment":[{"href":"https:\/\/baldumarket.lt\/lt\/wp-json\/wp\/v2\/media?parent=160868"}],"wp:term":[{"taxonomy":"product_brand","embeddable":true,"href":"https:\/\/baldumarket.lt\/lt\/wp-json\/wp\/v2\/product_brand?post=160868"},{"taxonomy":"product_cat","embeddable":true,"href":"https:\/\/baldumarket.lt\/lt\/wp-json\/wp\/v2\/product_cat?post=160868"},{"taxonomy":"product_tag","embeddable":true,"href":"https:\/\/baldumarket.lt\/lt\/wp-json\/wp\/v2\/product_tag?post=160868"}],"curies":[{"name":"wp","href":"https:\/\/api.w.org\/{rel}","templated":true}]}}