{"id":160862,"date":"2025-12-19T01:24:50","date_gmt":"2025-12-18T22:24:50","guid":{"rendered":"https:\/\/baldumarket.lt\/product\/rel-sn-szafka-nocna-2-szuflady-bialy-platynowy-mat\/"},"modified":"2026-04-12T14:39:43","modified_gmt":"2026-04-12T11:39:43","slug":"rel-sn-szafka-nocna-2-szuflady-bialy-platynowy-mat","status":"publish","type":"product","link":"https:\/\/baldumarket.lt\/lt\/product\/rel-sn-szafka-nocna-2-szuflady-bialy-platynowy-mat\/","title":{"rendered":"Rel SN \u2013 Naktinis staliukas su 2 stal\u010diais, baltas, matinis, platininis"},"content":{"rendered":"<p>Si\u016blome Jums i\u0161skirtinai eleganti\u0161k\u0105 \u201eGa\u0142a Meble\u201c naktin\u012f staliuk\u0105 \u2013 tobul\u0105 bet kurio miegamojo papildym\u0105. Matin\u0117s platinos baltos spalvos apdaila spinduliuoja modernumu ir subtilumu, o minimalistinis dizainas puikiai tinka \u012fvairiems interjero dizainams. Tai puikus sprendimas tiems, kurie vertina stilistin\u0119 harmonij\u0105 ir nesenstan\u010di\u0105 estetik\u0105. \u0160is naktinis staliukas turi du prakti\u0161kus stal\u010dius, kuriuose yra daug vietos visoms smulkmenoms, kurias norite tur\u0117ti po ranka prie\u0161 mieg\u0105. Nesvarbu, ar tai knygos, stiklin\u0117s, ar kiti b\u016btini daiktai, \u0161is naktinis staliukas tikrai pad\u0117s palaikyti tvark\u0105 j\u016bs\u0173 miegamajame ir suteiks elegancijos. \u0160lifuoto aukso spalvos ranken\u0117l\u0117 suteikia prabangos, puikiai kontrastuodama su matiniu pavir\u0161iumi. Stilinga ranken\u0117l\u0117 yra ne tik prakti\u0161ka, bet ir gra\u017eus akcentas, kuris patraukia d\u0117mes\u012f ir pabr\u0117\u017eia unikal\u0173 baldo charakter\u012f. \u0160ios detal\u0117s daro \u0161\u012f naktin\u012f staliuk\u0105 unikaliu ir patraukliu visiems, norintiems sukurti ypating\u0105 atmosfer\u0105 savo interjere.<\/p>","protected":false},"excerpt":{"rendered":"<p>Plotis (cm): 40<br \/>\n\u016agis (cm): 48<br \/>\nGylis (cm): 40<\/p>","protected":false},"featured_media":160863,"comment_status":"open","ping_status":"open","template":"","meta":[],"product_brand":[],"product_cat":[9457,1176,4106],"product_tag":[],"class_list":{"0":"post-160862","1":"product","2":"type-product","3":"status-publish","4":"has-post-thumbnail","6":"product_cat-furniture-system-rel-gala-meble","7":"product_cat-bedside-tables","8":"product_cat-gala-meble","10":"first","11":"instock","12":"purchasable","13":"product-type-simple"},"_links":{"self":[{"href":"https:\/\/baldumarket.lt\/lt\/wp-json\/wp\/v2\/product\/160862","targetHints":{"allow":["GET"]}}],"collection":[{"href":"https:\/\/baldumarket.lt\/lt\/wp-json\/wp\/v2\/product"}],"about":[{"href":"https:\/\/baldumarket.lt\/lt\/wp-json\/wp\/v2\/types\/product"}],"replies":[{"embeddable":true,"href":"https:\/\/baldumarket.lt\/lt\/wp-json\/wp\/v2\/comments?post=160862"}],"wp:featuredmedia":[{"embeddable":true,"href":"https:\/\/baldumarket.lt\/lt\/wp-json\/wp\/v2\/media\/160863"}],"wp:attachment":[{"href":"https:\/\/baldumarket.lt\/lt\/wp-json\/wp\/v2\/media?parent=160862"}],"wp:term":[{"taxonomy":"product_brand","embeddable":true,"href":"https:\/\/baldumarket.lt\/lt\/wp-json\/wp\/v2\/product_brand?post=160862"},{"taxonomy":"product_cat","embeddable":true,"href":"https:\/\/baldumarket.lt\/lt\/wp-json\/wp\/v2\/product_cat?post=160862"},{"taxonomy":"product_tag","embeddable":true,"href":"https:\/\/baldumarket.lt\/lt\/wp-json\/wp\/v2\/product_tag?post=160862"}],"curies":[{"name":"wp","href":"https:\/\/api.w.org\/{rel}","templated":true}]}}