{"id":160855,"date":"2025-12-19T01:24:37","date_gmt":"2025-12-18T22:24:37","guid":{"rendered":"https:\/\/baldumarket.lt\/product\/rel-ts-toaletka-rozsuwana-z-lustrem-i-siedziskiem-bialy-platynowy-mat\/"},"modified":"2026-04-12T14:39:43","modified_gmt":"2026-04-12T11:39:43","slug":"rel-ts-toaletka-rozsuwana-z-lustrem-i-siedziskiem-bialy-platynowy-mat","status":"publish","type":"product","link":"https:\/\/baldumarket.lt\/lt\/product\/rel-ts-toaletka-rozsuwana-z-lustrem-i-siedziskiem-bialy-platynowy-mat\/","title":{"rendered":"Rel TS \u2013 Stumdomas tualetinis staliukas su veidrod\u017eiu ir s\u0117dyne, matin\u0117s platinos baltumo"},"content":{"rendered":"<p>Atraskite elegancijos ir funkcionalumo derin\u012f \u0161iame stumdomame \u201eGa\u0142a Meble\u201c tualetiniame staliuke su veidrod\u017eiu ir s\u0117dyne. Platinos baltumo spalva suteikia jam modern\u0173, ta\u010diau klasikin\u012f vaizd\u0105, kuris puikiai tiks \u012fvairiuose interjeruose. Pagamintas i\u0161 auk\u0161tos kokyb\u0117s med\u017eiag\u0173, \u0161is tualetinis staliukas yra puikus sprendimas tiems, kurie vertina estetik\u0105 ir prakti\u0161kum\u0105. D\u0117l integruoto pufo, aptraukto mink\u0161tu sm\u0117lio spalvos aksomu, kiekvienas rytas bus prabangus. Vidinis faneros organizatorius ir prakti\u0161kas, \u012f stalvir\u0161\u012f integruotas veidrodis daro \u0161\u012f tualetin\u012f staliuk\u0105 ne tik gra\u017e\u0173, bet ir funkcional\u0173. Jame galite lengvai laikyti kosmetik\u0105, papuo\u0161alus ir kitus nieku\u010dius, kad viskas b\u016bt\u0173 lengvai pasiekiama. Stal\u010dius ir papildoma daikt\u0173 laikymo vieta yra idealus sprendimas, ypa\u010d ma\u017eesn\u0117ms erdv\u0117ms, kur svarbus kiekvienas centimetras. Atraskite, kaip lengva kasdieniame gyvenime \u012fvesti tvarkos ir stiliaus. Tokios detal\u0117s kaip \u0161lifuoto aukso spalvos metalin\u0117s rankenos suteikia prabangos, o \u012fr\u0117mintas MDF priekin\u0117s dalies dizainas ne tik pagerina spintel\u0117s estetik\u0105, bet ir u\u017etikrina jos patvarum\u0105. Be to, 18 mm storio laminuotos plok\u0161t\u0117s naudojimas daro bald\u0105 atspar\u0173 pa\u017eeidimams, tod\u0117l tai idealus pasirinkimas kasdieniam naudojimui.<\/p>","protected":false},"excerpt":{"rendered":"<p>Plotis (cm): 50<br \/>\n\u016agis (cm): 80<br \/>\nGylis (cm): 50<\/p>","protected":false},"featured_media":160856,"comment_status":"open","ping_status":"open","template":"","meta":[],"product_brand":[],"product_cat":[9457,1237,4106],"product_tag":[],"class_list":{"0":"post-160855","1":"product","2":"type-product","3":"status-publish","4":"has-post-thumbnail","6":"product_cat-furniture-system-rel-gala-meble","7":"product_cat-dressing-tables","8":"product_cat-gala-meble","10":"first","11":"instock","12":"purchasable","13":"product-type-simple"},"_links":{"self":[{"href":"https:\/\/baldumarket.lt\/lt\/wp-json\/wp\/v2\/product\/160855","targetHints":{"allow":["GET"]}}],"collection":[{"href":"https:\/\/baldumarket.lt\/lt\/wp-json\/wp\/v2\/product"}],"about":[{"href":"https:\/\/baldumarket.lt\/lt\/wp-json\/wp\/v2\/types\/product"}],"replies":[{"embeddable":true,"href":"https:\/\/baldumarket.lt\/lt\/wp-json\/wp\/v2\/comments?post=160855"}],"wp:featuredmedia":[{"embeddable":true,"href":"https:\/\/baldumarket.lt\/lt\/wp-json\/wp\/v2\/media\/160856"}],"wp:attachment":[{"href":"https:\/\/baldumarket.lt\/lt\/wp-json\/wp\/v2\/media?parent=160855"}],"wp:term":[{"taxonomy":"product_brand","embeddable":true,"href":"https:\/\/baldumarket.lt\/lt\/wp-json\/wp\/v2\/product_brand?post=160855"},{"taxonomy":"product_cat","embeddable":true,"href":"https:\/\/baldumarket.lt\/lt\/wp-json\/wp\/v2\/product_cat?post=160855"},{"taxonomy":"product_tag","embeddable":true,"href":"https:\/\/baldumarket.lt\/lt\/wp-json\/wp\/v2\/product_tag?post=160855"}],"curies":[{"name":"wp","href":"https:\/\/api.w.org\/{rel}","templated":true}]}}