{"id":160851,"date":"2025-12-19T01:24:29","date_gmt":"2025-12-18T22:24:29","guid":{"rendered":"https:\/\/baldumarket.lt\/product\/rel-z140-zaglowek-tapicerowany-140-cm-dedykowany-do-polkotapczanu-pt140\/"},"modified":"2026-04-12T14:39:43","modified_gmt":"2026-04-12T11:39:43","slug":"rel-z140-zaglowek-tapicerowany-140-cm-dedykowany-do-polkotapczanu-pt140","status":"publish","type":"product","link":"https:\/\/baldumarket.lt\/lt\/product\/rel-z140-zaglowek-tapicerowany-140-cm-dedykowany-do-polkotapczanu-pt140\/","title":{"rendered":"Rel Z140 \u2013 Apmu\u0161ta galvos atrama 140 cm Skirta PT140 sieninei lovai"},"content":{"rendered":"<p>Atraskite i\u0161skirtin\u012f komfort\u0105 ir elegancij\u0105<\/p>\n<p>Kuriant interjer\u0105, neabejotinai verta investuoti \u012f auk\u0161tos kokyb\u0117s med\u017eiagas. \u201eRel Z140\u201c galv\u016bgalis pagamintas i\u0161 auk\u0161\u010diausios kokyb\u0117s aksomo audinio, pasi\u017eymin\u010dio dideliu 330 g\/m\u00b2 gramat\u016bros tankiu ir atsparumu dilimui. D\u0117l \u0161i\u0173 savybi\u0173 j\u016bs ne tik \u012fsigyjate bald\u0105, bet ir garantuojate patvarum\u0105 bei komfort\u0105 ilgus metus. Auk\u0161tos kokyb\u0117s audinys suteikia kambariui \u0161ilumos ir jaukumo, kartu suteikdamas jam eleganti\u0161k\u0105 charakter\u012f.<\/p>\n<p>Be estetinio patrauklumo, \u201eRel Z140\u201c galv\u016bgalis taip pat pasi\u017eymi kasdieniu funkcionalumu. D\u0117l paprasto ir intuityvaus surinkimo j\u012f galite lengvai pritaikyti prie savo interjero. Galv\u016bgalis ne tik palaiko galv\u0105 atsipalaidavus, bet ir pagerina bendr\u0105 dizain\u0105, sukurdamas harmoning\u0105 visum\u0105 su kitais baldais. \u0160is esminis elementas \u017eymiai pagerins j\u016bs\u0173 lovos ar sofos komfort\u0105, tod\u0117l vakarai taps malonesni.<\/p>\n<p>Nedvejokite, kad savo namams suteiktum\u0117te elegancijos ir jaukumo. Mink\u0161tas \u201eRel Z140\u201c lovos galv\u016bgalis yra ideali investicija \u012f j\u016bs\u0173 interjer\u0105, kuris taps ne tik funkcionalesnis, bet ir esteti\u0161kai patrauklesnis. Pasirinkite \u0161\u012f \u017eav\u0173 bald\u0105 ir m\u0117gaukit\u0117s gro\u017eiu, kur\u012f jis suteiks j\u016bs\u0173 erdvei.<\/p>","protected":false},"excerpt":{"rendered":"<p>Plotis (cm): 150<br \/>\n\u016agis (cm): 50<br \/>\nGylis (cm): 6<\/p>","protected":false},"featured_media":160852,"comment_status":"open","ping_status":"open","template":"","meta":[],"product_brand":[],"product_cat":[9457,1043,4106],"product_tag":[],"class_list":{"0":"post-160851","1":"product","2":"type-product","3":"status-publish","4":"has-post-thumbnail","6":"product_cat-furniture-system-rel-gala-meble","7":"product_cat-extras","8":"product_cat-gala-meble","10":"first","11":"instock","12":"purchasable","13":"product-type-simple"},"_links":{"self":[{"href":"https:\/\/baldumarket.lt\/lt\/wp-json\/wp\/v2\/product\/160851","targetHints":{"allow":["GET"]}}],"collection":[{"href":"https:\/\/baldumarket.lt\/lt\/wp-json\/wp\/v2\/product"}],"about":[{"href":"https:\/\/baldumarket.lt\/lt\/wp-json\/wp\/v2\/types\/product"}],"replies":[{"embeddable":true,"href":"https:\/\/baldumarket.lt\/lt\/wp-json\/wp\/v2\/comments?post=160851"}],"wp:featuredmedia":[{"embeddable":true,"href":"https:\/\/baldumarket.lt\/lt\/wp-json\/wp\/v2\/media\/160852"}],"wp:attachment":[{"href":"https:\/\/baldumarket.lt\/lt\/wp-json\/wp\/v2\/media?parent=160851"}],"wp:term":[{"taxonomy":"product_brand","embeddable":true,"href":"https:\/\/baldumarket.lt\/lt\/wp-json\/wp\/v2\/product_brand?post=160851"},{"taxonomy":"product_cat","embeddable":true,"href":"https:\/\/baldumarket.lt\/lt\/wp-json\/wp\/v2\/product_cat?post=160851"},{"taxonomy":"product_tag","embeddable":true,"href":"https:\/\/baldumarket.lt\/lt\/wp-json\/wp\/v2\/product_tag?post=160851"}],"curies":[{"name":"wp","href":"https:\/\/api.w.org\/{rel}","templated":true}]}}