{"id":160846,"date":"2025-12-19T01:24:19","date_gmt":"2025-12-18T22:24:19","guid":{"rendered":"https:\/\/baldumarket.lt\/product\/rel-z90-zaglowek-tapicerowany-90-cm-dedykowany-do-polkotapczanu-pt90\/"},"modified":"2026-04-12T14:39:27","modified_gmt":"2026-04-12T11:39:27","slug":"rel-z90-zaglowek-tapicerowany-90-cm-dedykowany-do-polkotapczanu-pt90","status":"publish","type":"product","link":"https:\/\/baldumarket.lt\/lt\/product\/rel-z90-zaglowek-tapicerowany-90-cm-dedykowany-do-polkotapczanu-pt90\/","title":{"rendered":"Rel Z90 &#8211; Apmu\u0161ta galvos atrama 90 cm Skirta PT90 sieninei lovai"},"content":{"rendered":"<p>Suteikite savo interjerui elegancijos su m\u016bs\u0173 apmu\u0161tu \u201eRel Z90\u201c galv\u016bgaliu, skirtu \u201eGa\u0142a Meble\u201c pakabinamai lovai \u201ePT90\u201c. Rafinuota sm\u0117lio spalva \u201eRiviera 21\u201c atspalvyje suteiks bet kuriam kambariui unikalumo, tod\u0117l poilsis taps dar malonesnis. Pagamintas i\u0161 auk\u0161\u010diausios kokyb\u0117s aksomo audinio, galv\u016bgalis tikrai patrauks ak\u012f ir suteiks j\u016bs\u0173 miegamajam prabangos. \u0160is modelis i\u0161siskiria ne tik estetika, bet ir funkcionalumu. 50 cm auk\u0161tis ir 150 cm plotis puikiai papildo j\u016bs\u0173 pakabinam\u0105 lov\u0105, u\u017etikrindamas saugum\u0105 ir komfort\u0105 atsipalaidavimo metu. 6 cm gylis leid\u017eia jam puikiai priglusti prie sienos, o storesn\u0117 med\u017eiaga (330 g\/m\u00b2) u\u017etikrina patvarum\u0105 ir atsparum\u0105 kasdieniam naudojimui. Tai u\u017etikrina, kad galv\u016bgalis daugel\u012f met\u0173 i\u0161liks puikios b\u016bkl\u0117s. Galvodami apie kasdien\u012f naudojim\u0105, taip pat u\u017etikrinome lengv\u0105 surinkim\u0105. Produktas sukurtas taip, kad j\u012f b\u016bt\u0173 galima surinkti savaranki\u0161kai, tod\u0117l j\u012f galima greitai ir be vargo integruoti \u012f j\u016bs\u0173 interjer\u0105. Paprastas dizainas leid\u017eia j\u012f lengvai sumontuoti kiekvienam, nepriklausomai nuo montavimo patirties.<\/p>","protected":false},"excerpt":{"rendered":"<p>Plotis (cm): 150<br \/>\n\u016agis (cm): 50<br \/>\nGylis (cm): 6<\/p>","protected":false},"featured_media":160847,"comment_status":"open","ping_status":"open","template":"","meta":[],"product_brand":[],"product_cat":[9457,1043,4106],"product_tag":[],"class_list":{"0":"post-160846","1":"product","2":"type-product","3":"status-publish","4":"has-post-thumbnail","6":"product_cat-furniture-system-rel-gala-meble","7":"product_cat-extras","8":"product_cat-gala-meble","10":"first","11":"instock","12":"purchasable","13":"product-type-simple"},"_links":{"self":[{"href":"https:\/\/baldumarket.lt\/lt\/wp-json\/wp\/v2\/product\/160846","targetHints":{"allow":["GET"]}}],"collection":[{"href":"https:\/\/baldumarket.lt\/lt\/wp-json\/wp\/v2\/product"}],"about":[{"href":"https:\/\/baldumarket.lt\/lt\/wp-json\/wp\/v2\/types\/product"}],"replies":[{"embeddable":true,"href":"https:\/\/baldumarket.lt\/lt\/wp-json\/wp\/v2\/comments?post=160846"}],"wp:featuredmedia":[{"embeddable":true,"href":"https:\/\/baldumarket.lt\/lt\/wp-json\/wp\/v2\/media\/160847"}],"wp:attachment":[{"href":"https:\/\/baldumarket.lt\/lt\/wp-json\/wp\/v2\/media?parent=160846"}],"wp:term":[{"taxonomy":"product_brand","embeddable":true,"href":"https:\/\/baldumarket.lt\/lt\/wp-json\/wp\/v2\/product_brand?post=160846"},{"taxonomy":"product_cat","embeddable":true,"href":"https:\/\/baldumarket.lt\/lt\/wp-json\/wp\/v2\/product_cat?post=160846"},{"taxonomy":"product_tag","embeddable":true,"href":"https:\/\/baldumarket.lt\/lt\/wp-json\/wp\/v2\/product_tag?post=160846"}],"curies":[{"name":"wp","href":"https:\/\/api.w.org\/{rel}","templated":true}]}}