{"id":160838,"date":"2025-12-19T01:24:04","date_gmt":"2025-12-18T22:24:04","guid":{"rendered":"https:\/\/baldumarket.lt\/product\/royal-k1s-komoda-3-drzwiowa-sosna-nordycka-dab-dziki\/"},"modified":"2026-02-05T14:05:13","modified_gmt":"2026-02-05T11:05:13","slug":"royal-k1s-komoda-3-drzwiowa-sosna-nordycka-dab-dziki","status":"publish","type":"product","link":"https:\/\/baldumarket.lt\/lt\/product\/royal-k1s-komoda-3-drzwiowa-sosna-nordycka-dab-dziki\/","title":{"rendered":"ROYAL K1S \u2013 Trij\u0173 dur\u0173 komoda i\u0161 \u0161iaurin\u0117s pu\u0161ies \/ laukinio \u0105\u017euolo"},"content":{"rendered":"","protected":false},"excerpt":{"rendered":"<p>\u016agis (cm): 98<br \/>\nPlotis (cm): 127<br \/>\nGylis (cm): 44,5<\/p>","protected":false},"featured_media":160839,"comment_status":"open","ping_status":"open","template":"","meta":[],"product_brand":[],"product_cat":[9438,1173,4106],"product_tag":[],"class_list":{"0":"post-160838","1":"product","2":"type-product","3":"status-publish","4":"has-post-thumbnail","6":"product_cat-furniture-system-royal","7":"product_cat-chests-of-drawers","8":"product_cat-gala-meble","10":"first","11":"instock","12":"purchasable","13":"product-type-simple"},"_links":{"self":[{"href":"https:\/\/baldumarket.lt\/lt\/wp-json\/wp\/v2\/product\/160838","targetHints":{"allow":["GET"]}}],"collection":[{"href":"https:\/\/baldumarket.lt\/lt\/wp-json\/wp\/v2\/product"}],"about":[{"href":"https:\/\/baldumarket.lt\/lt\/wp-json\/wp\/v2\/types\/product"}],"replies":[{"embeddable":true,"href":"https:\/\/baldumarket.lt\/lt\/wp-json\/wp\/v2\/comments?post=160838"}],"wp:featuredmedia":[{"embeddable":true,"href":"https:\/\/baldumarket.lt\/lt\/wp-json\/wp\/v2\/media\/160839"}],"wp:attachment":[{"href":"https:\/\/baldumarket.lt\/lt\/wp-json\/wp\/v2\/media?parent=160838"}],"wp:term":[{"taxonomy":"product_brand","embeddable":true,"href":"https:\/\/baldumarket.lt\/lt\/wp-json\/wp\/v2\/product_brand?post=160838"},{"taxonomy":"product_cat","embeddable":true,"href":"https:\/\/baldumarket.lt\/lt\/wp-json\/wp\/v2\/product_cat?post=160838"},{"taxonomy":"product_tag","embeddable":true,"href":"https:\/\/baldumarket.lt\/lt\/wp-json\/wp\/v2\/product_tag?post=160838"}],"curies":[{"name":"wp","href":"https:\/\/api.w.org\/{rel}","templated":true}]}}