{"id":160834,"date":"2025-12-19T01:23:56","date_gmt":"2025-12-18T22:23:56","guid":{"rendered":"https:\/\/baldumarket.lt\/product\/royal-k2d-komoda-2-drzwiowa-sosna-nordycka-dab-dziki\/"},"modified":"2026-02-05T14:05:13","modified_gmt":"2026-02-05T11:05:13","slug":"royal-k2d-komoda-2-drzwiowa-sosna-nordycka-dab-dziki","status":"publish","type":"product","link":"https:\/\/baldumarket.lt\/lt\/product\/royal-k2d-komoda-2-drzwiowa-sosna-nordycka-dab-dziki\/","title":{"rendered":"ROYAL K2D &#8211; 2 dur\u0173 komoda su \u0161iaurine pu\u0161imi \/ laukiniu \u0105\u017euolu"},"content":{"rendered":"","protected":false},"excerpt":{"rendered":"<p>\u016agis (cm): 98<br \/>\nPlotis (cm): 127<br \/>\nGylis (cm): 44,5<\/p>","protected":false},"featured_media":160835,"comment_status":"open","ping_status":"open","template":"","meta":[],"product_brand":[],"product_cat":[9438,1173,4106],"product_tag":[],"class_list":{"0":"post-160834","1":"product","2":"type-product","3":"status-publish","4":"has-post-thumbnail","6":"product_cat-furniture-system-royal","7":"product_cat-chests-of-drawers","8":"product_cat-gala-meble","10":"first","11":"instock","12":"purchasable","13":"product-type-simple"},"_links":{"self":[{"href":"https:\/\/baldumarket.lt\/lt\/wp-json\/wp\/v2\/product\/160834","targetHints":{"allow":["GET"]}}],"collection":[{"href":"https:\/\/baldumarket.lt\/lt\/wp-json\/wp\/v2\/product"}],"about":[{"href":"https:\/\/baldumarket.lt\/lt\/wp-json\/wp\/v2\/types\/product"}],"replies":[{"embeddable":true,"href":"https:\/\/baldumarket.lt\/lt\/wp-json\/wp\/v2\/comments?post=160834"}],"wp:featuredmedia":[{"embeddable":true,"href":"https:\/\/baldumarket.lt\/lt\/wp-json\/wp\/v2\/media\/160835"}],"wp:attachment":[{"href":"https:\/\/baldumarket.lt\/lt\/wp-json\/wp\/v2\/media?parent=160834"}],"wp:term":[{"taxonomy":"product_brand","embeddable":true,"href":"https:\/\/baldumarket.lt\/lt\/wp-json\/wp\/v2\/product_brand?post=160834"},{"taxonomy":"product_cat","embeddable":true,"href":"https:\/\/baldumarket.lt\/lt\/wp-json\/wp\/v2\/product_cat?post=160834"},{"taxonomy":"product_tag","embeddable":true,"href":"https:\/\/baldumarket.lt\/lt\/wp-json\/wp\/v2\/product_tag?post=160834"}],"curies":[{"name":"wp","href":"https:\/\/api.w.org\/{rel}","templated":true}]}}