{"id":160808,"date":"2025-12-19T01:23:11","date_gmt":"2025-12-18T22:23:11","guid":{"rendered":"https:\/\/baldumarket.lt\/product\/royal-s1d-szafa-1-drzwiowa-sosna-nordycka-dab-dziki\/"},"modified":"2026-02-05T14:05:21","modified_gmt":"2026-02-05T11:05:21","slug":"royal-s1d-szafa-1-drzwiowa-sosna-nordycka-dab-dziki","status":"publish","type":"product","link":"https:\/\/baldumarket.lt\/lt\/product\/royal-s1d-szafa-1-drzwiowa-sosna-nordycka-dab-dziki\/","title":{"rendered":"ROYAL S1D \u2013 Vien\u0173 dur\u0173 spinta, \u0161iaurin\u0117 pu\u0161is\/laukinis \u0105\u017euolas"},"content":{"rendered":"","protected":false},"excerpt":{"rendered":"<p>\u016agis (cm): 187<br \/>\nPlotis (cm): 57<br \/>\nGylis (cm): 39<\/p>","protected":false},"featured_media":160809,"comment_status":"open","ping_status":"open","template":"","meta":[],"product_brand":[],"product_cat":[9438,4106,1177],"product_tag":[],"class_list":{"0":"post-160808","1":"product","2":"type-product","3":"status-publish","4":"has-post-thumbnail","6":"product_cat-furniture-system-royal","7":"product_cat-gala-meble","8":"product_cat-wardrobes","10":"first","11":"instock","12":"purchasable","13":"product-type-simple"},"_links":{"self":[{"href":"https:\/\/baldumarket.lt\/lt\/wp-json\/wp\/v2\/product\/160808","targetHints":{"allow":["GET"]}}],"collection":[{"href":"https:\/\/baldumarket.lt\/lt\/wp-json\/wp\/v2\/product"}],"about":[{"href":"https:\/\/baldumarket.lt\/lt\/wp-json\/wp\/v2\/types\/product"}],"replies":[{"embeddable":true,"href":"https:\/\/baldumarket.lt\/lt\/wp-json\/wp\/v2\/comments?post=160808"}],"wp:featuredmedia":[{"embeddable":true,"href":"https:\/\/baldumarket.lt\/lt\/wp-json\/wp\/v2\/media\/160809"}],"wp:attachment":[{"href":"https:\/\/baldumarket.lt\/lt\/wp-json\/wp\/v2\/media?parent=160808"}],"wp:term":[{"taxonomy":"product_brand","embeddable":true,"href":"https:\/\/baldumarket.lt\/lt\/wp-json\/wp\/v2\/product_brand?post=160808"},{"taxonomy":"product_cat","embeddable":true,"href":"https:\/\/baldumarket.lt\/lt\/wp-json\/wp\/v2\/product_cat?post=160808"},{"taxonomy":"product_tag","embeddable":true,"href":"https:\/\/baldumarket.lt\/lt\/wp-json\/wp\/v2\/product_tag?post=160808"}],"curies":[{"name":"wp","href":"https:\/\/api.w.org\/{rel}","templated":true}]}}