{"id":160774,"date":"2025-12-19T01:22:07","date_gmt":"2025-12-18T22:22:07","guid":{"rendered":"https:\/\/baldumarket.lt\/product\/saori-k1d3s-komoda-1d3s-cremona\/"},"modified":"2026-04-12T14:39:27","modified_gmt":"2026-04-12T11:39:27","slug":"saori-k1d3s-komoda-1d3s-cremona","status":"publish","type":"product","link":"https:\/\/baldumarket.lt\/lt\/product\/saori-k1d3s-komoda-1d3s-cremona\/","title":{"rendered":"Saori K1D3S \u2013 Komoda 1D3S Kremona"},"content":{"rendered":"<p>Pristatome unikali\u0105 \u201eGa\u0142a Meble\u201c komod\u0105 \u201eSaori K1D3S Cremona\u201c, kuri j\u016bs\u0173 interjerui suteiks modernaus elegancijos. Stilingas dizainas ir vienoda \u201eCremona\u201c spalva puikiai tinka tiek minimalistiniam, tiek tradici\u0161kesniam interjerui. Subtilios linijos ir eleganti\u0161ka apdaila puikiai papildys bet kurio kambario interjer\u0105.<\/p>\n<p>D\u0117l ranken\u0117li\u0173 neturin\u010dios \u201ePush-to-Open\u201c sistemos \u201eSaori K1D3S\u201c komoda pasi\u017eymi ne tik modernia i\u0161vaizda, bet ir patogia naudoti. Trys erdv\u016bs stal\u010diai ir spintel\u0117 suteikia daug vietos drabu\u017eiams, aksesuarams ir dokumentams laikyti, tod\u0117l namuose bus tvarkinga. Matom\u0173 ranken\u0117li\u0173 nebuvimas suteikia minimalistinio \u017eavesio, tod\u0117l ji tampa subtiliu, ta\u010diau rafinuotu akcentu j\u016bs\u0173 interjere.<\/p>\n<p>Auk\u0161tos medin\u0117s kojel\u0117s ne tik suteikia komodai lengvumo, bet ir u\u017etikrina lengv\u0105 prieig\u0105 robotams dulki\u0173 siurbliams, o tai ypa\u010d prakti\u0161ka kasdieniam naudojimui. Be to, palaikyti \u0161var\u0105 aplink komod\u0105 dabar lengviau nei bet kada anks\u010diau. D\u0117l \u0161io sprendimo komoda \u017eavi ne tik savo i\u0161vaizda, bet ir funkcionalumu.<\/p>\n<p>\u201eSaori K1D3S\u201c komoda pagaminta i\u0161 patvarios laminuotos plok\u0161t\u0117s, kuri yra atspari mechaniniams pa\u017eeidimams ir lengvai pri\u017ei\u016brima. Tai u\u017etikrina, kad baldas daugel\u012f met\u0173 i\u0161liks puikios b\u016bkl\u0117s, i\u0161laikydamas savo pirmin\u012f \u017eaves\u012f. Papildomas privalumas \u2013 savaranki\u0161ko surinkimo galimyb\u0117, leid\u017eianti lanks\u010diai ir greitai prisitaikyti prie naudotojo poreiki\u0173.<\/p>\n<p>Investuokite \u012f \u201eGa\u0142a Meble\u201c komod\u0105 \u201eSaori K1D3S\u201c ir m\u0117gaukit\u0117s ne tik estetika, bet ir savo erdv\u0117s prakti\u0161kumu. \u0160is baldas \u2013 tai tobulas modernaus dizaino ir funkcionalumo derinys, neabejotinai pakeisiantis bet kok\u012f interjer\u0105, suteikdamas elegancijos ir klas\u0117s.<\/p>","protected":false},"excerpt":{"rendered":"<p>Plotis (cm): 106<br \/>\n\u016agis (cm): 84<br \/>\nGylis (cm): 37<\/p>","protected":false},"featured_media":160775,"comment_status":"open","ping_status":"open","template":"","meta":[],"product_brand":[],"product_cat":[9458,1173,4106],"product_tag":[],"class_list":{"0":"post-160774","1":"product","2":"type-product","3":"status-publish","4":"has-post-thumbnail","6":"product_cat-furniture-system-saori-gala-meble","7":"product_cat-chests-of-drawers","8":"product_cat-gala-meble","10":"first","11":"instock","12":"purchasable","13":"product-type-simple"},"_links":{"self":[{"href":"https:\/\/baldumarket.lt\/lt\/wp-json\/wp\/v2\/product\/160774","targetHints":{"allow":["GET"]}}],"collection":[{"href":"https:\/\/baldumarket.lt\/lt\/wp-json\/wp\/v2\/product"}],"about":[{"href":"https:\/\/baldumarket.lt\/lt\/wp-json\/wp\/v2\/types\/product"}],"replies":[{"embeddable":true,"href":"https:\/\/baldumarket.lt\/lt\/wp-json\/wp\/v2\/comments?post=160774"}],"wp:featuredmedia":[{"embeddable":true,"href":"https:\/\/baldumarket.lt\/lt\/wp-json\/wp\/v2\/media\/160775"}],"wp:attachment":[{"href":"https:\/\/baldumarket.lt\/lt\/wp-json\/wp\/v2\/media?parent=160774"}],"wp:term":[{"taxonomy":"product_brand","embeddable":true,"href":"https:\/\/baldumarket.lt\/lt\/wp-json\/wp\/v2\/product_brand?post=160774"},{"taxonomy":"product_cat","embeddable":true,"href":"https:\/\/baldumarket.lt\/lt\/wp-json\/wp\/v2\/product_cat?post=160774"},{"taxonomy":"product_tag","embeddable":true,"href":"https:\/\/baldumarket.lt\/lt\/wp-json\/wp\/v2\/product_tag?post=160774"}],"curies":[{"name":"wp","href":"https:\/\/api.w.org\/{rel}","templated":true}]}}