{"id":160770,"date":"2025-12-19T01:21:59","date_gmt":"2025-12-18T22:21:59","guid":{"rendered":"https:\/\/baldumarket.lt\/product\/saori-k2d3s-komoda-2d3s-cremona\/"},"modified":"2026-04-12T14:39:27","modified_gmt":"2026-04-12T11:39:27","slug":"saori-k2d3s-komoda-2d3s-cremona","status":"publish","type":"product","link":"https:\/\/baldumarket.lt\/lt\/product\/saori-k2d3s-komoda-2d3s-cremona\/","title":{"rendered":"Saori K2D3S \u2013 2D3S Cremona komoda"},"content":{"rendered":"<p>\u201eGa\u0142a Meble\u201c \u201eSaori K2D3S Cremona\u201c indauja \u2013 tai tobulas elegancijos ir funkcionalumo derinys. Jos modern\u0173 dizain\u0105 pary\u0161kina ranken\u0117li\u0173 neturinti \u201ePush-to-Open\u201c atidarymo sistema, kuri ne tik puikiai atrodo, bet ir u\u017etikrina patog\u0173 kasdien\u012f naudojim\u0105. D\u0117l neutralios spalv\u0173 gamos indauja papildys \u012fvairius interjero dizaino stilius ir suteiks j\u016bs\u0173 namams skoning\u0105 akcent\u0105.<\/p>\n<p>Suteikite savo interjerui nauj\u0105 dimensij\u0105 su erdviais \u201eSaori K2D3S\u201c si\u016blomais stal\u010diais ir spintel\u0117mis. Trys prakti\u0161ki stal\u010diai puikiai tinka laikyti smulkius daiktus, kuriuos visada norite tur\u0117ti po ranka. Dvi erdvios spintel\u0117s puikiai tinka drabu\u017eiams ar dokumentams laikyti. Indauja ne tik padidina erdv\u0117s funkcionalum\u0105, bet ir padeda palaikyti tvark\u0105.<\/p>\n<p>Komoda pagaminta i\u0161 auk\u0161tos kokyb\u0117s laminuotos plok\u0161t\u0117s, kuri yra labai atspari pa\u017eeidimams. Tai u\u017etikrina, kad \u0161is baldas d\u017eiugins ak\u012f ilgus metus. Surinkimas paprastas ir intuityvus, tod\u0117l greitai gal\u0117site m\u0117gautis nauju interjero dizaino elementu. Patvarios medin\u0117s kojel\u0117s ne tik suteikia stiliaus, bet ir palengvina valym\u0105, nes robotams dulki\u0173 siurbliams lengva pasiekti bald\u0105.<\/p>\n<p>84 cm auk\u0161\u010dio, 159 cm plo\u010dio ir 37 cm gylio \u201eSaori K2D3S\u201c komoda idealiai tinka tiek didesniems, tiek ma\u017eesniems kambariams. 47 kg svoris rodo konstrukcijos tvirtum\u0105 ir stabilum\u0105. \u0160is baldas suderina estetik\u0105 ir funkcionalum\u0105. Palepinkite save prabangos prisilietimu ir papildykite savo namus \u0161ia komoda, kuri su\u017eav\u0117s kokybi\u0161ku meistri\u0161kumu ir eleganti\u0161ku dizainu.<\/p>","protected":false},"excerpt":{"rendered":"<p>Plotis (cm): 159<br \/>\n\u016agis (cm): 84<br \/>\nGylis (cm): 37<\/p>","protected":false},"featured_media":160771,"comment_status":"open","ping_status":"open","template":"","meta":[],"product_brand":[],"product_cat":[9458,1173,4106],"product_tag":[],"class_list":{"0":"post-160770","1":"product","2":"type-product","3":"status-publish","4":"has-post-thumbnail","6":"product_cat-furniture-system-saori-gala-meble","7":"product_cat-chests-of-drawers","8":"product_cat-gala-meble","10":"first","11":"instock","12":"purchasable","13":"product-type-simple"},"_links":{"self":[{"href":"https:\/\/baldumarket.lt\/lt\/wp-json\/wp\/v2\/product\/160770","targetHints":{"allow":["GET"]}}],"collection":[{"href":"https:\/\/baldumarket.lt\/lt\/wp-json\/wp\/v2\/product"}],"about":[{"href":"https:\/\/baldumarket.lt\/lt\/wp-json\/wp\/v2\/types\/product"}],"replies":[{"embeddable":true,"href":"https:\/\/baldumarket.lt\/lt\/wp-json\/wp\/v2\/comments?post=160770"}],"wp:featuredmedia":[{"embeddable":true,"href":"https:\/\/baldumarket.lt\/lt\/wp-json\/wp\/v2\/media\/160771"}],"wp:attachment":[{"href":"https:\/\/baldumarket.lt\/lt\/wp-json\/wp\/v2\/media?parent=160770"}],"wp:term":[{"taxonomy":"product_brand","embeddable":true,"href":"https:\/\/baldumarket.lt\/lt\/wp-json\/wp\/v2\/product_brand?post=160770"},{"taxonomy":"product_cat","embeddable":true,"href":"https:\/\/baldumarket.lt\/lt\/wp-json\/wp\/v2\/product_cat?post=160770"},{"taxonomy":"product_tag","embeddable":true,"href":"https:\/\/baldumarket.lt\/lt\/wp-json\/wp\/v2\/product_tag?post=160770"}],"curies":[{"name":"wp","href":"https:\/\/api.w.org\/{rel}","templated":true}]}}