{"id":160766,"date":"2025-12-19T01:21:51","date_gmt":"2025-12-18T22:21:51","guid":{"rendered":"https:\/\/baldumarket.lt\/product\/saori-k3d-komoda-3-drzwiowa-cremona\/"},"modified":"2026-04-12T14:39:27","modified_gmt":"2026-04-12T11:39:27","slug":"saori-k3d-komoda-3-drzwiowa-cremona","status":"publish","type":"product","link":"https:\/\/baldumarket.lt\/lt\/product\/saori-k3d-komoda-3-drzwiowa-cremona\/","title":{"rendered":"Saori K3D &#8211; Cremona komoda su 3 durimis"},"content":{"rendered":"<p>\u201eSaori K3D\u201c \u2013 tai komoda, kuri j\u016bs\u0173 interjerui suteiks nauj\u0105 kokyb\u0117s lyg\u012f. Minimalistinio dizaino ir eleganti\u0161kos \u201eCremona\u201c apdailos d\u0117ka ji puikiai der\u0117s tiek prie modernaus, tiek prie klasikinio interjero. Tai ne tik baldas, bet ir ak\u012f traukiantis elementas, sukuriantis unikali\u0105 atmosfer\u0105 bet kuriame kambaryje.<\/p>\n<p>Trys durel\u0117s su modernia atidarymo spustel\u0117jus sistema \u201eSaori K3D\u201c komod\u0105 daro ne tik esteti\u0161kai patraukli\u0105, bet ir ne\u012ftik\u0117tinai funkcionali\u0105. Be ranken\u0117li\u0173 ir lyg\u016bs, laminuoti pavir\u0161iai suteikia jai harmoning\u0105 i\u0161vaizd\u0105, tod\u0117l lengva palaikyti \u0161var\u0105 ir tvark\u0105. Galite lengvai sutalpinti visus b\u016btiniausius daiktus \u2013 nuo drabu\u017ei\u0173 iki dokument\u0173 \u2013 ir m\u0117gautis tvarka bei organizuotumu.<\/p>\n<p>Komoda buvo sukurta galvojant apie \u0161iuolaikin\u012f vartotoj\u0105. Auk\u0161tos medin\u0117s kojel\u0117s ne tik suteikia visai konstrukcijai lengvumo, bet ir leid\u017eia robotams dulki\u0173 siurbliams lengvai pasiekti vid\u0173. Tai rei\u0161kia, kad galite m\u0117gautis \u0161varia ir gaiviu kambariu neperstumdydami bald\u0173. Tai ypa\u010d prakti\u0161kas sprendimas tiems, kurie vertina komfort\u0105 ir modernias technologijas kasdieniame gyvenime.<\/p>\n<p>\u201eSaori K3D\u201c komoda, pagaminta i\u0161 atsparios pa\u017eeidimams laminuotos plok\u0161t\u0117s, garantuoja patvarum\u0105 ir ilgalaik\u0119 estetik\u0105. \u0160i komoda sukurta savaranki\u0161kam surinkimui, tod\u0117l j\u0105 galima greitai ir lengvai surinkti namuose. Tai puikus pasirinkimas ie\u0161kantiems bald\u0173, kuriuose der\u0117t\u0173 elegancija, funkcionalumas ir modernios technologijos.<\/p>\n<p>Nedelskite, kol pakeisite savo interjer\u0105. Rinkit\u0117s \u201eSaori K3D\u201c ir m\u0117gaukit\u0117s nauju kokyb\u0117s lygiu savo namuose. Stilingas dizainas, prakti\u0161kumas ir novatori\u0161ki sprendimai pavers \u0161i\u0105 indauja m\u0117gstamiausia j\u016bs\u0173 namuose.<\/p>","protected":false},"excerpt":{"rendered":"<p>Plotis (cm): 106<br \/>\n\u016agis (cm): 130<br \/>\nGylis (cm): 37<\/p>","protected":false},"featured_media":160767,"comment_status":"open","ping_status":"open","template":"","meta":[],"product_brand":[],"product_cat":[9458,1173,4106],"product_tag":[],"class_list":{"0":"post-160766","1":"product","2":"type-product","3":"status-publish","4":"has-post-thumbnail","6":"product_cat-furniture-system-saori-gala-meble","7":"product_cat-chests-of-drawers","8":"product_cat-gala-meble","10":"first","11":"instock","12":"purchasable","13":"product-type-simple"},"_links":{"self":[{"href":"https:\/\/baldumarket.lt\/lt\/wp-json\/wp\/v2\/product\/160766","targetHints":{"allow":["GET"]}}],"collection":[{"href":"https:\/\/baldumarket.lt\/lt\/wp-json\/wp\/v2\/product"}],"about":[{"href":"https:\/\/baldumarket.lt\/lt\/wp-json\/wp\/v2\/types\/product"}],"replies":[{"embeddable":true,"href":"https:\/\/baldumarket.lt\/lt\/wp-json\/wp\/v2\/comments?post=160766"}],"wp:featuredmedia":[{"embeddable":true,"href":"https:\/\/baldumarket.lt\/lt\/wp-json\/wp\/v2\/media\/160767"}],"wp:attachment":[{"href":"https:\/\/baldumarket.lt\/lt\/wp-json\/wp\/v2\/media?parent=160766"}],"wp:term":[{"taxonomy":"product_brand","embeddable":true,"href":"https:\/\/baldumarket.lt\/lt\/wp-json\/wp\/v2\/product_brand?post=160766"},{"taxonomy":"product_cat","embeddable":true,"href":"https:\/\/baldumarket.lt\/lt\/wp-json\/wp\/v2\/product_cat?post=160766"},{"taxonomy":"product_tag","embeddable":true,"href":"https:\/\/baldumarket.lt\/lt\/wp-json\/wp\/v2\/product_tag?post=160766"}],"curies":[{"name":"wp","href":"https:\/\/api.w.org\/{rel}","templated":true}]}}