{"id":160761,"date":"2025-12-19T01:21:41","date_gmt":"2025-12-18T22:21:41","guid":{"rendered":"https:\/\/baldumarket.lt\/product\/saori-rtv-komoda-rtv-2d1s-cremona\/"},"modified":"2026-04-12T14:39:27","modified_gmt":"2026-04-12T11:39:27","slug":"saori-rtv-komoda-rtv-2d1s-cremona","status":"publish","type":"product","link":"https:\/\/baldumarket.lt\/lt\/product\/saori-rtv-komoda-rtv-2d1s-cremona\/","title":{"rendered":"Saori RTV &#8211; RTV komoda 2D1S Cremona"},"content":{"rendered":"<p>\u201eSaori RTV \u2013 Cremona 2D1S RTV\u201c indauja \u2013 tai eleganti\u0161kas baldas, kuris j\u016bs\u0173 interjerui suteiks modernumo ir klas\u0117s. Minimalistinis dizainas puikiai dera su \u012fvairiais interjero stiliais, o subtili \u201eCremona\u201c spalva suteikia erdvei jaukumo ir harmonijos. Puikiai tinka subtilios, bet rafinuotos estetikos m\u0117g\u0117jams. Sukurta atsi\u017evelgiant \u012f funkcionalum\u0105, \u201eSaori RTV\u201c indauja si\u016blo prakti\u0161kus sprendimus kiekvienam vartotojui. Be ranken\u0117li\u0173 veikianti \u201ePush-to-Open\u201c sistema yra ne tik patogi, bet ir novatori\u0161ka, panaikinanti tradicini\u0173 ranken\u0173 poreik\u012f. Tai suteikia baldui modern\u0173 vaizd\u0105 ir leid\u017eia j\u012f naudoti intuityviau bei maloniau. \u201eSaori RTV\u201c viduje slepiasi daugyb\u0117 funkcini\u0173 erdvi\u0173, kurios palengvina j\u016bs\u0173 RTV \u012frangos organizavim\u0105. Dvi erdvios spintel\u0117s ir stal\u010dius, skirtas smulkiems aksesuarams, paver\u010dia indauja ne tik esteti\u0161ku dizaino elementu, bet ir prakti\u0161ku sprendimu kasdieniams poreikiams. Tai u\u017etikrina, kad kiekvienas daiktas tur\u0117t\u0173 savo viet\u0105, pagerinant tvark\u0105 j\u016bs\u0173 svetain\u0117je.<\/p>","protected":false},"excerpt":{"rendered":"<p>Plotis (cm): 159<br \/>\n\u016agis (cm): 53<br \/>\nGylis (cm): 37<\/p>","protected":false},"featured_media":160762,"comment_status":"open","ping_status":"open","template":"","meta":[],"product_brand":[],"product_cat":[9458,4106,1175],"product_tag":[],"class_list":{"0":"post-160761","1":"product","2":"type-product","3":"status-publish","4":"has-post-thumbnail","6":"product_cat-furniture-system-saori-gala-meble","7":"product_cat-gala-meble","8":"product_cat-tv-stands","10":"first","11":"instock","12":"purchasable","13":"product-type-simple"},"_links":{"self":[{"href":"https:\/\/baldumarket.lt\/lt\/wp-json\/wp\/v2\/product\/160761","targetHints":{"allow":["GET"]}}],"collection":[{"href":"https:\/\/baldumarket.lt\/lt\/wp-json\/wp\/v2\/product"}],"about":[{"href":"https:\/\/baldumarket.lt\/lt\/wp-json\/wp\/v2\/types\/product"}],"replies":[{"embeddable":true,"href":"https:\/\/baldumarket.lt\/lt\/wp-json\/wp\/v2\/comments?post=160761"}],"wp:featuredmedia":[{"embeddable":true,"href":"https:\/\/baldumarket.lt\/lt\/wp-json\/wp\/v2\/media\/160762"}],"wp:attachment":[{"href":"https:\/\/baldumarket.lt\/lt\/wp-json\/wp\/v2\/media?parent=160761"}],"wp:term":[{"taxonomy":"product_brand","embeddable":true,"href":"https:\/\/baldumarket.lt\/lt\/wp-json\/wp\/v2\/product_brand?post=160761"},{"taxonomy":"product_cat","embeddable":true,"href":"https:\/\/baldumarket.lt\/lt\/wp-json\/wp\/v2\/product_cat?post=160761"},{"taxonomy":"product_tag","embeddable":true,"href":"https:\/\/baldumarket.lt\/lt\/wp-json\/wp\/v2\/product_tag?post=160761"}],"curies":[{"name":"wp","href":"https:\/\/api.w.org\/{rel}","templated":true}]}}