{"id":160757,"date":"2025-12-19T01:21:34","date_gmt":"2025-12-18T22:21:34","guid":{"rendered":"https:\/\/baldumarket.lt\/product\/saori-sn-szafka-nocna-1-drzwiowa-cremona\/"},"modified":"2026-04-12T14:39:27","modified_gmt":"2026-04-12T11:39:27","slug":"saori-sn-szafka-nocna-1-drzwiowa-cremona","status":"publish","type":"product","link":"https:\/\/baldumarket.lt\/lt\/product\/saori-sn-szafka-nocna-1-drzwiowa-cremona\/","title":{"rendered":"Saori SN &#8211; Cremona vien\u0173 dur\u0173 naktinis staliukas"},"content":{"rendered":"<p>Modernus interjero dizainas \u012fgaus nauj\u0105 dimensij\u0105 su \u201eSaori SN\u201c naktiniu staliuku. Eleganti\u0161ka \u201eCremona\u201c spalva puikiai dera su minimalistin\u0117mis dizaino tendencijomis, derindama estetik\u0105 su funkcionalumu. Subtilus laminuot\u0173 fasad\u0173 vaizdas dera su korpusu, sukurdamas vientis\u0105 ir darni\u0105 kompozicij\u0105.<\/p>\n<p>\u0160is baldas ne tik atrodo gra\u017eiai, bet ir atlieka daug praktini\u0173 funkcij\u0173. Vien\u0173 dureli\u0173 naktinis staliukas si\u016blo apgalvot\u0105 viet\u0105 naktiniams daiktams susid\u0117ti ir padeda palaikyti tvark\u0105 miegamajame. Be ranken\u0117li\u0173 veikianti \u201cspustel\u0117jimo\u201d sistema i\u0161saugo minimalistin\u0119 spintel\u0117s i\u0161vaizd\u0105, tod\u0117l ja naudotis \u2013 tikras malonumas.<\/p>\n<p>Vir\u0161utin\u0117 lentyna puikiai tinka naktiniam staliukui arba dekoratyviniams akcentams, kurie suteiks j\u016bs\u0173 miegamajam unikalumo. Auk\u0161tos kojel\u0117s daro \u201eSaori SN\u201c itin prakti\u0161k\u0105, nes robotams dulki\u0173 siurbliams lengva pasiekti. Tai puikus sprendimas tiems, kurie nori palaikyti \u0161var\u0105 savo viduje neperstatydami bald\u0173.<\/p>\n<p>Be estetinio patrauklumo, \u201eSaori SN\u201c naktinis staliukas yra tvirtai pagamintas i\u0161 atsparios pa\u017eeidimams laminuotos plok\u0161t\u0117s. Tai u\u017etikrina, kad baldas i\u0161laikys savo gra\u017ei\u0105 i\u0161vaizd\u0105 ilgus metus. Be to, savaranki\u0161ko surinkimo galimyb\u0117 leid\u017eia pasijusti tikru \u201epasidaryk pats\u201c entuziastu, m\u0117gaujantis rankomis surinkto baldo teikiamu pasitenkinimu.<\/p>\n<p>U\u017esisakykite \u201eSaori SN\u201c naktin\u012f staliuk\u0105 jau \u0161iandien ir suteikite savo miegamajam elegancijos bei funkcionalumo. \u0160is baldas tikrai pateisins j\u016bs\u0173 l\u016bkes\u010dius ir sukurs unikali\u0105 atmosfer\u0105.<\/p>","protected":false},"excerpt":{"rendered":"<p>Plotis (cm): 53<br \/>\n\u016agis (cm): 53<br \/>\nGylis (cm): 37<\/p>","protected":false},"featured_media":160758,"comment_status":"open","ping_status":"open","template":"","meta":[],"product_brand":[],"product_cat":[9458,1176,4106],"product_tag":[],"class_list":{"0":"post-160757","1":"product","2":"type-product","3":"status-publish","4":"has-post-thumbnail","6":"product_cat-furniture-system-saori-gala-meble","7":"product_cat-bedside-tables","8":"product_cat-gala-meble","10":"first","11":"instock","12":"purchasable","13":"product-type-simple"},"_links":{"self":[{"href":"https:\/\/baldumarket.lt\/lt\/wp-json\/wp\/v2\/product\/160757","targetHints":{"allow":["GET"]}}],"collection":[{"href":"https:\/\/baldumarket.lt\/lt\/wp-json\/wp\/v2\/product"}],"about":[{"href":"https:\/\/baldumarket.lt\/lt\/wp-json\/wp\/v2\/types\/product"}],"replies":[{"embeddable":true,"href":"https:\/\/baldumarket.lt\/lt\/wp-json\/wp\/v2\/comments?post=160757"}],"wp:featuredmedia":[{"embeddable":true,"href":"https:\/\/baldumarket.lt\/lt\/wp-json\/wp\/v2\/media\/160758"}],"wp:attachment":[{"href":"https:\/\/baldumarket.lt\/lt\/wp-json\/wp\/v2\/media?parent=160757"}],"wp:term":[{"taxonomy":"product_brand","embeddable":true,"href":"https:\/\/baldumarket.lt\/lt\/wp-json\/wp\/v2\/product_brand?post=160757"},{"taxonomy":"product_cat","embeddable":true,"href":"https:\/\/baldumarket.lt\/lt\/wp-json\/wp\/v2\/product_cat?post=160757"},{"taxonomy":"product_tag","embeddable":true,"href":"https:\/\/baldumarket.lt\/lt\/wp-json\/wp\/v2\/product_tag?post=160757"}],"curies":[{"name":"wp","href":"https:\/\/api.w.org\/{rel}","templated":true}]}}