{"id":160749,"date":"2025-12-19T01:21:19","date_gmt":"2025-12-18T22:21:19","guid":{"rendered":"https:\/\/baldumarket.lt\/product\/saori-w2d-witryna-2-drzwiowa-cremona\/"},"modified":"2026-04-12T14:39:27","modified_gmt":"2026-04-12T11:39:27","slug":"saori-w2d-witryna-2-drzwiowa-cremona","status":"publish","type":"product","link":"https:\/\/baldumarket.lt\/lt\/product\/saori-w2d-witryna-2-drzwiowa-cremona\/","title":{"rendered":"Saori W2D &#8211; 2 dur\u0173 vitrina Cremona"},"content":{"rendered":"<p>\u201eSaori W2D\u201c vitrina \u2013 unikalus interjero elementas, kuris prad\u017eiugins kiekvien\u0105 modernaus dizaino myl\u0117toj\u0105. Eleganti\u0161ka \u201eCremona\u201c spalva suteikia kambariui gaivos elegancijos. Minimalistin\u0117 forma, kurioje n\u0117ra nereikaling\u0173 detali\u0173 d\u0117l ranken\u0117li\u0173 neturin\u010dios \u201ePush-to-Open\u201c sistemos, pabr\u0117\u017eia modern\u0173 stili\u0173, kartu i\u0161likdama ne\u012ftik\u0117tinai funkcionali.<\/p>\n<p>\u201eSaori W2D\u201c yra ne tik gra\u017ei, bet ir prakti\u0161ka. D\u0117l stiklini\u0173 fasad\u0173 galite eksponuoti brangiausius kelioni\u0173 suvenyrus, knyg\u0173 kolekcijas ar \u0161eimos nuotraukas. Dvi erdvios spintel\u0117s tilps visi j\u016bs\u0173 dokumentai ir kiti b\u016btini daiktai, sukurdamos puiki\u0105 viet\u0105 laikyti daiktus, kurie turi b\u016bti po ranka, bet nematomi.<\/p>\n<p>Auk\u0161tos medin\u0117s kojel\u0117s yra ne tik esteti\u0161kai patrauklios, bet ir prakti\u0161kos, nes robotams dulki\u0173 siurbliams lengva pasiekti patalp\u0105. Jos yra ne\u012fkainojamos kasdienei prie\u017ei\u016brai, u\u017etikrinant, kad j\u016bs\u0173 namai visada atrodyt\u0173 nepriekai\u0161tingai.<\/p>\n<p>\u201eSaori W2D\u201c vitrina pagaminta i\u0161 auk\u0161tos kokyb\u0117s, atsparios pa\u017eeidimams laminuotos plok\u0161t\u0117s. Tai rei\u0161kia, kad nepriekai\u0161tinga jos i\u0161vaizda d\u017eiaugsis ilgus metus. Be to, \u0161is baldas skirtas savaranki\u0161kam surinkimui, tod\u0117l sutaupysite profesionalo samdymo i\u0161laidas ir gal\u0117site m\u0117gautis rankomis surinkto interjero elemento pasitenkinimu.<\/p>\n<p>Galiausiai, \u201eSaori W2D\u201c vitrina sujungia moderni\u0105 estetik\u0105 su prakti\u0161kais sprendimais, kurie supaprastina kasdien\u012f gyvenim\u0105. Pasirinkdami \u0161\u012f bald\u0105, investuojate ne tik \u012f gro\u017e\u012f, bet ir \u012f komfort\u0105 bei ilgaam\u017ei\u0161kum\u0105, kuris tarnaus daugel\u012f met\u0173.<\/p>","protected":false},"excerpt":{"rendered":"<p>Plotis (cm): 106<br \/>\n\u016agis (cm): 183<br \/>\nGylis (cm): 37<\/p>","protected":false},"featured_media":160750,"comment_status":"open","ping_status":"open","template":"","meta":[],"product_brand":[],"product_cat":[9458,4106,2006],"product_tag":[],"class_list":{"0":"post-160749","1":"product","2":"type-product","3":"status-publish","4":"has-post-thumbnail","6":"product_cat-furniture-system-saori-gala-meble","7":"product_cat-gala-meble","8":"product_cat-vitrines","10":"first","11":"instock","12":"purchasable","13":"product-type-simple"},"_links":{"self":[{"href":"https:\/\/baldumarket.lt\/lt\/wp-json\/wp\/v2\/product\/160749","targetHints":{"allow":["GET"]}}],"collection":[{"href":"https:\/\/baldumarket.lt\/lt\/wp-json\/wp\/v2\/product"}],"about":[{"href":"https:\/\/baldumarket.lt\/lt\/wp-json\/wp\/v2\/types\/product"}],"replies":[{"embeddable":true,"href":"https:\/\/baldumarket.lt\/lt\/wp-json\/wp\/v2\/comments?post=160749"}],"wp:featuredmedia":[{"embeddable":true,"href":"https:\/\/baldumarket.lt\/lt\/wp-json\/wp\/v2\/media\/160750"}],"wp:attachment":[{"href":"https:\/\/baldumarket.lt\/lt\/wp-json\/wp\/v2\/media?parent=160749"}],"wp:term":[{"taxonomy":"product_brand","embeddable":true,"href":"https:\/\/baldumarket.lt\/lt\/wp-json\/wp\/v2\/product_brand?post=160749"},{"taxonomy":"product_cat","embeddable":true,"href":"https:\/\/baldumarket.lt\/lt\/wp-json\/wp\/v2\/product_cat?post=160749"},{"taxonomy":"product_tag","embeddable":true,"href":"https:\/\/baldumarket.lt\/lt\/wp-json\/wp\/v2\/product_tag?post=160749"}],"curies":[{"name":"wp","href":"https:\/\/api.w.org\/{rel}","templated":true}]}}