{"id":160743,"date":"2025-12-19T01:21:07","date_gmt":"2025-12-18T22:21:07","guid":{"rendered":"https:\/\/baldumarket.lt\/product\/szafka-kuchenna-1d-gorna-sorento-g30-p-l-bialy-mat\/"},"modified":"2026-02-18T11:19:40","modified_gmt":"2026-02-18T08:19:40","slug":"szafka-kuchenna-1d-gorna-sorento-g30-p-l-bialy-mat","status":"publish","type":"product","link":"https:\/\/baldumarket.lt\/lt\/product\/szafka-kuchenna-1d-gorna-sorento-g30-p-l-bialy-mat\/","title":{"rendered":"Vir\u0161utin\u0117 virtuv\u0117s spintel\u0117, 1 dur\u0173, Sorento G30, de\u0161in\u0117\/kair\u0117, matin\u0117 balta"},"content":{"rendered":"<p>Suteikite savo virtuvei unikal\u0173 stili\u0173 su \u201eGa\u0142a Meble\u201c \u201eSorento G30\u201c vir\u0161utine virtuv\u0117s spintele. Eleganti\u0161kas, matin\u0117s baltos spalvos priekis, pagamintas i\u0161 auk\u0161tos kokyb\u0117s MDF plok\u0161t\u0117s, dera su minimalistiniu dizainu ir suteikia interjerui modernaus \u017eavesio. Tai sukuria \u0161viesumo ir erdv\u0117s atmosfer\u0105, puikiai tinkan\u010di\u0105 bet kokiam interjero stiliui. \u0160i spintel\u0117 ne tik \u017eavi savo i\u0161vaizda, bet ir yra puikus organizacinis sprendimas virtuv\u0117je. D\u0117l dviej\u0173 prakti\u0161k\u0173 lentyn\u0173 galite lengvai laikyti visus b\u016btiniausius daiktus \u2013 nuo prieskoni\u0173 iki kasdieni\u0173 stalo \u012franki\u0173. Funkcionalum\u0105 sustiprina novatori\u0161ki \u201eClip-On\u201c vyriai su \u0161velnaus u\u017edarymo sistema, u\u017etikrinantys skland\u0173 ir tyl\u0173 dureli\u0173 u\u017edarym\u0105, dar labiau padidinant kasdienio naudojimo patogum\u0105. \u0160ios spintel\u0117s detal\u0117s, tokios kaip auksin\u0117 metalin\u0117 rankena, \u017eavi savo paprastumu ir klase, suteikdamos baldui prabangos. Taip pat galima suasmeninti dureli\u0173 tvirtinimo krypt\u012f \u2013 d\u0117l universali\u0173 fasad\u0173 jas galima montuoti tiek de\u0161in\u0117je, tiek kair\u0117je pus\u0117je, tod\u0117l spintel\u0117 yra itin lanksti prisitaikant prie individuali\u0173 virtuv\u0117s poreiki\u0173.<\/p>","protected":false},"excerpt":{"rendered":"<p>Plotis (cm): 30<br \/>\n\u016agis (cm): 100<br \/>\nGylis (cm): 32<\/p>","protected":false},"featured_media":160744,"comment_status":"open","ping_status":"open","template":"","meta":[],"product_brand":[],"product_cat":[9436,4106],"product_tag":[],"class_list":{"0":"post-160743","1":"product","2":"type-product","3":"status-publish","4":"has-post-thumbnail","6":"product_cat-kitchen-system-sorento","7":"product_cat-gala-meble","9":"first","10":"instock","11":"purchasable","12":"product-type-simple"},"_links":{"self":[{"href":"https:\/\/baldumarket.lt\/lt\/wp-json\/wp\/v2\/product\/160743","targetHints":{"allow":["GET"]}}],"collection":[{"href":"https:\/\/baldumarket.lt\/lt\/wp-json\/wp\/v2\/product"}],"about":[{"href":"https:\/\/baldumarket.lt\/lt\/wp-json\/wp\/v2\/types\/product"}],"replies":[{"embeddable":true,"href":"https:\/\/baldumarket.lt\/lt\/wp-json\/wp\/v2\/comments?post=160743"}],"wp:featuredmedia":[{"embeddable":true,"href":"https:\/\/baldumarket.lt\/lt\/wp-json\/wp\/v2\/media\/160744"}],"wp:attachment":[{"href":"https:\/\/baldumarket.lt\/lt\/wp-json\/wp\/v2\/media?parent=160743"}],"wp:term":[{"taxonomy":"product_brand","embeddable":true,"href":"https:\/\/baldumarket.lt\/lt\/wp-json\/wp\/v2\/product_brand?post=160743"},{"taxonomy":"product_cat","embeddable":true,"href":"https:\/\/baldumarket.lt\/lt\/wp-json\/wp\/v2\/product_cat?post=160743"},{"taxonomy":"product_tag","embeddable":true,"href":"https:\/\/baldumarket.lt\/lt\/wp-json\/wp\/v2\/product_tag?post=160743"}],"curies":[{"name":"wp","href":"https:\/\/api.w.org\/{rel}","templated":true}]}}