{"id":160738,"date":"2025-12-19T01:20:56","date_gmt":"2025-12-18T22:20:56","guid":{"rendered":"https:\/\/baldumarket.lt\/product\/szafka-kuchenna-dolna-1-drzwiowa-d30-linea-white-bialy-mat\/"},"modified":"2026-02-18T11:35:37","modified_gmt":"2026-02-18T08:35:37","slug":"szafka-kuchenna-dolna-1-drzwiowa-d30-linea-white-bialy-mat","status":"publish","type":"product","link":"https:\/\/baldumarket.lt\/lt\/product\/szafka-kuchenna-dolna-1-drzwiowa-d30-linea-white-bialy-mat\/","title":{"rendered":"Apatin\u0117 virtuv\u0117s spintel\u0117, 1 dur\u0173, D30, Linea balta, matin\u0117, balta"},"content":{"rendered":"<p>Atraskite elegancij\u0105 ir funkcionalum\u0105 su \u201eLinea White D30\u201c virtuv\u0117s spintele. Puikiai tinkanti moderniam interjerui, \u0161i klasikin\u0117 spintel\u0117 derina minimalistin\u012f dizain\u0105 su i\u0161skirtiniu prakti\u0161kumu. Matin\u0117 balta apdaila suteiks j\u016bs\u0173 virtuvei \u0161viesumo ir erdv\u0117s, sukurdama harmonij\u0105 su kitais baldais. Jos paprastumas slepia i\u0161skirtin\u012f funkcionalum\u0105. Subtilus auksinis ranken\u0117l\u0117s dizainas suteikia subtil\u0173, ta\u010diau i\u0161rai\u0161king\u0105 akcent\u0105, pabr\u0117\u017eiant\u012f modern\u0173 charakter\u012f. Tai puikus pasirinkimas tiems, kurie vertina ir estetik\u0105, ir ergonomik\u0105. Rami\u0105, matin\u0119 MDF apdail\u0105 lengva valyti, tod\u0117l kasdienis naudojimas yra malonus. \u201eLinea White D30\u201c si\u016blo daugiau nei tik ger\u0105 i\u0161vaizd\u0105. Auk\u0161tos kokyb\u0117s, \u0161velniai u\u017esidarantys vyriai ir reguliuojamos kojel\u0117s garantuoja komfort\u0105 ir patikimum\u0105. Kiekviena detal\u0117 kruop\u0161\u010diai sukurta siekiant maksimalaus funkcionalumo. Tai puikus sprendimas bet kuriai virtuvei, suteikiantis daug vietos daiktams susid\u0117ti ir i\u0161laikantis esteti\u0161kai patraukli\u0105 i\u0161vaizd\u0105.<\/p>","protected":false},"excerpt":{"rendered":"<p>Plotis (cm): 30<br \/>\n\u016agis (cm): 82<br \/>\nGylis (cm): 47<\/p>","protected":false},"featured_media":160739,"comment_status":"open","ping_status":"open","template":"","meta":[],"product_brand":[],"product_cat":[9446,4106],"product_tag":[],"class_list":{"0":"post-160738","1":"product","2":"type-product","3":"status-publish","4":"has-post-thumbnail","6":"product_cat-kitchen-system-linea-white","7":"product_cat-gala-meble","9":"first","10":"instock","11":"purchasable","12":"product-type-simple"},"_links":{"self":[{"href":"https:\/\/baldumarket.lt\/lt\/wp-json\/wp\/v2\/product\/160738","targetHints":{"allow":["GET"]}}],"collection":[{"href":"https:\/\/baldumarket.lt\/lt\/wp-json\/wp\/v2\/product"}],"about":[{"href":"https:\/\/baldumarket.lt\/lt\/wp-json\/wp\/v2\/types\/product"}],"replies":[{"embeddable":true,"href":"https:\/\/baldumarket.lt\/lt\/wp-json\/wp\/v2\/comments?post=160738"}],"wp:featuredmedia":[{"embeddable":true,"href":"https:\/\/baldumarket.lt\/lt\/wp-json\/wp\/v2\/media\/160739"}],"wp:attachment":[{"href":"https:\/\/baldumarket.lt\/lt\/wp-json\/wp\/v2\/media?parent=160738"}],"wp:term":[{"taxonomy":"product_brand","embeddable":true,"href":"https:\/\/baldumarket.lt\/lt\/wp-json\/wp\/v2\/product_brand?post=160738"},{"taxonomy":"product_cat","embeddable":true,"href":"https:\/\/baldumarket.lt\/lt\/wp-json\/wp\/v2\/product_cat?post=160738"},{"taxonomy":"product_tag","embeddable":true,"href":"https:\/\/baldumarket.lt\/lt\/wp-json\/wp\/v2\/product_tag?post=160738"}],"curies":[{"name":"wp","href":"https:\/\/api.w.org\/{rel}","templated":true}]}}