{"id":160734,"date":"2025-12-19T01:20:48","date_gmt":"2025-12-18T22:20:48","guid":{"rendered":"https:\/\/baldumarket.lt\/product\/szafka-kuchenna-dolna-1-drzwiowa-d30-p-l-langen-artisan\/"},"modified":"2026-02-18T11:27:51","modified_gmt":"2026-02-18T08:27:51","slug":"szafka-kuchenna-dolna-1-drzwiowa-d30-p-l-langen-artisan","status":"publish","type":"product","link":"https:\/\/baldumarket.lt\/lt\/product\/szafka-kuchenna-dolna-1-drzwiowa-d30-p-l-langen-artisan\/","title":{"rendered":"Apatin\u0117 virtuv\u0117s spintel\u0117 1 dur\u0173 D30 P\/L Langen Artisan"},"content":{"rendered":"<p>\u017davi elegancija ir funkcionalumu, \u201eLangen Artisan\u201c vien\u0173 dur\u0173 apatin\u0117 virtuv\u0117s spintel\u0117 yra modernaus dizaino esm\u0117, puikiai papildanti bet kok\u012f virtuv\u0117s dizain\u0105. Nat\u016bralus \u201eArtisan Oak\u201c atspalvis suteikia \u0161ilumos bet kokiam interjerui, sukurdamas jauki\u0105, bet stiling\u0105 atmosfer\u0105. I\u0161skirtinai universali savo estetika, tai puikus sprendimas tiems, kurie vertina minimalistin\u012f dekor\u0105 su modernios elegancijos prisilietimu.<\/p>\n<p>\u0160i prakti\u0161ka spintel\u0117 pasi\u017eymi i\u0161skirtiniu funkcionalumu kasdieniam naudojimui ir yra puiki vieta laikyti svarbiausius virtuv\u0117s reikmenis. D\u0117l kompakti\u0161k\u0173 matmen\u0173 ji puikiai tinka tiek erdvioms, tiek ma\u017eesn\u0117ms erdv\u0117ms, leid\u017eiant optimaliai i\u0161naudoti turim\u0105 erdv\u0119. Reguliuojamos kojel\u0117s leid\u017eia reguliuoti spintel\u0117s auk\u0161t\u012f pagal savo poreikius, u\u017etikrinant patog\u0173 naudojim\u0105 nepriklausomai nuo grind\u0173 tipo.<\/p>\n<p>Ry\u0161ki detal\u0117 \u2013 moderni juoda rankena, kuri dera su nat\u016bralia \u0105\u017euolo spalva. Tiems, kurie vertina novatori\u0161kus sprendimus, taip pat galima \u012fsigyti stumiant atidarom\u0105 sistem\u0105, leid\u017eian\u010di\u0105 atidaryti duris be ranken\u0117li\u0173. \u0160is sprendimas u\u017etikrina vienod\u0105 priekin\u0117s dalies i\u0161vaizd\u0105, dar labiau sustiprindamas eleganti\u0161k\u0105 baldo charakter\u012f.<\/p>\n<p>Spintel\u0117s surinkimas yra i\u0161skirtinai paprastas ir intuityvus, tod\u0117l j\u0105 lengvai gali surinkti kiekvienas. Tai idealus pasirinkimas tiems, kurie vertina kasdien\u012f komfort\u0105, bet taip pat ir med\u017eiag\u0173 gro\u017e\u012f bei ilgaam\u017ei\u0161kum\u0105. \u201eLangen Artisan\u201c apatin\u0117 virtuv\u0117s spintel\u0117 tikrai patenkins net ir reikliausi\u0173 vartotoj\u0173 reikalavimus, derindama estetik\u0105 ir prakti\u0161kum\u0105, kurie yra bet kokio virtuv\u0117s dizaino pagrindas.<\/p>","protected":false},"excerpt":{"rendered":"<p>Plotis (cm): 30<br \/>\n\u016agis (cm): 82<br \/>\nGylis (cm): 47<\/p>","protected":false},"featured_media":160735,"comment_status":"open","ping_status":"open","template":"","meta":[],"product_brand":[],"product_cat":[9442,4106],"product_tag":[],"class_list":{"0":"post-160734","1":"product","2":"type-product","3":"status-publish","4":"has-post-thumbnail","6":"product_cat-kitchen-system-langen-dab-artisan","7":"product_cat-gala-meble","9":"first","10":"instock","11":"purchasable","12":"product-type-simple"},"_links":{"self":[{"href":"https:\/\/baldumarket.lt\/lt\/wp-json\/wp\/v2\/product\/160734","targetHints":{"allow":["GET"]}}],"collection":[{"href":"https:\/\/baldumarket.lt\/lt\/wp-json\/wp\/v2\/product"}],"about":[{"href":"https:\/\/baldumarket.lt\/lt\/wp-json\/wp\/v2\/types\/product"}],"replies":[{"embeddable":true,"href":"https:\/\/baldumarket.lt\/lt\/wp-json\/wp\/v2\/comments?post=160734"}],"wp:featuredmedia":[{"embeddable":true,"href":"https:\/\/baldumarket.lt\/lt\/wp-json\/wp\/v2\/media\/160735"}],"wp:attachment":[{"href":"https:\/\/baldumarket.lt\/lt\/wp-json\/wp\/v2\/media?parent=160734"}],"wp:term":[{"taxonomy":"product_brand","embeddable":true,"href":"https:\/\/baldumarket.lt\/lt\/wp-json\/wp\/v2\/product_brand?post=160734"},{"taxonomy":"product_cat","embeddable":true,"href":"https:\/\/baldumarket.lt\/lt\/wp-json\/wp\/v2\/product_cat?post=160734"},{"taxonomy":"product_tag","embeddable":true,"href":"https:\/\/baldumarket.lt\/lt\/wp-json\/wp\/v2\/product_tag?post=160734"}],"curies":[{"name":"wp","href":"https:\/\/api.w.org\/{rel}","templated":true}]}}