{"id":160729,"date":"2025-12-19T01:20:38","date_gmt":"2025-12-18T22:20:38","guid":{"rendered":"https:\/\/baldumarket.lt\/product\/szafka-kuchenna-dolna-1-drzwiowa-d30-p-l-langen-beige\/"},"modified":"2026-02-18T11:27:51","modified_gmt":"2026-02-18T08:27:51","slug":"szafka-kuchenna-dolna-1-drzwiowa-d30-p-l-langen-beige","status":"publish","type":"product","link":"https:\/\/baldumarket.lt\/lt\/product\/szafka-kuchenna-dolna-1-drzwiowa-d30-p-l-langen-beige\/","title":{"rendered":"Apatin\u0117 virtuv\u0117s spintel\u0117 1 dur\u0173 D30 P\/L Langen Beige"},"content":{"rendered":"<p>Atraskite elegancij\u0105 ir funkcionalum\u0105, deran\u010dius su unikalia \u201eGa\u0142a Meble\u201c \u201eLangen Beige\u201c virtuv\u0117s spintele. \u0160i \u017eavinga spintel\u0117, pasi\u017eyminti subtiliu sm\u0117lio spalvos atspalviu, puikiai dera prie bet kokio modernaus interjero, derindama nesenstant\u012f stili\u0173 su prakti\u0161ka daikt\u0173 laikymo sistema. Minimalistinis dizainas neabejotinai ras savo viet\u0105 \u012fvairiuose i\u0161d\u0117stymuose, suteikdamas j\u016bs\u0173 virtuvei rafinuoto charakterio. \u012esivaizduokite erdv\u0119, kurioje kiekvienas elementas puikiai dera su kitais, o \u201eLangen Beige\u201c virtuv\u0117s spintel\u0117 tampa jos traukos centru. Matiniai fasadai, pagaminti i\u0161 auk\u0161tos kokyb\u0117s MDF, primena eleganti\u0161k\u0105 fon\u0105, kuris eleganti\u0161kai i\u0161ry\u0161kina interjero detales. \u0160ilta fasado spalva harmoningai dera su klasikine dirbtinio \u0105\u017euolo korpuso apdaila, sukurdama jaukumo ir nam\u0173 \u0161ilumos atmosfer\u0105. \u0160i spintel\u0117 ne tik \u017eavi savo i\u0161vaizda, bet ir si\u016blo komfort\u0105 bei funkcionalum\u0105 kasdieniam naudojimui. Nesvarbu, ar projektuojate ma\u017e\u0105, ar didel\u0119 virtuv\u0119, \u0161i spintel\u0117 u\u017etikrina, kad kiekvienas centimetras b\u016bt\u0173 i\u0161naudotas i\u0161mintingai, nes reguliuojamos kojel\u0117s puikiai prisitaiko prie j\u016bs\u0173 erdv\u0117s poreiki\u0173. Juodos metalin\u0117s rankenos suteikia modernumo, kuris patraukia d\u0117mes\u012f ir palengvina kasdien\u012f naudojim\u0105.<\/p>","protected":false},"excerpt":{"rendered":"<p>Plotis (cm): 30<br \/>\n\u016agis (cm): 82<br \/>\nGylis (cm): 47<\/p>","protected":false},"featured_media":160730,"comment_status":"open","ping_status":"open","template":"","meta":[],"product_brand":[],"product_cat":[9442,4106],"product_tag":[],"class_list":{"0":"post-160729","1":"product","2":"type-product","3":"status-publish","4":"has-post-thumbnail","6":"product_cat-kitchen-system-langen-dab-artisan","7":"product_cat-gala-meble","9":"first","10":"instock","11":"purchasable","12":"product-type-simple"},"_links":{"self":[{"href":"https:\/\/baldumarket.lt\/lt\/wp-json\/wp\/v2\/product\/160729","targetHints":{"allow":["GET"]}}],"collection":[{"href":"https:\/\/baldumarket.lt\/lt\/wp-json\/wp\/v2\/product"}],"about":[{"href":"https:\/\/baldumarket.lt\/lt\/wp-json\/wp\/v2\/types\/product"}],"replies":[{"embeddable":true,"href":"https:\/\/baldumarket.lt\/lt\/wp-json\/wp\/v2\/comments?post=160729"}],"wp:featuredmedia":[{"embeddable":true,"href":"https:\/\/baldumarket.lt\/lt\/wp-json\/wp\/v2\/media\/160730"}],"wp:attachment":[{"href":"https:\/\/baldumarket.lt\/lt\/wp-json\/wp\/v2\/media?parent=160729"}],"wp:term":[{"taxonomy":"product_brand","embeddable":true,"href":"https:\/\/baldumarket.lt\/lt\/wp-json\/wp\/v2\/product_brand?post=160729"},{"taxonomy":"product_cat","embeddable":true,"href":"https:\/\/baldumarket.lt\/lt\/wp-json\/wp\/v2\/product_cat?post=160729"},{"taxonomy":"product_tag","embeddable":true,"href":"https:\/\/baldumarket.lt\/lt\/wp-json\/wp\/v2\/product_tag?post=160729"}],"curies":[{"name":"wp","href":"https:\/\/api.w.org\/{rel}","templated":true}]}}