{"id":160725,"date":"2025-12-19T01:20:30","date_gmt":"2025-12-18T22:20:30","guid":{"rendered":"https:\/\/baldumarket.lt\/product\/szafka-kuchenna-dolna-1-drzwiowa-d30-p-l-langen-grey\/"},"modified":"2026-02-18T11:27:51","modified_gmt":"2026-02-18T08:27:51","slug":"szafka-kuchenna-dolna-1-drzwiowa-d30-p-l-langen-grey","status":"publish","type":"product","link":"https:\/\/baldumarket.lt\/lt\/product\/szafka-kuchenna-dolna-1-drzwiowa-d30-p-l-langen-grey\/","title":{"rendered":"Apatin\u0117 virtuv\u0117s spintel\u0117, 1 dur\u0173, D30, pilka, langen"},"content":{"rendered":"<p>Atraskite elegancij\u0105 ir funkcionalum\u0105 viename su \u201eLangen Grey\u201c vien\u0173 dur\u0173 apatine virtuv\u0117s spintele, kuri skland\u017eiai derina modern\u0173 stili\u0173 su nesenstan\u010diu \u017eavesiu. Jos matin\u0117 pilka priekin\u0117 dalis suteikia j\u016bs\u0173 virtuvei subtil\u0173, ta\u010diau rafinuot\u0105 akcent\u0105. Tai leid\u017eia sukurti tobul\u0105 erdv\u0119, kuri b\u016bt\u0173 ir gra\u017ei, ir prakti\u0161ka.<\/p>\n<p>Pilkos spalvos priekio ir \u201eArtisan Oak\u201c korpuso spalv\u0173 derinys \u201eLangen Grey\u201c spintel\u0117je atitinka dabartines interjero dizaino tendencijas. \u0160is harmoningas derinys ne tik pagerina estetik\u0105, bet ir suteikia j\u016bs\u0173 virtuvei \u0161ilumos bei jaukumo. Stilingos juodos ranken\u0117l\u0117s suteikia kontrasto ir elegancijos, o ranken\u0117li\u0173 neturinti atidarymo spustel\u0117jus sistema leid\u017eia sukurti minimalistin\u012f vaizd\u0105.<\/p>\n<p>\u0160i spintel\u0117 ne tik gra\u017ei, bet ir prakti\u0161ka. Reguliuojamos kojel\u0117s leid\u017eia pritaikyti spintel\u0117s auk\u0161t\u012f pagal savo poreikius, tod\u0117l tai idealus sprendimas net ir reikliausiems interjerams. Laminuotos plok\u0161t\u0117s ir MDF konstrukcija u\u017etikrina atsparum\u0105 pa\u017eeidimams ir ilgaam\u017ei\u0161kum\u0105, tod\u0117l galite b\u016bti tikri, kad ji tarnaus ilgus metus.<\/p>\n<p>Dar vienas \u0161ios spintel\u0117s privalumas \u2013 paprastas surinkimas. D\u0117l ai\u0161ki\u0173 instrukcij\u0173 ir i\u0161manaus dizaino, surinkimas savaranki\u0161kai nesukels problem\u0173. Tod\u0117l tai puikus sprendimas visiems, ie\u0161kantiems greito ir be r\u016bpes\u010di\u0173 virtuv\u0117s pertvarkymo.<\/p>","protected":false},"excerpt":{"rendered":"<p>Plotis (cm): 30<br \/>\n\u016agis (cm): 82<br \/>\nGylis (cm): 47<\/p>","protected":false},"featured_media":160726,"comment_status":"open","ping_status":"open","template":"","meta":[],"product_brand":[],"product_cat":[9442,4106],"product_tag":[],"class_list":{"0":"post-160725","1":"product","2":"type-product","3":"status-publish","4":"has-post-thumbnail","6":"product_cat-kitchen-system-langen-dab-artisan","7":"product_cat-gala-meble","9":"first","10":"instock","11":"purchasable","12":"product-type-simple"},"_links":{"self":[{"href":"https:\/\/baldumarket.lt\/lt\/wp-json\/wp\/v2\/product\/160725","targetHints":{"allow":["GET"]}}],"collection":[{"href":"https:\/\/baldumarket.lt\/lt\/wp-json\/wp\/v2\/product"}],"about":[{"href":"https:\/\/baldumarket.lt\/lt\/wp-json\/wp\/v2\/types\/product"}],"replies":[{"embeddable":true,"href":"https:\/\/baldumarket.lt\/lt\/wp-json\/wp\/v2\/comments?post=160725"}],"wp:featuredmedia":[{"embeddable":true,"href":"https:\/\/baldumarket.lt\/lt\/wp-json\/wp\/v2\/media\/160726"}],"wp:attachment":[{"href":"https:\/\/baldumarket.lt\/lt\/wp-json\/wp\/v2\/media?parent=160725"}],"wp:term":[{"taxonomy":"product_brand","embeddable":true,"href":"https:\/\/baldumarket.lt\/lt\/wp-json\/wp\/v2\/product_brand?post=160725"},{"taxonomy":"product_cat","embeddable":true,"href":"https:\/\/baldumarket.lt\/lt\/wp-json\/wp\/v2\/product_cat?post=160725"},{"taxonomy":"product_tag","embeddable":true,"href":"https:\/\/baldumarket.lt\/lt\/wp-json\/wp\/v2\/product_tag?post=160725"}],"curies":[{"name":"wp","href":"https:\/\/api.w.org\/{rel}","templated":true}]}}