{"id":160720,"date":"2025-12-19T01:20:21","date_gmt":"2025-12-18T22:20:21","guid":{"rendered":"https:\/\/baldumarket.lt\/product\/szafka-kuchenna-dolna-1-drzwiowa-d30-p-l-linea-grey-szary-mat\/"},"modified":"2026-02-18T11:35:37","modified_gmt":"2026-02-18T08:35:37","slug":"szafka-kuchenna-dolna-1-drzwiowa-d30-p-l-linea-grey-szary-mat","status":"publish","type":"product","link":"https:\/\/baldumarket.lt\/lt\/product\/szafka-kuchenna-dolna-1-drzwiowa-d30-p-l-linea-grey-szary-mat\/","title":{"rendered":"Apatin\u0117 virtuv\u0117s spintel\u0117, 1 dur\u0173, D30, pilkai matin\u0117, Linea"},"content":{"rendered":"<p>\u201eGa\u0142a Meble\u201c \u201eLinea Grey\u201c linijos D30 vien\u0173 dureli\u0173 apatin\u0117 virtuv\u0117s spintel\u0117 yra tikras modernaus interjero perlas, kuriame dera elegancija ir funkcionalumas. Pasirinkus \u0161\u012f bald\u0105, \u017eengiamas \u017eingsnis minimalistinio dizaino link, pabr\u0117\u017eiant nepriekai\u0161ting\u0105 matin\u0117s pilkos spalvos pavir\u0161i\u0173 apdail\u0105 ir subtilum\u0105. Jis pagerins j\u016bs\u0173 virtuv\u0117s estetik\u0105, nepriklausomai nuo jos dyd\u017eio, suteikdamas harmonijos ir darnos j\u016bs\u0173 kasdienei maisto gaminimo erdvei. Pagaminta i\u0161 auk\u0161tos kokyb\u0117s med\u017eiag\u0173, toki\u0173 kaip MDF fasadai ir laminuota plok\u0161t\u0117 korpusui, \u0161i spintel\u0117 u\u017etikrina patikimum\u0105 ir ilgaam\u017ei\u0161kum\u0105 ilgus metus. Blizgus pilkas fasadas papildo matin\u0117s baltos spalvos korpus\u0105, sukurdamas ry\u0161k\u0173 kontrast\u0105, kuris pagyvina bet kuri\u0105 virtuv\u0119. \u0160is baldas tampa dizaino akcentu, stulbinan\u010diu tiek moderniame, tiek klasikiniame interjere. \u0160ios apatin\u0117s virtuv\u0117s spintel\u0117s funkcionalumas i\u0161rei\u0161kiamas ne tik estetiniu patrauklumu, bet ir prakti\u0161kumu. Reguliuojamos kojel\u0117s leid\u017eia reguliuoti auk\u0161t\u012f, o tai \u017eymiai padidina komfort\u0105 kasdien naudojant, o savaime u\u017esidarantys vyriai u\u017etikrina skland\u0173 ir tyl\u0173 u\u017edarym\u0105. Tai puikus sprendimas visiems, ie\u0161kantiems bald\u0173, kurie derina stili\u0173 ir prakti\u0161kum\u0105.<\/p>","protected":false},"excerpt":{"rendered":"<p>Plotis (cm): 30<br \/>\n\u016agis (cm): 82<br \/>\nGylis (cm): 47<\/p>","protected":false},"featured_media":160721,"comment_status":"open","ping_status":"open","template":"","meta":[],"product_brand":[],"product_cat":[9446,4106],"product_tag":[],"class_list":{"0":"post-160720","1":"product","2":"type-product","3":"status-publish","4":"has-post-thumbnail","6":"product_cat-kitchen-system-linea-white","7":"product_cat-gala-meble","9":"first","10":"instock","11":"purchasable","12":"product-type-simple"},"_links":{"self":[{"href":"https:\/\/baldumarket.lt\/lt\/wp-json\/wp\/v2\/product\/160720","targetHints":{"allow":["GET"]}}],"collection":[{"href":"https:\/\/baldumarket.lt\/lt\/wp-json\/wp\/v2\/product"}],"about":[{"href":"https:\/\/baldumarket.lt\/lt\/wp-json\/wp\/v2\/types\/product"}],"replies":[{"embeddable":true,"href":"https:\/\/baldumarket.lt\/lt\/wp-json\/wp\/v2\/comments?post=160720"}],"wp:featuredmedia":[{"embeddable":true,"href":"https:\/\/baldumarket.lt\/lt\/wp-json\/wp\/v2\/media\/160721"}],"wp:attachment":[{"href":"https:\/\/baldumarket.lt\/lt\/wp-json\/wp\/v2\/media?parent=160720"}],"wp:term":[{"taxonomy":"product_brand","embeddable":true,"href":"https:\/\/baldumarket.lt\/lt\/wp-json\/wp\/v2\/product_brand?post=160720"},{"taxonomy":"product_cat","embeddable":true,"href":"https:\/\/baldumarket.lt\/lt\/wp-json\/wp\/v2\/product_cat?post=160720"},{"taxonomy":"product_tag","embeddable":true,"href":"https:\/\/baldumarket.lt\/lt\/wp-json\/wp\/v2\/product_tag?post=160720"}],"curies":[{"name":"wp","href":"https:\/\/api.w.org\/{rel}","templated":true}]}}