{"id":160715,"date":"2025-12-19T01:20:10","date_gmt":"2025-12-18T22:20:10","guid":{"rendered":"https:\/\/baldumarket.lt\/product\/szafka-kuchenna-dolna-1-drzwiowa-d40-linea-white-bialy-mat\/"},"modified":"2026-02-18T11:35:37","modified_gmt":"2026-02-18T08:35:37","slug":"szafka-kuchenna-dolna-1-drzwiowa-d40-linea-white-bialy-mat","status":"publish","type":"product","link":"https:\/\/baldumarket.lt\/lt\/product\/szafka-kuchenna-dolna-1-drzwiowa-d40-linea-white-bialy-mat\/","title":{"rendered":"Apatin\u0117 virtuv\u0117s spintel\u0117, 1 dur\u0173, D40, Linea balta, matin\u0117, balta"},"content":{"rendered":"<p>J\u016bs\u0173 virtuv\u0117s interjeras gali tapti dar eleganti\u0161kesnis ir funkcionalesnis su matin\u0117s baltos spalvos \u201eLinea White D40\u201c apatine virtuv\u0117s spintele. Tai puikus sprendimas tiems, kurie vertina paprastum\u0105 ir modern\u0173 dizain\u0105. Matin\u0117s baltos spalvos MDF fasadas kartu su auksin\u0117mis ranken\u0117l\u0117mis suteikia spintelei unikalaus \u017eavesio, kuris tikrai pritrauks j\u016bs\u0173 sve\u010di\u0173 d\u0117mes\u012f. \u201eLinea White D40\u201c spintel\u0117 i\u0161siskiria ne tik savo i\u0161vaizda, bet ir funkcionalumu. Reguliuojamos kojel\u0117s leid\u017eia reguliuoti spintel\u0117s auk\u0161t\u012f pagal individualius poreikius, suteikiant didesn\u012f lankstum\u0105 kuriant interjero dizain\u0105. \u0160velnaus u\u017edarymo vyriai yra papildomas privalumas, tod\u0117l spintele naudotis nepaprastai patogu, o ji u\u017esidaro tyliai. Jei ie\u0161kote modernios virtuv\u0117s i\u0161vaizdos, \u0161ios spintel\u0117s korpuso ir fasad\u0173 matin\u0117 balta apdaila yra puikus pasirinkimas. Matinis pavir\u0161ius suteikia interjerui subtilaus charakterio ir elegancijos, o j\u012f taip pat lengva valyti. Tai u\u017etikrina, kad kiekvienas virtuv\u0117s elementas atrodyt\u0173 tvarkingai ir esteti\u0161kai, o tai labai svarbu kasdien naudojant.<\/p>","protected":false},"excerpt":{"rendered":"<p>Plotis (cm): 40<br \/>\n\u016agis (cm): 82<br \/>\nGylis (cm): 47<\/p>","protected":false},"featured_media":160716,"comment_status":"open","ping_status":"open","template":"","meta":[],"product_brand":[],"product_cat":[9446,4106],"product_tag":[],"class_list":{"0":"post-160715","1":"product","2":"type-product","3":"status-publish","4":"has-post-thumbnail","6":"product_cat-kitchen-system-linea-white","7":"product_cat-gala-meble","9":"first","10":"instock","11":"purchasable","12":"product-type-simple"},"_links":{"self":[{"href":"https:\/\/baldumarket.lt\/lt\/wp-json\/wp\/v2\/product\/160715","targetHints":{"allow":["GET"]}}],"collection":[{"href":"https:\/\/baldumarket.lt\/lt\/wp-json\/wp\/v2\/product"}],"about":[{"href":"https:\/\/baldumarket.lt\/lt\/wp-json\/wp\/v2\/types\/product"}],"replies":[{"embeddable":true,"href":"https:\/\/baldumarket.lt\/lt\/wp-json\/wp\/v2\/comments?post=160715"}],"wp:featuredmedia":[{"embeddable":true,"href":"https:\/\/baldumarket.lt\/lt\/wp-json\/wp\/v2\/media\/160716"}],"wp:attachment":[{"href":"https:\/\/baldumarket.lt\/lt\/wp-json\/wp\/v2\/media?parent=160715"}],"wp:term":[{"taxonomy":"product_brand","embeddable":true,"href":"https:\/\/baldumarket.lt\/lt\/wp-json\/wp\/v2\/product_brand?post=160715"},{"taxonomy":"product_cat","embeddable":true,"href":"https:\/\/baldumarket.lt\/lt\/wp-json\/wp\/v2\/product_cat?post=160715"},{"taxonomy":"product_tag","embeddable":true,"href":"https:\/\/baldumarket.lt\/lt\/wp-json\/wp\/v2\/product_tag?post=160715"}],"curies":[{"name":"wp","href":"https:\/\/api.w.org\/{rel}","templated":true}]}}