{"id":160711,"date":"2025-12-19T01:20:02","date_gmt":"2025-12-18T22:20:02","guid":{"rendered":"https:\/\/baldumarket.lt\/product\/szafka-kuchenna-dolna-1-drzwiowa-d40-p-l-langen-artisan\/"},"modified":"2026-02-18T11:27:35","modified_gmt":"2026-02-18T08:27:35","slug":"szafka-kuchenna-dolna-1-drzwiowa-d40-p-l-langen-artisan","status":"publish","type":"product","link":"https:\/\/baldumarket.lt\/lt\/product\/szafka-kuchenna-dolna-1-drzwiowa-d40-p-l-langen-artisan\/","title":{"rendered":"Apatin\u0117 virtuv\u0117s spintel\u0117 1 dur\u0173 D40 P\/L Langen Artisan"},"content":{"rendered":"<p>Atnaujinkite savo virtuv\u0119 su \u201eLangen Artisan\u201c vien\u0173 dureli\u0173 apatine spintele, sukurta atsi\u017evelgiant \u012f i\u0161skirtin\u0119 elegancij\u0105 ir funkcionalum\u0105. \u0160i spintel\u0117 suteiks j\u016bs\u0173 interjerui nat\u016bralaus \u017eavesio d\u0117l savo \u201eArtisan Oak\u201c apdailos, kuri j\u016bs\u0173 erdvei suteikia \u0161ilt\u0173, organi\u0161k\u0173 atspalvi\u0173. Subtil\u016bs med\u017eio atspalviai puikiai dera tiek su moderniu, tiek su tradiciniu dizainu, sukurdami darni\u0105 ir jauki\u0105 atmosfer\u0105.<\/p>\n<p>\u201eLangen Artisan\u201c spintel\u0117 yra ne tik gra\u017ei, bet ir prakti\u0161ka kasdieniam naudojimui. Reguliuojamos kojel\u0117s leid\u017eia lengvai reguliuoti auk\u0161t\u012f, u\u017etikrinant stabilum\u0105 ir puik\u0173 prigludim\u0105 prie \u012fvairi\u0173 pavir\u0161i\u0173. \u0160is apgalvotas sprendimas leid\u017eia lengvai \u012frengti spintel\u0119 net ir sud\u0117tingiausiose erdv\u0117se.<\/p>\n<p>Papildomas privalumas \u2013 pasirinkimas tarp klasikini\u0173 juodo metalo ranken\u0117li\u0173 arba ranken\u0117li\u0173 neturin\u010dios atidarymo spustel\u0117jus sistemos, kuri suteikia modernumo ir palengvina dureli\u0173 atidarym\u0105. Tai leid\u017eia spintelei prisitaikyti prie j\u016bs\u0173 poreiki\u0173 ir stiliaus, pabr\u0117\u017eiant individual\u0173 j\u016bs\u0173 virtuv\u0117s charakter\u012f.<\/p>\n<p>Su \u201eGa\u0142a Meble\u201c baldais susikurkite virtuv\u0119, apie kuri\u0105 visada svajojote. \u201eLangen Artisan\u201c apatin\u0117 spintel\u0117 \u2013 puikus pasirinkimas tiems, kurie vertina estetikos ir funkcionalumo derin\u012f. D\u0117l apgalvoto dizaino ir auk\u0161tos kokyb\u0117s gamybos \u0161i spintel\u0117 taps nepakei\u010diamu j\u016bs\u0173 kulinarin\u0117s karalyst\u0117s elementu, suteikian\u010diu vietos visiems svarbiausiems virtuv\u0117s reikmenims.<\/p>","protected":false},"excerpt":{"rendered":"<p>Plotis (cm): 40<br \/>\n\u016agis (cm): 82<br \/>\nGylis (cm): 47<\/p>","protected":false},"featured_media":160712,"comment_status":"open","ping_status":"open","template":"","meta":[],"product_brand":[],"product_cat":[9442,4106],"product_tag":[],"class_list":{"0":"post-160711","1":"product","2":"type-product","3":"status-publish","4":"has-post-thumbnail","6":"product_cat-kitchen-system-langen-dab-artisan","7":"product_cat-gala-meble","9":"first","10":"instock","11":"purchasable","12":"product-type-simple"},"_links":{"self":[{"href":"https:\/\/baldumarket.lt\/lt\/wp-json\/wp\/v2\/product\/160711","targetHints":{"allow":["GET"]}}],"collection":[{"href":"https:\/\/baldumarket.lt\/lt\/wp-json\/wp\/v2\/product"}],"about":[{"href":"https:\/\/baldumarket.lt\/lt\/wp-json\/wp\/v2\/types\/product"}],"replies":[{"embeddable":true,"href":"https:\/\/baldumarket.lt\/lt\/wp-json\/wp\/v2\/comments?post=160711"}],"wp:featuredmedia":[{"embeddable":true,"href":"https:\/\/baldumarket.lt\/lt\/wp-json\/wp\/v2\/media\/160712"}],"wp:attachment":[{"href":"https:\/\/baldumarket.lt\/lt\/wp-json\/wp\/v2\/media?parent=160711"}],"wp:term":[{"taxonomy":"product_brand","embeddable":true,"href":"https:\/\/baldumarket.lt\/lt\/wp-json\/wp\/v2\/product_brand?post=160711"},{"taxonomy":"product_cat","embeddable":true,"href":"https:\/\/baldumarket.lt\/lt\/wp-json\/wp\/v2\/product_cat?post=160711"},{"taxonomy":"product_tag","embeddable":true,"href":"https:\/\/baldumarket.lt\/lt\/wp-json\/wp\/v2\/product_tag?post=160711"}],"curies":[{"name":"wp","href":"https:\/\/api.w.org\/{rel}","templated":true}]}}