{"id":160706,"date":"2025-12-19T01:19:52","date_gmt":"2025-12-18T22:19:52","guid":{"rendered":"https:\/\/baldumarket.lt\/product\/szafka-kuchenna-dolna-1-drzwiowa-d40-p-l-langen-beige\/"},"modified":"2026-02-18T11:27:35","modified_gmt":"2026-02-18T08:27:35","slug":"szafka-kuchenna-dolna-1-drzwiowa-d40-p-l-langen-beige","status":"publish","type":"product","link":"https:\/\/baldumarket.lt\/lt\/product\/szafka-kuchenna-dolna-1-drzwiowa-d40-p-l-langen-beige\/","title":{"rendered":"Apatin\u0117 virtuv\u0117s spintel\u0117 1 dur\u0173 D40 P\/L Langen Beige"},"content":{"rendered":"<p>Atraskite unikali\u0105 elegancij\u0105 ir funkcionalum\u0105, kur\u012f j\u016bs\u0173 virtuvei suteiks garsaus \u201eGa\u0142a Meble\u201c prek\u0117s \u017eenklo \u201eLangen Beige\u201c kolekcijos virtuv\u0117s spintel\u0117. Tai puikus pasirinkimas tiems, kurie vertina estetik\u0105 ir prakti\u0161kum\u0105. Minimalistinis stilius, kuriame derinamas matinis sm\u0117lio atspalvis su meni\u0161ko \u0105\u017euolo korpusu, sukuria harmoning\u0105 visum\u0105, kuri puikiai papildys modern\u0173 interjer\u0105. \u0160i spintel\u0117 ne tik traukia ak\u012f eleganti\u0161ka apdaila, bet ir suteikia funkcionalum\u0105, kurio tikit\u0117s dinami\u0161koje virtuv\u0117s aplinkoje. Paprasta jos forma, 40 cm plo\u010dio ir 47 cm gylio, puikiai tiks bet kokiam virtuv\u0117s i\u0161planavimui, suteikdama vietos svarbiausiems virtuv\u0117s priedams laikyti. \u0160ios spintel\u0117s prakti\u0161kum\u0105 atspindi reguliuojamos kojel\u0117s, leid\u017eian\u010dios lengvai reguliuoti auk\u0161t\u012f nuo 10 cm iki 12,5 cm, tod\u0117l spintel\u0117 puikiai prisitaiko prie j\u016bs\u0173 stalvir\u0161io ar grind\u0173 auk\u0161\u010dio. Juoda metalin\u0117 rankena suteikia modernumo, kartu yra patvari ir patogi naudoti.<\/p>","protected":false},"excerpt":{"rendered":"<p>Plotis (cm): 40<br \/>\n\u016agis (cm): 82<br \/>\nGylis (cm): 47<\/p>","protected":false},"featured_media":160707,"comment_status":"open","ping_status":"open","template":"","meta":[],"product_brand":[],"product_cat":[9442,4106],"product_tag":[],"class_list":{"0":"post-160706","1":"product","2":"type-product","3":"status-publish","4":"has-post-thumbnail","6":"product_cat-kitchen-system-langen-dab-artisan","7":"product_cat-gala-meble","9":"first","10":"instock","11":"purchasable","12":"product-type-simple"},"_links":{"self":[{"href":"https:\/\/baldumarket.lt\/lt\/wp-json\/wp\/v2\/product\/160706","targetHints":{"allow":["GET"]}}],"collection":[{"href":"https:\/\/baldumarket.lt\/lt\/wp-json\/wp\/v2\/product"}],"about":[{"href":"https:\/\/baldumarket.lt\/lt\/wp-json\/wp\/v2\/types\/product"}],"replies":[{"embeddable":true,"href":"https:\/\/baldumarket.lt\/lt\/wp-json\/wp\/v2\/comments?post=160706"}],"wp:featuredmedia":[{"embeddable":true,"href":"https:\/\/baldumarket.lt\/lt\/wp-json\/wp\/v2\/media\/160707"}],"wp:attachment":[{"href":"https:\/\/baldumarket.lt\/lt\/wp-json\/wp\/v2\/media?parent=160706"}],"wp:term":[{"taxonomy":"product_brand","embeddable":true,"href":"https:\/\/baldumarket.lt\/lt\/wp-json\/wp\/v2\/product_brand?post=160706"},{"taxonomy":"product_cat","embeddable":true,"href":"https:\/\/baldumarket.lt\/lt\/wp-json\/wp\/v2\/product_cat?post=160706"},{"taxonomy":"product_tag","embeddable":true,"href":"https:\/\/baldumarket.lt\/lt\/wp-json\/wp\/v2\/product_tag?post=160706"}],"curies":[{"name":"wp","href":"https:\/\/api.w.org\/{rel}","templated":true}]}}