{"id":160702,"date":"2025-12-19T01:19:44","date_gmt":"2025-12-18T22:19:44","guid":{"rendered":"https:\/\/baldumarket.lt\/product\/szafka-kuchenna-dolna-1-drzwiowa-d40-p-l-langen-grey\/"},"modified":"2026-02-18T11:27:35","modified_gmt":"2026-02-18T08:27:35","slug":"szafka-kuchenna-dolna-1-drzwiowa-d40-p-l-langen-grey","status":"publish","type":"product","link":"https:\/\/baldumarket.lt\/lt\/product\/szafka-kuchenna-dolna-1-drzwiowa-d40-p-l-langen-grey\/","title":{"rendered":"Apatin\u0117 virtuv\u0117s spintel\u0117 1 dur\u0173 D40 P\/L Langen pilka"},"content":{"rendered":"<p>Atraskite tobul\u0105 modernaus stiliaus ir funkcionalumo derin\u012f, kur\u012f si\u016blo \u201eLangen Grey\u201c vien\u0173 dur\u0173 apatin\u0117 virtuv\u0117s spintel\u0117. Jos matin\u0117 pilka priekin\u0117 dalis pabr\u0117\u017eia elegancij\u0105, suteikdama bet kuriai virtuvei modern\u0173 ir gaiv\u0173 vaizd\u0105. Estetinis kontrastas su \u201eArtisan Oak\u201c korpusu suteikia interjerui \u0161ilumos ir jaukumo, tod\u0117l tai puiki vieta gaminti maist\u0105 ir priimti sve\u010dius.<\/p>\n<p>\u0160ios spintel\u0117s dizainas kruop\u0161\u010diai apgalvotas, siekiant patenkinti tiek estetinius, tiek praktinius poreikius. Reguliuojamos kojel\u0117s leid\u017eia reguliuoti auk\u0161t\u012f, idealiai tinka nelygiems grindims. Tai u\u017etikrina, kad spintel\u0117 visada tvirtai stov\u0117s, nepriklausomai nuo s\u0105lyg\u0173. Sukurta galvojant apie ilgaam\u017ei\u0161kum\u0105 \u2013 pagaminta i\u0161 laminuotos plok\u0161t\u0117s ir MDF, ji atlaiko kasdien\u012f naudojim\u0105.<\/p>\n<p>\u201eLangen Grey\u201c spintel\u0117s funkcionalumas neapsiriboja vien daikt\u0173 laikymo vieta. Pasirink\u0119 klasikines juodas metalines rankenas arba moderni\u0105 atidarymo spustel\u0117jus sistem\u0105, galite pritaikyti jos i\u0161vaizd\u0105 pagal savo stili\u0173 ir pageidavimus. Sistema be ranken\u0117li\u0173 u\u017etikrina skland\u0173 atidarym\u0105, pabr\u0117\u017edama minimalistin\u012f spintel\u0117s dizain\u0105.<\/p>\n<p>\u0160ios spintel\u0117s surinkimas patiems \u2013 patogus pasirinkimas, taupantis laik\u0105 ir i\u0161laidas, reikalingas specialisto samdymui. D\u0117l prid\u0117t\u0173 instrukcij\u0173 procesas yra intuityvus ir malonus, o galutinis rezultatas tikrai patiks visiems, kurie vertina gerai suprojektuot\u0105 ir tvirtai sukonstruot\u0105 virtuv\u0117s erdv\u0119.<\/p>","protected":false},"excerpt":{"rendered":"<p>Plotis (cm): 40<br \/>\n\u016agis (cm): 82<br \/>\nGylis (cm): 47<\/p>","protected":false},"featured_media":160703,"comment_status":"open","ping_status":"open","template":"","meta":[],"product_brand":[],"product_cat":[9442,4106],"product_tag":[],"class_list":{"0":"post-160702","1":"product","2":"type-product","3":"status-publish","4":"has-post-thumbnail","6":"product_cat-kitchen-system-langen-dab-artisan","7":"product_cat-gala-meble","9":"first","10":"instock","11":"purchasable","12":"product-type-simple"},"_links":{"self":[{"href":"https:\/\/baldumarket.lt\/lt\/wp-json\/wp\/v2\/product\/160702","targetHints":{"allow":["GET"]}}],"collection":[{"href":"https:\/\/baldumarket.lt\/lt\/wp-json\/wp\/v2\/product"}],"about":[{"href":"https:\/\/baldumarket.lt\/lt\/wp-json\/wp\/v2\/types\/product"}],"replies":[{"embeddable":true,"href":"https:\/\/baldumarket.lt\/lt\/wp-json\/wp\/v2\/comments?post=160702"}],"wp:featuredmedia":[{"embeddable":true,"href":"https:\/\/baldumarket.lt\/lt\/wp-json\/wp\/v2\/media\/160703"}],"wp:attachment":[{"href":"https:\/\/baldumarket.lt\/lt\/wp-json\/wp\/v2\/media?parent=160702"}],"wp:term":[{"taxonomy":"product_brand","embeddable":true,"href":"https:\/\/baldumarket.lt\/lt\/wp-json\/wp\/v2\/product_brand?post=160702"},{"taxonomy":"product_cat","embeddable":true,"href":"https:\/\/baldumarket.lt\/lt\/wp-json\/wp\/v2\/product_cat?post=160702"},{"taxonomy":"product_tag","embeddable":true,"href":"https:\/\/baldumarket.lt\/lt\/wp-json\/wp\/v2\/product_tag?post=160702"}],"curies":[{"name":"wp","href":"https:\/\/api.w.org\/{rel}","templated":true}]}}