{"id":160697,"date":"2025-12-19T01:19:33","date_gmt":"2025-12-18T22:19:33","guid":{"rendered":"https:\/\/baldumarket.lt\/product\/szafka-kuchenna-dolna-1-drzwiowa-d40-p-l-linea-grey-szary-mat\/"},"modified":"2026-02-18T11:35:37","modified_gmt":"2026-02-18T08:35:37","slug":"szafka-kuchenna-dolna-1-drzwiowa-d40-p-l-linea-grey-szary-mat","status":"publish","type":"product","link":"https:\/\/baldumarket.lt\/lt\/product\/szafka-kuchenna-dolna-1-drzwiowa-d40-p-l-linea-grey-szary-mat\/","title":{"rendered":"Apatin\u0117 virtuv\u0117s spintel\u0117, 1 dur\u0173, D40, pilkai matin\u0117, Linea"},"content":{"rendered":"<p>Atraskite subtil\u0173 \u201eGa\u0142a Meble\u201c apatin\u0117s \u201eLinea Grey\u201c virtuv\u0117s spintel\u0117s su vienomis durel\u0117mis elegancij\u0105 ir minimalistin\u012f \u017eaves\u012f. Blizgus pilkas priekis kartu su matin\u0117s baltos spalvos korpusu sukuria harmoning\u0105 kompozicij\u0105, kuri puikiai papildo modern\u0173 interjer\u0105. \u0160i spintel\u0117 \u2013 puikus pasirinkimas tiems, kurie vertina stili\u0173 ir funkcionalum\u0105 savo virtuv\u0117je. \u201eLinea Grey\u201c spintel\u0117s prakti\u0161kumas akivaizdus kasdien naudojant. Optimaliai suprojektuota taip, kad tilpt\u0173 visi b\u016btini virtuv\u0117s reikmenys, ji puikiai telpa ma\u017eose erdv\u0117se, i\u0161laikant ergonomi\u0161k\u0105 i\u0161d\u0117stym\u0105. Tai puikus j\u016bs\u0173 virtuv\u0117s dizaino akcentas, tikrai su\u017eav\u0117siantis kiekvien\u0105 sve\u010di\u0105. D\u0117l MDF ir laminuotos plok\u0161t\u0117s panaudojimo spintel\u0117 yra ne tik esteti\u0161kai patraukli, bet ir atspari kasdieniam d\u0117v\u0117jimuisi. Spintel\u0119 galima lengvai priderinti prie kit\u0173 j\u016bs\u0173 virtuv\u0117s bald\u0173, sukuriant darni\u0105, mading\u0105 i\u0161vaizd\u0105. Savaranki\u0161kas surinkimas u\u017etikrina pasitenkinim\u0105 ir leid\u017eia pritaikyti j\u0105 pagal individualius poreikius.<\/p>","protected":false},"excerpt":{"rendered":"<p>Plotis (cm): 40<br \/>\n\u016agis (cm): 82<br \/>\nGylis (cm): 47<\/p>","protected":false},"featured_media":160698,"comment_status":"open","ping_status":"open","template":"","meta":[],"product_brand":[],"product_cat":[9446,4106],"product_tag":[],"class_list":{"0":"post-160697","1":"product","2":"type-product","3":"status-publish","4":"has-post-thumbnail","6":"product_cat-kitchen-system-linea-white","7":"product_cat-gala-meble","9":"first","10":"instock","11":"purchasable","12":"product-type-simple"},"_links":{"self":[{"href":"https:\/\/baldumarket.lt\/lt\/wp-json\/wp\/v2\/product\/160697","targetHints":{"allow":["GET"]}}],"collection":[{"href":"https:\/\/baldumarket.lt\/lt\/wp-json\/wp\/v2\/product"}],"about":[{"href":"https:\/\/baldumarket.lt\/lt\/wp-json\/wp\/v2\/types\/product"}],"replies":[{"embeddable":true,"href":"https:\/\/baldumarket.lt\/lt\/wp-json\/wp\/v2\/comments?post=160697"}],"wp:featuredmedia":[{"embeddable":true,"href":"https:\/\/baldumarket.lt\/lt\/wp-json\/wp\/v2\/media\/160698"}],"wp:attachment":[{"href":"https:\/\/baldumarket.lt\/lt\/wp-json\/wp\/v2\/media?parent=160697"}],"wp:term":[{"taxonomy":"product_brand","embeddable":true,"href":"https:\/\/baldumarket.lt\/lt\/wp-json\/wp\/v2\/product_brand?post=160697"},{"taxonomy":"product_cat","embeddable":true,"href":"https:\/\/baldumarket.lt\/lt\/wp-json\/wp\/v2\/product_cat?post=160697"},{"taxonomy":"product_tag","embeddable":true,"href":"https:\/\/baldumarket.lt\/lt\/wp-json\/wp\/v2\/product_tag?post=160697"}],"curies":[{"name":"wp","href":"https:\/\/api.w.org\/{rel}","templated":true}]}}