{"id":160693,"date":"2025-12-19T01:19:26","date_gmt":"2025-12-18T22:19:26","guid":{"rendered":"https:\/\/baldumarket.lt\/product\/szafka-kuchenna-dolna-1-drzwiowa-d45-p-l-langen-artisan\/"},"modified":"2026-02-18T11:27:35","modified_gmt":"2026-02-18T08:27:35","slug":"szafka-kuchenna-dolna-1-drzwiowa-d45-p-l-langen-artisan","status":"publish","type":"product","link":"https:\/\/baldumarket.lt\/lt\/product\/szafka-kuchenna-dolna-1-drzwiowa-d45-p-l-langen-artisan\/","title":{"rendered":"Apatin\u0117 virtuv\u0117s spintel\u0117 1 dur\u0173 D45 P\/L Langen Artisan"},"content":{"rendered":"<p>Atraskite unikal\u0173 stili\u0173 ir funkcionalum\u0105, kur\u012f si\u016blo \u201eLangen Artisan\u201c vien\u0173 dur\u0173 apatin\u0117 virtuv\u0117s spintel\u0117. Sukurta atsi\u017evelgiant \u012f kiekvien\u0105 detal\u0119, \u0161i spintel\u0117 puikiai dera tiek prie modernaus, tiek prie tradicinio virtuv\u0117s interjero. \u201eArtisan Oak\u201c spalva suteikia \u0161ilumos ir elegancijos, sukurdama maloni\u0105 atmosfer\u0105, kuri palanki nam\u0173 susib\u016brimams ir kasdieniams \u0161eimos pietums.<\/p>\n<p>\u0160i virtuv\u0117s spintel\u0117 i\u0161siskiria ne tik savo gro\u017eiu, bet ir prakti\u0161kumu. Nesvarbu, ar pasirinksite klasikin\u0119 juodo metalo ranken\u0117l\u0119, ar moderni\u0105 atidarymo spustel\u0117jus sistem\u0105, jums garantuotas patogus naudojimas. Tai puikus sprendimas tiems, kurie vertina ir modern\u0173 dizain\u0105, ir klasikinius elementus savo interjere.<\/p>\n<p>Suteikite sau ir savo namams i\u0161skirtin\u012f funkcionalum\u0105 su reguliuojamo auk\u0161\u010dio kojel\u0117mis, kurios leid\u017eia pritaikyti spintel\u0117s auk\u0161t\u012f prie j\u016bs\u0173 virtuv\u0117s poreiki\u0173. \u0160is sprendimas u\u017etikrina, kad net ir nedideli grind\u0173 nelygumai netaps problema. Spintel\u0117 pagaminta i\u0161 laminuotos plok\u0161t\u0117s, u\u017etikrinan\u010dios patvarum\u0105 ir atsparum\u0105 pa\u017eeidimams \u2013 svarbi\u0105 savyb\u0119 da\u017enai naudojamoje patalpoje, tokioje kaip virtuv\u0117.<\/p>\n<p>Spintel\u0117s surinkimas yra paprastas ir gali b\u016bti atliktas atskirai, tod\u0117l galite greitai m\u0117gautis savo nauju virtuv\u0117s baldu. \u201eLangen Artisan D45\u201c apatin\u0117 virtuv\u0117s spintel\u0117 yra daugiau nei baldas \u2013 tai investicija \u012f j\u016bs\u0173 nam\u0173 funkcionalum\u0105 ir stili\u0173. Tikrai nuostabus pasirinkimas visiems, ie\u0161kantiems prakti\u0161k\u0173 ir esteti\u0161kai patraukli\u0173 virtuv\u0117s sprendim\u0173.<\/p>","protected":false},"excerpt":{"rendered":"<p>Plotis (cm): 45<br \/>\n\u016agis (cm): 82<br \/>\nGylis (cm): 47<\/p>","protected":false},"featured_media":160694,"comment_status":"open","ping_status":"open","template":"","meta":[],"product_brand":[],"product_cat":[9442,4106],"product_tag":[],"class_list":{"0":"post-160693","1":"product","2":"type-product","3":"status-publish","4":"has-post-thumbnail","6":"product_cat-kitchen-system-langen-dab-artisan","7":"product_cat-gala-meble","9":"first","10":"instock","11":"purchasable","12":"product-type-simple"},"_links":{"self":[{"href":"https:\/\/baldumarket.lt\/lt\/wp-json\/wp\/v2\/product\/160693","targetHints":{"allow":["GET"]}}],"collection":[{"href":"https:\/\/baldumarket.lt\/lt\/wp-json\/wp\/v2\/product"}],"about":[{"href":"https:\/\/baldumarket.lt\/lt\/wp-json\/wp\/v2\/types\/product"}],"replies":[{"embeddable":true,"href":"https:\/\/baldumarket.lt\/lt\/wp-json\/wp\/v2\/comments?post=160693"}],"wp:featuredmedia":[{"embeddable":true,"href":"https:\/\/baldumarket.lt\/lt\/wp-json\/wp\/v2\/media\/160694"}],"wp:attachment":[{"href":"https:\/\/baldumarket.lt\/lt\/wp-json\/wp\/v2\/media?parent=160693"}],"wp:term":[{"taxonomy":"product_brand","embeddable":true,"href":"https:\/\/baldumarket.lt\/lt\/wp-json\/wp\/v2\/product_brand?post=160693"},{"taxonomy":"product_cat","embeddable":true,"href":"https:\/\/baldumarket.lt\/lt\/wp-json\/wp\/v2\/product_cat?post=160693"},{"taxonomy":"product_tag","embeddable":true,"href":"https:\/\/baldumarket.lt\/lt\/wp-json\/wp\/v2\/product_tag?post=160693"}],"curies":[{"name":"wp","href":"https:\/\/api.w.org\/{rel}","templated":true}]}}