{"id":160688,"date":"2025-12-19T01:19:16","date_gmt":"2025-12-18T22:19:16","guid":{"rendered":"https:\/\/baldumarket.lt\/product\/szafka-kuchenna-dolna-1-drzwiowa-d45-p-l-langen-beige\/"},"modified":"2026-02-18T11:27:35","modified_gmt":"2026-02-18T08:27:35","slug":"szafka-kuchenna-dolna-1-drzwiowa-d45-p-l-langen-beige","status":"publish","type":"product","link":"https:\/\/baldumarket.lt\/lt\/product\/szafka-kuchenna-dolna-1-drzwiowa-d45-p-l-langen-beige\/","title":{"rendered":"Apatin\u0117 virtuv\u0117s spintel\u0117 1 dur\u0173 D45 P\/L Langen Beige"},"content":{"rendered":"<p>Atraskite unikali\u0105 elegancijos ir funkcionalumo harmonij\u0105 su \u201eGa\u0142a Meble\u201c pagrindine virtuv\u0117s spintele. \u0160i vien\u0173 dur\u0173 \u201eLangen Beige\u201c spintel\u0117 su matiniais sm\u0117lio spalvos fasadais suteikia j\u016bs\u0173 virtuvei subtil\u0173 modernumo akcent\u0105. Subtilus j\u0173 atspalvis pagyvina interjer\u0105, o neutralus atspalvis lengvai dera prie \u012fvairi\u0173 virtuv\u0117s dizain\u0173, sukurdamas \u0161ilt\u0105 ir jauki\u0105 atmosfer\u0105. Be estetinio patrauklumo, \u0161i spintel\u0117 yra ne\u012fkainojama pagalbinink\u0117 kasdieniame gyvenime. D\u0117l tvirtos MDF ir laminuotos plok\u0161t\u0117s konstrukcijos ji garantuoja ilgaam\u017ei\u0161kum\u0105. Funkcionalus dizainas padeda palaikyti virtuv\u0117s tvark\u0105, padeda palaikyti tvark\u0105 ir yra lengvai naudojama. Tai puikus sprendimas tiems, kurie vertina prakti\u0161kum\u0105 ir estetik\u0105. Spintel\u0117s meni\u0161ko \u0105\u017euolo korpusas suteikia interjerui nat\u016bralumo, sukurdamas nuostab\u0173 kontrast\u0105 su moderniais fasadais. \u0160is med\u017eiag\u0173 ir spalv\u0173 derinys suteikia ne tik patraukli\u0105 i\u0161vaizd\u0105, bet ir jaukumo bei \u0161ilumos poj\u016bt\u012f. Tai pavers j\u016bs\u0173 virtuv\u0119 vieta, kur kiekviena praleista akimirka bus tikras malonumas.<\/p>","protected":false},"excerpt":{"rendered":"<p>Plotis (cm): 45<br \/>\n\u016agis (cm): 82<br \/>\nGylis (cm): 47<\/p>","protected":false},"featured_media":160689,"comment_status":"open","ping_status":"open","template":"","meta":[],"product_brand":[],"product_cat":[9442,4106],"product_tag":[],"class_list":{"0":"post-160688","1":"product","2":"type-product","3":"status-publish","4":"has-post-thumbnail","6":"product_cat-kitchen-system-langen-dab-artisan","7":"product_cat-gala-meble","9":"first","10":"instock","11":"purchasable","12":"product-type-simple"},"_links":{"self":[{"href":"https:\/\/baldumarket.lt\/lt\/wp-json\/wp\/v2\/product\/160688","targetHints":{"allow":["GET"]}}],"collection":[{"href":"https:\/\/baldumarket.lt\/lt\/wp-json\/wp\/v2\/product"}],"about":[{"href":"https:\/\/baldumarket.lt\/lt\/wp-json\/wp\/v2\/types\/product"}],"replies":[{"embeddable":true,"href":"https:\/\/baldumarket.lt\/lt\/wp-json\/wp\/v2\/comments?post=160688"}],"wp:featuredmedia":[{"embeddable":true,"href":"https:\/\/baldumarket.lt\/lt\/wp-json\/wp\/v2\/media\/160689"}],"wp:attachment":[{"href":"https:\/\/baldumarket.lt\/lt\/wp-json\/wp\/v2\/media?parent=160688"}],"wp:term":[{"taxonomy":"product_brand","embeddable":true,"href":"https:\/\/baldumarket.lt\/lt\/wp-json\/wp\/v2\/product_brand?post=160688"},{"taxonomy":"product_cat","embeddable":true,"href":"https:\/\/baldumarket.lt\/lt\/wp-json\/wp\/v2\/product_cat?post=160688"},{"taxonomy":"product_tag","embeddable":true,"href":"https:\/\/baldumarket.lt\/lt\/wp-json\/wp\/v2\/product_tag?post=160688"}],"curies":[{"name":"wp","href":"https:\/\/api.w.org\/{rel}","templated":true}]}}