{"id":160684,"date":"2025-12-19T01:19:08","date_gmt":"2025-12-18T22:19:08","guid":{"rendered":"https:\/\/baldumarket.lt\/product\/szafka-kuchenna-dolna-1-drzwiowa-d60-p-l-langen-artisan\/"},"modified":"2026-02-18T11:27:35","modified_gmt":"2026-02-18T08:27:35","slug":"szafka-kuchenna-dolna-1-drzwiowa-d60-p-l-langen-artisan","status":"publish","type":"product","link":"https:\/\/baldumarket.lt\/lt\/product\/szafka-kuchenna-dolna-1-drzwiowa-d60-p-l-langen-artisan\/","title":{"rendered":"Apatin\u0117 virtuv\u0117s spintel\u0117 1 dur\u0173 D60 P\/L Langen Artisan"},"content":{"rendered":"<p>Unikali \u201eLangen Artisan D60 P\/L\u201c vien\u0173 dureli\u0173 apatin\u0117 spintel\u0117 \u2013 tai tobulas funkcionalumo ir stiliaus derinys, suteikiantis bet kuriai virtuvei modernumo. D\u0117l estetinio patrauklumo ir auk\u0161tos kokyb\u0117s laminato plok\u0161t\u0117s gamybos, spintel\u0117s pavir\u0161ius s\u0117kmingai imituoja gra\u017e\u0173, nat\u016bral\u0173 Arlingtono \u0105\u017euolo ra\u0161t\u0105, suteikdamas bet kokiam interjerui jaukumo ir klas\u0117s poj\u016bt\u012f. Tai harmoningas sprendimas tiems, kurie vertina eleganti\u0161k\u0105 paprastum\u0105.<\/p>\n<p>\u0160i spintel\u0117 ne tik \u017eavi savo i\u0161vaizda, bet ir si\u016blo praktini\u0173 privalum\u0173 kasdieniam naudojimui. Reguliuojamos kojel\u0117s leid\u017eia pritaikyti spintel\u0117s auk\u0161t\u012f pagal individualius poreikius, tod\u0117l tai ne\u012ftik\u0117tinai universalus baldas. Pasirinkimas tarp juodos metalin\u0117s rankenos arba ranken\u0117l\u0117s neturin\u010dios atidarymo stumiant sistemos leid\u017eia pritaikyti j\u0105 pagal savo skon\u012f ir virtuv\u0117s interjero specifik\u0105.<\/p>\n<p>Virtuv\u0117 \u2013 nam\u0173 \u0161irdis, o \u201eLangen Artisan D60 P\/L\u201c apatin\u0117 spintel\u0117 puikiai dera \u0161ioje erdv\u0117je d\u0117l savo paprasto, ta\u010diau rafinuoto dizaino. Tvirta konstrukcija u\u017etikrina patvarum\u0105, o funkcionalumas dar labiau supaprastina erdv\u0117s organizavim\u0105, suteikdamas lengv\u0105 prieig\u0105 prie vis\u0173 b\u016btiniausi\u0173 virtuv\u0117s reikmen\u0173. Ry\u0161ki \u0105\u017euolo apdaila yra tikras privalumas, suteikiantis erdvei \u0161ilumos ir darnos.<\/p>\n<p>Minimalistinio gro\u017eio spintel\u0117s dizainas taip pat lengvai surenkamas. Su pritaikomomis detal\u0117mis \u201eLangen Artisan\u201c spintel\u0117 ne tik papildo virtuv\u0117s interjer\u0105, bet ir pagerina jos funkcionalum\u0105, tapdama ne\u012fkainojama palydove kasdieniuose virtuv\u0117s i\u0161\u0161\u016bkiuose. Tai puikus pasirinkimas tiems, kurie vertina modernius sprendimus su klasikin\u0117s elegancijos prieskoniu.<\/p>","protected":false},"excerpt":{"rendered":"<p>Plotis (cm): 60<br \/>\n\u016agis (cm): 82<br \/>\nGylis (cm): 47<\/p>","protected":false},"featured_media":160685,"comment_status":"open","ping_status":"open","template":"","meta":[],"product_brand":[],"product_cat":[9442,4106],"product_tag":[],"class_list":{"0":"post-160684","1":"product","2":"type-product","3":"status-publish","4":"has-post-thumbnail","6":"product_cat-kitchen-system-langen-dab-artisan","7":"product_cat-gala-meble","9":"first","10":"instock","11":"purchasable","12":"product-type-simple"},"_links":{"self":[{"href":"https:\/\/baldumarket.lt\/lt\/wp-json\/wp\/v2\/product\/160684","targetHints":{"allow":["GET"]}}],"collection":[{"href":"https:\/\/baldumarket.lt\/lt\/wp-json\/wp\/v2\/product"}],"about":[{"href":"https:\/\/baldumarket.lt\/lt\/wp-json\/wp\/v2\/types\/product"}],"replies":[{"embeddable":true,"href":"https:\/\/baldumarket.lt\/lt\/wp-json\/wp\/v2\/comments?post=160684"}],"wp:featuredmedia":[{"embeddable":true,"href":"https:\/\/baldumarket.lt\/lt\/wp-json\/wp\/v2\/media\/160685"}],"wp:attachment":[{"href":"https:\/\/baldumarket.lt\/lt\/wp-json\/wp\/v2\/media?parent=160684"}],"wp:term":[{"taxonomy":"product_brand","embeddable":true,"href":"https:\/\/baldumarket.lt\/lt\/wp-json\/wp\/v2\/product_brand?post=160684"},{"taxonomy":"product_cat","embeddable":true,"href":"https:\/\/baldumarket.lt\/lt\/wp-json\/wp\/v2\/product_cat?post=160684"},{"taxonomy":"product_tag","embeddable":true,"href":"https:\/\/baldumarket.lt\/lt\/wp-json\/wp\/v2\/product_tag?post=160684"}],"curies":[{"name":"wp","href":"https:\/\/api.w.org\/{rel}","templated":true}]}}