{"id":160679,"date":"2025-12-19T01:18:58","date_gmt":"2025-12-18T22:18:58","guid":{"rendered":"https:\/\/baldumarket.lt\/product\/szafka-kuchenna-dolna-1-drzwiowa-d60-p-l-langen-beige\/"},"modified":"2026-02-18T11:27:35","modified_gmt":"2026-02-18T08:27:35","slug":"szafka-kuchenna-dolna-1-drzwiowa-d60-p-l-langen-beige","status":"publish","type":"product","link":"https:\/\/baldumarket.lt\/lt\/product\/szafka-kuchenna-dolna-1-drzwiowa-d60-p-l-langen-beige\/","title":{"rendered":"Apatin\u0117 virtuv\u0117s spintel\u0117 1 dur\u0173 D60 P\/L Langen Beige"},"content":{"rendered":"<p>Pakelkite savo virtuv\u0119 \u012f kit\u0105 lyg\u012f su \u201eGa\u0142a Meble\u201c vien\u0173 dureli\u0173 apatine virtuv\u0117s spintele \u201eLangen Beige\u201c, suteikian\u010dia elegancijos ir funkcionalumo. Unikalus matin\u0117s sm\u0117lio spalvos ir \u201eArtisan\u201c \u0105\u017euolo spalv\u0173 derinys papuo\u0161 bet kuri\u0105 virtuv\u0117s erdv\u0119, sukurdamas \u0161ilumos ir modernaus \u017eavesio atmosfer\u0105. Tai puikus pasirinkimas tiems, kurie vertina subtil\u0173 stili\u0173 ir harmonij\u0105 virtuv\u0117je. \u0160io baldo dizainas pabr\u0117\u017eia estetik\u0105 ir prakti\u0161kum\u0105. Minimalistinis dizainas puikiai tinka tiek klasikiniam, tiek moderniam interjerui. Juodos metalin\u0117s rankenos suteikia rafinuotumo ir palengvina kasdien\u012f naudojim\u0105. \u201eLangen Beige\u201c spintel\u0117 tampa ne tik daiktad\u0117\u017ee, bet ir dekoratyviniu elementu j\u016bs\u0173 virtuv\u0117je. \u0160ios spintel\u0117s funkcionalumas yra dar vienas akcentas. Lengvas surinkimas paver\u010dia j\u0105 lengvai pritaikoma bet kuriam \u201epasidaryk pats\u201c entuziastui. D\u0117l reguliuojamo auk\u0161\u010dio kojeli\u0173, kuri\u0173 auk\u0161tis svyruoja nuo 10 cm iki 12,5 cm, spintel\u0117 lengvai prisitaiko prie nelygi\u0173 grind\u0173, tod\u0117l yra itin prakti\u0161ka kasdieniam naudojimui. Patvari MDF ir laminato konstrukcija garantuoja patvarum\u0105 ir patikimum\u0105 ilgus metus.<\/p>","protected":false},"excerpt":{"rendered":"<p>Plotis (cm): 60<br \/>\n\u016agis (cm): 82<br \/>\nGylis (cm): 47<\/p>","protected":false},"featured_media":160680,"comment_status":"open","ping_status":"open","template":"","meta":[],"product_brand":[],"product_cat":[9442,4106],"product_tag":[],"class_list":{"0":"post-160679","1":"product","2":"type-product","3":"status-publish","4":"has-post-thumbnail","6":"product_cat-kitchen-system-langen-dab-artisan","7":"product_cat-gala-meble","9":"first","10":"instock","11":"purchasable","12":"product-type-simple"},"_links":{"self":[{"href":"https:\/\/baldumarket.lt\/lt\/wp-json\/wp\/v2\/product\/160679","targetHints":{"allow":["GET"]}}],"collection":[{"href":"https:\/\/baldumarket.lt\/lt\/wp-json\/wp\/v2\/product"}],"about":[{"href":"https:\/\/baldumarket.lt\/lt\/wp-json\/wp\/v2\/types\/product"}],"replies":[{"embeddable":true,"href":"https:\/\/baldumarket.lt\/lt\/wp-json\/wp\/v2\/comments?post=160679"}],"wp:featuredmedia":[{"embeddable":true,"href":"https:\/\/baldumarket.lt\/lt\/wp-json\/wp\/v2\/media\/160680"}],"wp:attachment":[{"href":"https:\/\/baldumarket.lt\/lt\/wp-json\/wp\/v2\/media?parent=160679"}],"wp:term":[{"taxonomy":"product_brand","embeddable":true,"href":"https:\/\/baldumarket.lt\/lt\/wp-json\/wp\/v2\/product_brand?post=160679"},{"taxonomy":"product_cat","embeddable":true,"href":"https:\/\/baldumarket.lt\/lt\/wp-json\/wp\/v2\/product_cat?post=160679"},{"taxonomy":"product_tag","embeddable":true,"href":"https:\/\/baldumarket.lt\/lt\/wp-json\/wp\/v2\/product_tag?post=160679"}],"curies":[{"name":"wp","href":"https:\/\/api.w.org\/{rel}","templated":true}]}}