{"id":160676,"date":"2025-12-19T01:18:52","date_gmt":"2025-12-18T22:18:52","guid":{"rendered":"https:\/\/baldumarket.lt\/product\/szafka-kuchenna-dolna-1-drzwiowa-d60-p-l-langen-grey\/"},"modified":"2026-02-18T11:27:35","modified_gmt":"2026-02-18T08:27:35","slug":"szafka-kuchenna-dolna-1-drzwiowa-d60-p-l-langen-grey","status":"publish","type":"product","link":"https:\/\/baldumarket.lt\/lt\/product\/szafka-kuchenna-dolna-1-drzwiowa-d60-p-l-langen-grey\/","title":{"rendered":"Apatin\u0117 virtuv\u0117s spintel\u0117, 1 dur\u0173, D60, pilka, langen"},"content":{"rendered":"<p>Kvie\u010diame atrasti subtil\u0173 elegancij\u0105 ir funkcionalum\u0105 pasi\u017eymin\u010di\u0105 m\u016bs\u0173 D60 P\/L Langen Grey apatin\u0119 spintel\u0119 \u2013 dizain\u0105, kuris harmoningai derina modernum\u0105 ir klasikin\u012f stili\u0173. 60 cm plo\u010dio spintel\u0117 puikiai tiks beveik bet kurioje virtuv\u0117s erdv\u0117je, suteikdama ne tik vietos j\u016bs\u0173 virtuv\u0117s reikmenims, bet ir esteti\u0161kai patraukli\u0105 apdail\u0105. Matinis pilkas fasadas puikiai kontrastuoja su \u201eArtisan Oak\u201c korpusu, suteikdamas interjerui elegancijos ir \u0161ilumos.<\/p>\n<p>\u0160i spintel\u0117 i\u0161 kit\u0173 i\u0161siskiria i\u0161skirtiniu funkcionalumu. Reguliuojamos kojel\u0117s leid\u017eia reguliuoti auk\u0161t\u012f nuo 10 iki 12,5 cm, o tai ypa\u010d naudinga ant nelygi\u0173 grind\u0173. Spintel\u0119 galima rinktis su klasikine juoda metaline rankena arba modernia spustel\u0117jimo sistema, kurioje ranken\u0173 n\u0117ra ir pasirenkami minimalistiniai sprendimai.<\/p>\n<p>Pagaminta i\u0161 patvarios MDF plok\u0161t\u0117s, \u201eLangen Grey\u201c spintel\u0117 yra atspari kasdieniams pa\u017eeidimams, tod\u0117l net po daugelio met\u0173 naudojimo atrodo kaip nauja. Laminuotas korpusas dar labiau padidina jos patvarum\u0105 ir eleganti\u0161k\u0105 i\u0161vaizd\u0105. Nepriklausomai nuo pasirinktos rankenos, kiekvienas spintel\u0117s dizainas leid\u017eia lengvai palaikyti tvark\u0105 virtuv\u0117je, suteikiant greit\u0105 prieig\u0105 prie vis\u0173 reikaling\u0173 prietais\u0173 ir pried\u0173.<\/p>\n<p>Pabr\u0117\u017ekite individual\u0173 savo virtuv\u0117s stili\u0173 eleganti\u0161ka \u201eLangen Grey\u201c virtuv\u0117s spintele. Savaranki\u0161kas surinkimas yra paprastas ir intuityvus, suteikiantis jums visi\u0161k\u0105 erdv\u0117s i\u0161d\u0117stymo kontrol\u0119. B\u016btent tokios detal\u0117s paver\u010dia j\u016bs\u0173 interjer\u0105 unikalia ir jaukia vieta gaminti maist\u0105 ir susib\u016brimams su artimaisiais.<\/p>","protected":false},"excerpt":{"rendered":"<p>Plotis (cm): 60<br \/>\n\u016agis (cm): 82<br \/>\nGylis (cm): 47<\/p>","protected":false},"featured_media":160677,"comment_status":"open","ping_status":"open","template":"","meta":[],"product_brand":[],"product_cat":[9442,4106],"product_tag":[],"class_list":{"0":"post-160676","1":"product","2":"type-product","3":"status-publish","4":"has-post-thumbnail","6":"product_cat-kitchen-system-langen-dab-artisan","7":"product_cat-gala-meble","9":"first","10":"instock","11":"purchasable","12":"product-type-simple"},"_links":{"self":[{"href":"https:\/\/baldumarket.lt\/lt\/wp-json\/wp\/v2\/product\/160676","targetHints":{"allow":["GET"]}}],"collection":[{"href":"https:\/\/baldumarket.lt\/lt\/wp-json\/wp\/v2\/product"}],"about":[{"href":"https:\/\/baldumarket.lt\/lt\/wp-json\/wp\/v2\/types\/product"}],"replies":[{"embeddable":true,"href":"https:\/\/baldumarket.lt\/lt\/wp-json\/wp\/v2\/comments?post=160676"}],"wp:featuredmedia":[{"embeddable":true,"href":"https:\/\/baldumarket.lt\/lt\/wp-json\/wp\/v2\/media\/160677"}],"wp:attachment":[{"href":"https:\/\/baldumarket.lt\/lt\/wp-json\/wp\/v2\/media?parent=160676"}],"wp:term":[{"taxonomy":"product_brand","embeddable":true,"href":"https:\/\/baldumarket.lt\/lt\/wp-json\/wp\/v2\/product_brand?post=160676"},{"taxonomy":"product_cat","embeddable":true,"href":"https:\/\/baldumarket.lt\/lt\/wp-json\/wp\/v2\/product_cat?post=160676"},{"taxonomy":"product_tag","embeddable":true,"href":"https:\/\/baldumarket.lt\/lt\/wp-json\/wp\/v2\/product_tag?post=160676"}],"curies":[{"name":"wp","href":"https:\/\/api.w.org\/{rel}","templated":true}]}}