{"id":160671,"date":"2025-12-19T01:18:42","date_gmt":"2025-12-18T22:18:42","guid":{"rendered":"https:\/\/baldumarket.lt\/product\/szafka-kuchenna-dolna-1-drzwiowa-d60-p-l-linea-grey-szary-mat\/"},"modified":"2026-02-18T11:35:37","modified_gmt":"2026-02-18T08:35:37","slug":"szafka-kuchenna-dolna-1-drzwiowa-d60-p-l-linea-grey-szary-mat","status":"publish","type":"product","link":"https:\/\/baldumarket.lt\/lt\/product\/szafka-kuchenna-dolna-1-drzwiowa-d60-p-l-linea-grey-szary-mat\/","title":{"rendered":"Apatin\u0117 virtuv\u0117s spintel\u0117, 1 dur\u0173, D60, pilkai matin\u0117, Linea"},"content":{"rendered":"<p>Suteikite savo virtuvei modernaus elegancijos su vien\u0173 dureli\u0173 apatine virtuv\u0117s spintele D60 i\u0161 \u201eLinea Grey\u201c kolekcijos, kurioje dera unikalus dizainas ir i\u0161skirtinis funkcionalumas. Subtilus pilkas blizgesys priekin\u0117je pus\u0117je \u2013 puikus b\u016bdas suteikti interjerui gaivumo, i\u0161laikant minimalistin\u0119 estetik\u0105, kuri puikiai atitinka dabartines tendencijas. Apgalvotas \u0161ios spintel\u0117s dizainas leid\u017eia maksimaliai i\u0161naudoti erdv\u0119. D\u0117l tinkamo plo\u010dio, auk\u0161\u010dio ir gylio ji tampa puikia vieta laikyti tiek kasdienius daiktus, tiek re\u010diau naudojamus daiktus, kuriuos verta tur\u0117ti po ranka. Pagaminta i\u0161 MDF ir laminuotos plok\u0161t\u0117s, ji garantuoja patvarum\u0105 ir atsparum\u0105 kasdieniam naudojimui. Spintel\u0119 D60 Linea Grey i\u0161skiria ne tik jos i\u0161vaizda, bet ir sumaniai suprojektuotos savyb\u0117s, tokios kaip savaime u\u017esidarantys vyriai, kurie u\u017etikrina tyl\u0173 ir skland\u0173 dureli\u0173 u\u017edarym\u0105. Tai puikus sprendimas tiems, kurie vertina patogum\u0105 ir modernias virtuv\u0117s technologijas. Be to, reguliuojamos kojel\u0117s leid\u017eia reguliuoti spintel\u0117s auk\u0161t\u012f pagal individualius poreikius, o tai ypa\u010d svarbu ant nelygi\u0173 grind\u0173.<\/p>","protected":false},"excerpt":{"rendered":"<p>Plotis (cm): 60<br \/>\n\u016agis (cm): 82<br \/>\nGylis (cm): 47<\/p>","protected":false},"featured_media":160672,"comment_status":"open","ping_status":"open","template":"","meta":[],"product_brand":[],"product_cat":[9446,4106],"product_tag":[],"class_list":{"0":"post-160671","1":"product","2":"type-product","3":"status-publish","4":"has-post-thumbnail","6":"product_cat-kitchen-system-linea-white","7":"product_cat-gala-meble","9":"first","10":"instock","11":"purchasable","12":"product-type-simple"},"_links":{"self":[{"href":"https:\/\/baldumarket.lt\/lt\/wp-json\/wp\/v2\/product\/160671","targetHints":{"allow":["GET"]}}],"collection":[{"href":"https:\/\/baldumarket.lt\/lt\/wp-json\/wp\/v2\/product"}],"about":[{"href":"https:\/\/baldumarket.lt\/lt\/wp-json\/wp\/v2\/types\/product"}],"replies":[{"embeddable":true,"href":"https:\/\/baldumarket.lt\/lt\/wp-json\/wp\/v2\/comments?post=160671"}],"wp:featuredmedia":[{"embeddable":true,"href":"https:\/\/baldumarket.lt\/lt\/wp-json\/wp\/v2\/media\/160672"}],"wp:attachment":[{"href":"https:\/\/baldumarket.lt\/lt\/wp-json\/wp\/v2\/media?parent=160671"}],"wp:term":[{"taxonomy":"product_brand","embeddable":true,"href":"https:\/\/baldumarket.lt\/lt\/wp-json\/wp\/v2\/product_brand?post=160671"},{"taxonomy":"product_cat","embeddable":true,"href":"https:\/\/baldumarket.lt\/lt\/wp-json\/wp\/v2\/product_cat?post=160671"},{"taxonomy":"product_tag","embeddable":true,"href":"https:\/\/baldumarket.lt\/lt\/wp-json\/wp\/v2\/product_tag?post=160671"}],"curies":[{"name":"wp","href":"https:\/\/api.w.org\/{rel}","templated":true}]}}