{"id":160666,"date":"2025-12-19T01:18:32","date_gmt":"2025-12-18T22:18:32","guid":{"rendered":"https:\/\/baldumarket.lt\/product\/szafka-kuchenna-dolna-1-drzwiowa-d60-p-l-linea-white-bialy-mat\/"},"modified":"2026-02-18T11:35:37","modified_gmt":"2026-02-18T08:35:37","slug":"szafka-kuchenna-dolna-1-drzwiowa-d60-p-l-linea-white-bialy-mat","status":"publish","type":"product","link":"https:\/\/baldumarket.lt\/lt\/product\/szafka-kuchenna-dolna-1-drzwiowa-d60-p-l-linea-white-bialy-mat\/","title":{"rendered":"Apatin\u0117 virtuv\u0117s spintel\u0117, 1 dur\u0173, D60-P\/L, \u201eLinea White Matte White\u201c"},"content":{"rendered":"<p>\u201eLinea White D60-P\/L\u201c matin\u0117s baltos spalvos apatin\u0117 virtuv\u0117s spintel\u0117 \u2013 tai tikras estetikos ir funkcionalumo derinys, suteikiantis j\u016bs\u0173 virtuvei modern\u0173 ir eleganti\u0161k\u0105 vaizd\u0105. D\u0117l tra\u0161kios, matin\u0117s apdailos \u0161i spintel\u0117 puikiai tinka minimalistiniam ir skandinavi\u0161kam interjerui, suteikdama jai lengvumo ir erdvumo. Balta priekin\u0117 dalis ir korpusas dera su visomis virtuv\u0117s dekoracij\u0173 ir prietais\u0173 spalvomis, sukurdami darni\u0105 visum\u0105. Priekin\u0117 dalis, pagaminta i\u0161 patvarios MDF plok\u0161t\u0117s su matiniu pavir\u0161iumi, pabr\u0117\u017eia auk\u0161t\u0105 \u0161ios spintel\u0117s kokyb\u0119. Aukso spalvos metalin\u0117s ranken\u0117l\u0117s suteikia prabangos \u012fsp\u016bd\u012f ir yra patogus bei prakti\u0161kas elementas kasdieniam naudojimui. B\u016btent smulkios detal\u0117s, tokios kaip ranken\u0117l\u0117s, daro \u0161\u012f bald\u0105 unikaliu ir originaliu. \u201eLinea White\u201c spintel\u0117s funkcionalumas taip pat yra jos stiprioji pus\u0117. D\u0117l tyli\u0173, savaime u\u017esidaran\u010di\u0173 vyri\u0173 dureli\u0173 atidarymas ir u\u017edarymas tampa patogus ir tylus. Reguliuojamos kojel\u0117s leid\u017eia idealiai priderinti spintel\u0117s auk\u0161t\u012f prie likusios virtuv\u0117s dalies, u\u017etikrinant naudojimo komfort\u0105 ir esteti\u0161k\u0105 i\u0161vaizd\u0105.<\/p>","protected":false},"excerpt":{"rendered":"<p>Plotis (cm): 60<br \/>\n\u016agis (cm): 82<br \/>\nGylis (cm): 47<\/p>","protected":false},"featured_media":160667,"comment_status":"open","ping_status":"open","template":"","meta":[],"product_brand":[],"product_cat":[9446,4106],"product_tag":[],"class_list":{"0":"post-160666","1":"product","2":"type-product","3":"status-publish","4":"has-post-thumbnail","6":"product_cat-kitchen-system-linea-white","7":"product_cat-gala-meble","9":"first","10":"instock","11":"purchasable","12":"product-type-simple"},"_links":{"self":[{"href":"https:\/\/baldumarket.lt\/lt\/wp-json\/wp\/v2\/product\/160666","targetHints":{"allow":["GET"]}}],"collection":[{"href":"https:\/\/baldumarket.lt\/lt\/wp-json\/wp\/v2\/product"}],"about":[{"href":"https:\/\/baldumarket.lt\/lt\/wp-json\/wp\/v2\/types\/product"}],"replies":[{"embeddable":true,"href":"https:\/\/baldumarket.lt\/lt\/wp-json\/wp\/v2\/comments?post=160666"}],"wp:featuredmedia":[{"embeddable":true,"href":"https:\/\/baldumarket.lt\/lt\/wp-json\/wp\/v2\/media\/160667"}],"wp:attachment":[{"href":"https:\/\/baldumarket.lt\/lt\/wp-json\/wp\/v2\/media?parent=160666"}],"wp:term":[{"taxonomy":"product_brand","embeddable":true,"href":"https:\/\/baldumarket.lt\/lt\/wp-json\/wp\/v2\/product_brand?post=160666"},{"taxonomy":"product_cat","embeddable":true,"href":"https:\/\/baldumarket.lt\/lt\/wp-json\/wp\/v2\/product_cat?post=160666"},{"taxonomy":"product_tag","embeddable":true,"href":"https:\/\/baldumarket.lt\/lt\/wp-json\/wp\/v2\/product_tag?post=160666"}],"curies":[{"name":"wp","href":"https:\/\/api.w.org\/{rel}","templated":true}]}}